{"id":32243,"date":"2025-12-04T16:09:20","date_gmt":"2025-12-04T13:09:20","guid":{"rendered":"https:\/\/www.argivit.com\/urun\/argivit-classic-sase\/"},"modified":"2025-12-04T16:09:20","modified_gmt":"2025-12-04T13:09:20","slug":"argivit-classic-sase","status":"publish","type":"product","link":"https:\/\/www.argivit.com\/ar\/urun\/argivit-classic-sase\/","title":{"rendered":"Argivit Classic Sa\u015fe"},"content":{"rendered":"<h2>Argivit Classic Sa\u015fe Nedir?<\/h2>\n<p>Argivit Classic Sa\u015fe, vitamin ve mineraller i\u00e7eren bir takviye edici g\u0131dad\u0131r. \u0130\u00e7eri\u011findeki vitamin ve mineraller normal v\u00fccut fonksiyonlar\u0131n\u0131n korunmas\u0131na katk\u0131da bulunur. \u0130\u00e7eri\u011findeki;<\/p>\n<p><strong>A Vitamini, C Vitamini, D Vitamini, B6 Vitamini, B12 Vitamini, Folik Asit, \u00c7inko, Selenyum ve Bak\u0131r,<\/strong><\/p>\n<ul>\n<li>Ba\u011f\u0131\u015f\u0131kl\u0131k sisteminin normal fonksiyonuna yard\u0131mc\u0131 olur.<\/li>\n<\/ul>\n<p><strong>D Vitamini, Kalsiyum ve Magnezyum,<\/strong><\/p>\n<ul>\n<li>Normal kas fonksiyonuna katk\u0131da bulunur.<\/li>\n<\/ul>\n<p><strong>D Vitamini, Kalsiyum, Magnezyum, \u00c7inko ve Mangan,<\/strong><\/p>\n<ul>\n<li>Normal kemiklerin korunmas\u0131n\u0131 destekler.<\/li>\n<\/ul>\n<p><strong>D Vitamini, Kalsiyum ve Magnezyum,<\/strong><\/p>\n<ul>\n<li>Normal di\u015flerin korunmas\u0131 i\u00e7in gereklidir.<\/li>\n<\/ul>\n<p><strong>D Vitamini, <\/strong><\/p>\n<ul>\n<li>Kalsiyumun ve fosforun normal emiliminde\/kullan\u0131m\u0131nda ve normal kan kalsiyum d\u00fczeyinde rol oynar.<\/li>\n<li>H\u00fccre b\u00f6l\u00fcnmesinde ve \u00f6zelle\u015fmesi s\u00fcrecinde g\u00f6revi vard\u0131r.<\/li>\n<\/ul>\n<p><strong>Kalsiyum,<\/strong><\/p>\n<ul>\n<li>Normal sinir iletimine katk\u0131da bulunur.<\/li>\n<li>Sindirim enzimlerinin normal fonksiyonuna katk\u0131da bulunur.<\/li>\n<\/ul>\n<p><strong>\u0130yot,<\/strong><\/p>\n<ul>\n<li>Tiroid hormonlar\u0131n\u0131n normal \u00fcretiminde rol oynar.<\/li>\n<\/ul>\n<p><strong>A Vitamini, B2 Vitamini ve \u00c7inko,<\/strong><\/p>\n<ul>\n<li>Normal g\u00f6rme yetisinin korunmas\u0131na yard\u0131mc\u0131 olur.<\/li>\n<\/ul>\n<p><strong>C Vitamini, B1 Vitamini, B2 Vitamini, B6 Vitamini, B12 Vitamini, Niasin, Pantotenik Asit, Biotin, Mangan, Kalsiyum, Bak\u0131r ve Magnezyum,<\/strong><\/p>\n<ul>\n<li>Normal enerji olu\u015fum metabolizmas\u0131na katk\u0131da bulunur.<\/li>\n<\/ul>\n<p><strong>C Vitamini, B2 Vitamini, B6 Vitamini, B12 Vitamini, Niasin, Pantotenik Asit, Folik Asit ve Magnezyum,<\/strong><\/p>\n<ul>\n<li>Yorgunluk ve bitkinli\u011fin azalmas\u0131n\u0131 destekler.<\/li>\n<\/ul>\n<p><strong>C Vitamini, B1 Vitamini, B2 Vitamini, B6 Vitamini, B12 Vitamini, Niasin, Biotin, \u0130yot, Bak\u0131r ve Magnezyum,<\/strong><\/p>\n<ul>\n<li>Sinir sisteminin normal i\u015fleyi\u015fine yard\u0131mc\u0131 olur.<\/li>\n<\/ul>\n<p><strong>\u0130yot ve Selenyum,<\/strong><\/p>\n<ul>\n<li>Normal tiroid fonksiyonunu destekler.<\/li>\n<\/ul>\n<p><strong>A Vitamini,<\/strong><\/p>\n<ul>\n<li>Normal demir metabolizmas\u0131nda rol oynar.<\/li>\n<li>H\u00fccre \u00f6zelle\u015fmesinde g\u00f6revi vard\u0131r.<\/li>\n<\/ul>\n<p><strong>C Vitamini,<\/strong><\/p>\n<ul>\n<li>Kan damarlar\u0131n\u0131n, kemiklerin, k\u0131k\u0131rda\u011f\u0131n, di\u015flerin, di\u015f etlerinin ve cildin normal fonksiyonu i\u00e7in gerekli olan normal kollajen olu\u015fumunda rol oynar.<\/li>\n<li>Demir emilimini art\u0131r\u0131r.<\/li>\n<li>E vitamininin indirgenmi\u015f formunun yeniden olu\u015fmas\u0131na katk\u0131da bulunur.<\/li>\n<\/ul>\n<p><strong>Kalsiyum,<\/strong><\/p>\n<ul>\n<li>Normal kan p\u0131ht\u0131la\u015fmas\u0131na yard\u0131mc\u0131 olur.<\/li>\n<\/ul>\n<p><strong>Mangan,<\/strong><\/p>\n<ul>\n<li>Ba\u011f dokunun normal olu\u015fumuna katk\u0131da bulunur.<\/li>\n<\/ul>\n<p><strong>B2 Vitamini, B6 Vitamini ve B12 Vitamini,<\/strong><\/p>\n<ul>\n<li>Normal k\u0131rm\u0131z\u0131 kan h\u00fccreleri olu\u015fumunda rol oynar.<\/li>\n<\/ul>\n<p><strong>B2 Vitamini,<\/strong><\/p>\n<ul>\n<li>Demirin normal metabolizmas\u0131na katk\u0131da bulunur.<\/li>\n<\/ul>\n<p><strong>A Vitamini, B2 Vitamini, Niasin, Biotin, \u00c7inko ve \u0130yot,<\/strong><\/p>\n<ul>\n<li>Normal cildin korunmas\u0131na yard\u0131mc\u0131 olur.<\/li>\n<\/ul>\n<p><strong>A Vitamini, B2 Vitamini, Niasin ve Biotin,<\/strong><\/p>\n<ul>\n<li>Normal mukozan\u0131n korunmas\u0131n\u0131 destekler.<\/li>\n<\/ul>\n<p><strong>Biotin, \u00c7inko ve Selenyum,<\/strong><\/p>\n<ul>\n<li>Normal sa\u00e7\u0131n korunmas\u0131n\u0131 destekler.<\/li>\n<\/ul>\n<p><strong>\u00c7inko ve Selenyum,<\/strong><\/p>\n<ul>\n<li>Normal t\u0131rnaklar\u0131n korunmas\u0131nda rol oynar.<\/li>\n<\/ul>\n<p><strong>B6 Vitamini,<\/strong><\/p>\n<ul>\n<li>Hormonal aktivitenin d\u00fczenlenmesine, normal protein ve glikojen metabolizmas\u0131na katk\u0131da bulunur.<\/li>\n<li>Normal sistein sentezine katk\u0131da bulunur.<\/li>\n<\/ul>\n<p><strong>B2 Vitamini, C Vitamini, Mangan, \u00c7inko, Selenyum ve Bak\u0131r,<\/strong><\/p>\n<ul>\n<li>H\u00fccrelerin oksidatif stresten korunmas\u0131n\u0131 destekler.<\/li>\n<\/ul>\n<p><strong>B1 Vitamini,<\/strong><\/p>\n<ul>\n<li>Kalbin normal fonksiyonuna katk\u0131da bulunur.<\/li>\n<\/ul>\n<p><strong>\u00c7inko, Biotin ve Krom,<\/strong><\/p>\n<ul>\n<li>Normal makro besin \u00f6\u011feleri metabolizmas\u0131nda rol oynar.<\/li>\n<\/ul>\n<p><strong>Krom,<\/strong><\/p>\n<ul>\n<li>Normal kan glukoz d\u00fczeyinin korunmas\u0131na katk\u0131da bulunur.<\/li>\n<\/ul>\n<p><strong>B6 Vitamini, B12 Vitamini ve Folik Asit,<\/strong><\/p>\n<ul>\n<li>Normal homosistein metabolizmas\u0131n\u0131 destekler.<\/li>\n<\/ul>\n<p><strong>\u00c7inko,<\/strong><\/p>\n<ul>\n<li>Ya\u011f asitlerinin normal metabolizmas\u0131na yard\u0131mc\u0131 olur.<\/li>\n<li>Normal karbonhidrat, normal DNA ve normal protein sentezine ve A vitamininin normal metabolizmas\u0131na katk\u0131da bulunur.<\/li>\n<li>Normal asit-baz metabolizmas\u0131nda rol oynar.<\/li>\n<\/ul>\n<p><strong>B12 Vitamini, D Vitamini, Folik Asit, \u00c7inko ve Magnezyum,<\/strong><\/p>\n<ul>\n<li>H\u00fccre b\u00f6l\u00fcnmesinde g\u00f6revi vard\u0131r.<\/li>\n<\/ul>\n<p><strong>Folik Asit,<\/strong><\/p>\n<ul>\n<li>Normal aminoasit sentezine, normal kan olu\u015fumuna yard\u0131mc\u0131 olur.<\/li>\n<\/ul>\n<p><strong>Molibden,<\/strong><\/p>\n<ul>\n<li>K\u00fck\u00fcrt i\u00e7eren aminoasitlerin normal metabolizmas\u0131na yard\u0131mc\u0131 olur.<\/li>\n<\/ul>\n<p><strong>Pantotenik Asit,<\/strong><\/p>\n<ul>\n<li>Steroid hormonlar\u0131n\u0131n, D vitamininin ve baz\u0131 sinir ileticilerin normal sentezi ve metabolizmas\u0131nda rol oynar.<\/li>\n<\/ul>\n<p><strong>Bak\u0131r,<\/strong><\/p>\n<ul>\n<li>Normal ba\u011f dokular\u0131n korunmas\u0131na katk\u0131da bulunur.<\/li>\n<li>Normal sa\u00e7 ve normal cilt pigmentasyonuna yard\u0131mc\u0131 olur.<\/li>\n<li>V\u00fccutta normal demir ta\u015f\u0131nmas\u0131nda rol oynar.<\/li>\n<\/ul>\n<p><strong>Magnezyum,<\/strong><\/p>\n<ul>\n<li>Elektrolit dengesine katk\u0131da bulunur.<\/li>\n<li>\u00c7e\u015fitli ve dengeli beslenme sa\u011fl\u0131kl\u0131 ya\u015fam i\u00e7in \u00f6nemlidir.<\/li>\n<\/ul>\n<h2>Nas\u0131l Kullan\u0131l\u0131r?<\/h2>\n<p><b>Tavsiye Edilen G\u00fcnl\u00fck Al\u0131m Dozu<\/b><\/p>\n<p>Takviye edici g\u0131da olarak 4-10 ya\u015f aras\u0131 \u00e7ocuklar g\u00fcnde 1 defa 1 sa\u015feyi\u00a0 ve 11 ya\u015f ve \u00fcst\u00fc yeti\u015fkinler taraf\u0131ndan g\u00fcnde 2 defa 1\u2019er sa\u015feyi 100 ml su ile kar\u0131\u015ft\u0131r\u0131larak t\u00fcketilmesi tavsiye edilir.<\/p>\n<p><strong>Muhafaza Ko\u015fullar\u0131<\/strong><\/p>\n<p>25\u00b0C\u2019nin alt\u0131ndaki oda s\u0131cakl\u0131\u011f\u0131nda, nemden ve g\u00fcne\u015f \u0131\u015f\u0131\u011f\u0131ndan koruyarak saklay\u0131n\u0131z.<\/p>\n<h2>Uyar\u0131lar<\/h2>\n<ul>\n<li><strong>\u0130la\u00e7 de\u011fildir.<\/strong><\/li>\n<li>Hastal\u0131klar\u0131n \u00f6nlenmesi veya tedavi edilmesi amac\u0131yla kullan\u0131lmaz.<\/li>\n<li>Takviye edici g\u0131dalar normal beslenmenin yerine ge\u00e7emez.<\/li>\n<li>Tavsiye edilen g\u00fcnl\u00fck kullan\u0131m miktar\u0131n\u0131 a\u015fmay\u0131n.<\/li>\n<li>\u00c7ocuklar\u0131n ula\u015famayaca\u011f\u0131 yerde saklay\u0131n.<\/li>\n<li>Hamilelik ve emzirme d\u00f6nemi ile hastal\u0131k veya ila\u00e7 kullan\u0131lmas\u0131 durumlar\u0131nda doktorunuza dan\u0131\u015f\u0131n.<\/li>\n<\/ul>\n<p><b>Dengeli ve \u00e7e\u015fitli beslenme sa\u011fl\u0131kl\u0131 ya\u015fam i\u00e7in \u00f6nemlidir.<\/b><\/p>\n","protected":false},"excerpt":{"rendered":"<p>Fosfotidilserin, L-Arjinin, Multivitamin ve Multimineral \u0130\u00e7eren Takviye Edici G\u0131da<\/p>\n","protected":false},"featured_media":32244,"template":"","meta":[],"product_cat":[166,167,168],"product_tag":[],"class_list":{"0":"post-32243","1":"product","2":"type-product","3":"status-publish","4":"has-post-thumbnail","6":"product_brand-argivit","7":"product_cat-bagisikliga-destek","8":"product_cat-cocuklarda-buyume-ve-gelisim","9":"product_cat-vitamin-ve-mineraller","11":"first","12":"instock","13":"shipping-taxable","14":"product-type-external"},"yoast_head":"<!-- This site is optimized with the Yoast SEO Premium plugin v27.0 (Yoast SEO v27.0) - https:\/\/yoast.com\/product\/yoast-seo-premium-wordpress\/ -->\n<title>Argivit Classic Sa\u015fe | Argivit<\/title>\n<meta name=\"robots\" content=\"index, follow, max-snippet:-1, max-image-preview:large, max-video-preview:-1\" \/>\n<link rel=\"canonical\" href=\"https:\/\/www.argivit.com\/ar\/urun\/argivit-classic-sase\/\" \/>\n<meta property=\"og:locale\" content=\"ar_AR\" \/>\n<meta property=\"og:type\" content=\"article\" \/>\n<meta property=\"og:title\" content=\"Argivit Classic Sa\u015fe\" \/>\n<meta property=\"og:description\" content=\"Fosfotidilserin, L-Arjinin, Multivitamin ve Multimineral \u0130\u00e7eren Takviye Edici G\u0131da\" \/>\n<meta property=\"og:url\" content=\"https:\/\/www.argivit.com\/ar\/urun\/argivit-classic-sase\/\" \/>\n<meta property=\"og:site_name\" content=\"Argivit\" \/>\n<meta property=\"article:publisher\" content=\"https:\/\/www.facebook.com\/argivit\" \/>\n<meta property=\"og:image\" content=\"https:\/\/www.argivit.com\/wp-content\/uploads\/argivit-logo.webp\" \/>\n\t<meta property=\"og:image:width\" content=\"1200\" \/>\n\t<meta property=\"og:image:height\" content=\"675\" \/>\n\t<meta property=\"og:image:type\" content=\"image\/webp\" \/>\n<meta name=\"twitter:card\" content=\"summary_large_image\" \/>\n<meta name=\"twitter:site\" content=\"@argivit\" \/>\n<script type=\"application\/ld+json\" class=\"yoast-schema-graph\">{\"@context\":\"https:\/\/schema.org\",\"@graph\":[{\"@type\":\"WebPage\",\"@id\":\"https:\/\/www.argivit.com\/ar\/urun\/argivit-classic-sase\/\",\"url\":\"https:\/\/www.argivit.com\/ar\/urun\/argivit-classic-sase\/\",\"name\":\"Argivit Classic Sa\u015fe | Argivit\",\"isPartOf\":{\"@id\":\"https:\/\/www.argivit.com\/ar\/#website\"},\"primaryImageOfPage\":{\"@id\":\"https:\/\/www.argivit.com\/ar\/urun\/argivit-classic-sase\/#primaryimage\"},\"image\":{\"@id\":\"https:\/\/www.argivit.com\/ar\/urun\/argivit-classic-sase\/#primaryimage\"},\"thumbnailUrl\":\"https:\/\/www.argivit.com\/wp-content\/uploads\/argivit-classic-sase.webp\",\"datePublished\":\"2025-12-04T13:09:20+00:00\",\"breadcrumb\":{\"@id\":\"https:\/\/www.argivit.com\/ar\/urun\/argivit-classic-sase\/#breadcrumb\"},\"inLanguage\":\"ar\",\"potentialAction\":[{\"@type\":\"ReadAction\",\"target\":[\"https:\/\/www.argivit.com\/ar\/urun\/argivit-classic-sase\/\"]}]},{\"@type\":\"ImageObject\",\"inLanguage\":\"ar\",\"@id\":\"https:\/\/www.argivit.com\/ar\/urun\/argivit-classic-sase\/#primaryimage\",\"url\":\"https:\/\/www.argivit.com\/wp-content\/uploads\/argivit-classic-sase.webp\",\"contentUrl\":\"https:\/\/www.argivit.com\/wp-content\/uploads\/argivit-classic-sase.webp\",\"width\":800,\"height\":900,\"caption\":\"Argivit Classic Sa\u015fe - Fosfotidilserin, L-Arjinin, Multivitamin ve Multimineral \u0130\u00e7eren Takviye Edici G\u0131da\"},{\"@type\":\"BreadcrumbList\",\"@id\":\"https:\/\/www.argivit.com\/ar\/urun\/argivit-classic-sase\/#breadcrumb\",\"itemListElement\":[{\"@type\":\"ListItem\",\"position\":1,\"name\":\"Ana Sayfa\",\"item\":\"https:\/\/www.argivit.com\/ar\/\"},{\"@type\":\"ListItem\",\"position\":2,\"name\":\"\u00dcr\u00fcnler\",\"item\":\"https:\/\/www.argivit.com\/urunler\/\"},{\"@type\":\"ListItem\",\"position\":3,\"name\":\"Argivit Classic Sa\u015fe\"}]},{\"@type\":\"WebSite\",\"@id\":\"https:\/\/www.argivit.com\/ar\/#website\",\"url\":\"https:\/\/www.argivit.com\/ar\/\",\"name\":\"Argivit\",\"description\":\"Hep \u0130leri Git\",\"publisher\":{\"@id\":\"https:\/\/www.argivit.com\/ar\/#organization\"},\"potentialAction\":[{\"@type\":\"SearchAction\",\"target\":{\"@type\":\"EntryPoint\",\"urlTemplate\":\"https:\/\/www.argivit.com\/ar\/?s={search_term_string}\"},\"query-input\":{\"@type\":\"PropertyValueSpecification\",\"valueRequired\":true,\"valueName\":\"search_term_string\"}}],\"inLanguage\":\"ar\"},{\"@type\":\"Organization\",\"@id\":\"https:\/\/www.argivit.com\/ar\/#organization\",\"name\":\"Argivit\",\"url\":\"https:\/\/www.argivit.com\/ar\/\",\"logo\":{\"@type\":\"ImageObject\",\"inLanguage\":\"ar\",\"@id\":\"https:\/\/www.argivit.com\/ar\/#\/schema\/logo\/image\/\",\"url\":\"https:\/\/www.argivit.com\/wp-content\/uploads\/argivit-logo.webp\",\"contentUrl\":\"https:\/\/www.argivit.com\/wp-content\/uploads\/argivit-logo.webp\",\"width\":1200,\"height\":675,\"caption\":\"Argivit\"},\"image\":{\"@id\":\"https:\/\/www.argivit.com\/ar\/#\/schema\/logo\/image\/\"},\"sameAs\":[\"https:\/\/www.facebook.com\/argivit\",\"https:\/\/x.com\/argivit\",\"https:\/\/www.instagram.com\/argivit\",\"https:\/\/www.linkedin.com\/company\/hekimilac\"],\"description\":\"Argivit olarak, Hekim \u0130la\u00e7 g\u00fcvencesiyle sa\u011fl\u0131kl\u0131 ve dengeli bir ya\u015fam s\u00fcrd\u00fcrmek isteyen herkes i\u00e7in bilimsel temellere dayal\u0131, g\u00fcvenilir ve etkili g\u0131da takviyeleri sunuyoruz. V\u00fccudun ihtiya\u00e7 duydu\u011fu vitamin, mineral ve besin desteklerini en y\u00fcksek kalite standartlar\u0131nda sizlere ula\u015ft\u0131r\u0131yoruz. \u00dcr\u00fcnlerimiz, \u00e7ocuklardan yeti\u015fkinlere kadar her ya\u015f grubunun gereksinimlerine uygun olarak form\u00fcle edilmi\u015ftir.\",\"email\":\"info@argivit.com\"}]}<\/script>\n<!-- \/ Yoast SEO Premium plugin. -->","yoast_head_json":{"title":"Argivit Classic Sa\u015fe | Argivit","robots":{"index":"index","follow":"follow","max-snippet":"max-snippet:-1","max-image-preview":"max-image-preview:large","max-video-preview":"max-video-preview:-1"},"canonical":"https:\/\/www.argivit.com\/ar\/urun\/argivit-classic-sase\/","og_locale":"ar_AR","og_type":"article","og_title":"Argivit Classic Sa\u015fe","og_description":"Fosfotidilserin, L-Arjinin, Multivitamin ve Multimineral \u0130\u00e7eren Takviye Edici G\u0131da","og_url":"https:\/\/www.argivit.com\/ar\/urun\/argivit-classic-sase\/","og_site_name":"Argivit","article_publisher":"https:\/\/www.facebook.com\/argivit","og_image":[{"width":1200,"height":675,"url":"https:\/\/www.argivit.com\/wp-content\/uploads\/argivit-logo.webp","type":"image\/webp"}],"twitter_card":"summary_large_image","twitter_site":"@argivit","schema":{"@context":"https:\/\/schema.org","@graph":[{"@type":"WebPage","@id":"https:\/\/www.argivit.com\/ar\/urun\/argivit-classic-sase\/","url":"https:\/\/www.argivit.com\/ar\/urun\/argivit-classic-sase\/","name":"Argivit Classic Sa\u015fe | Argivit","isPartOf":{"@id":"https:\/\/www.argivit.com\/ar\/#website"},"primaryImageOfPage":{"@id":"https:\/\/www.argivit.com\/ar\/urun\/argivit-classic-sase\/#primaryimage"},"image":{"@id":"https:\/\/www.argivit.com\/ar\/urun\/argivit-classic-sase\/#primaryimage"},"thumbnailUrl":"https:\/\/www.argivit.com\/wp-content\/uploads\/argivit-classic-sase.webp","datePublished":"2025-12-04T13:09:20+00:00","breadcrumb":{"@id":"https:\/\/www.argivit.com\/ar\/urun\/argivit-classic-sase\/#breadcrumb"},"inLanguage":"ar","potentialAction":[{"@type":"ReadAction","target":["https:\/\/www.argivit.com\/ar\/urun\/argivit-classic-sase\/"]}]},{"@type":"ImageObject","inLanguage":"ar","@id":"https:\/\/www.argivit.com\/ar\/urun\/argivit-classic-sase\/#primaryimage","url":"https:\/\/www.argivit.com\/wp-content\/uploads\/argivit-classic-sase.webp","contentUrl":"https:\/\/www.argivit.com\/wp-content\/uploads\/argivit-classic-sase.webp","width":800,"height":900,"caption":"Argivit Classic Sa\u015fe - Fosfotidilserin, L-Arjinin, Multivitamin ve Multimineral \u0130\u00e7eren Takviye Edici G\u0131da"},{"@type":"BreadcrumbList","@id":"https:\/\/www.argivit.com\/ar\/urun\/argivit-classic-sase\/#breadcrumb","itemListElement":[{"@type":"ListItem","position":1,"name":"Ana Sayfa","item":"https:\/\/www.argivit.com\/ar\/"},{"@type":"ListItem","position":2,"name":"\u00dcr\u00fcnler","item":"https:\/\/www.argivit.com\/urunler\/"},{"@type":"ListItem","position":3,"name":"Argivit Classic Sa\u015fe"}]},{"@type":"WebSite","@id":"https:\/\/www.argivit.com\/ar\/#website","url":"https:\/\/www.argivit.com\/ar\/","name":"Argivit","description":"Hep \u0130leri Git","publisher":{"@id":"https:\/\/www.argivit.com\/ar\/#organization"},"potentialAction":[{"@type":"SearchAction","target":{"@type":"EntryPoint","urlTemplate":"https:\/\/www.argivit.com\/ar\/?s={search_term_string}"},"query-input":{"@type":"PropertyValueSpecification","valueRequired":true,"valueName":"search_term_string"}}],"inLanguage":"ar"},{"@type":"Organization","@id":"https:\/\/www.argivit.com\/ar\/#organization","name":"Argivit","url":"https:\/\/www.argivit.com\/ar\/","logo":{"@type":"ImageObject","inLanguage":"ar","@id":"https:\/\/www.argivit.com\/ar\/#\/schema\/logo\/image\/","url":"https:\/\/www.argivit.com\/wp-content\/uploads\/argivit-logo.webp","contentUrl":"https:\/\/www.argivit.com\/wp-content\/uploads\/argivit-logo.webp","width":1200,"height":675,"caption":"Argivit"},"image":{"@id":"https:\/\/www.argivit.com\/ar\/#\/schema\/logo\/image\/"},"sameAs":["https:\/\/www.facebook.com\/argivit","https:\/\/x.com\/argivit","https:\/\/www.instagram.com\/argivit","https:\/\/www.linkedin.com\/company\/hekimilac"],"description":"Argivit olarak, Hekim \u0130la\u00e7 g\u00fcvencesiyle sa\u011fl\u0131kl\u0131 ve dengeli bir ya\u015fam s\u00fcrd\u00fcrmek isteyen herkes i\u00e7in bilimsel temellere dayal\u0131, g\u00fcvenilir ve etkili g\u0131da takviyeleri sunuyoruz. V\u00fccudun ihtiya\u00e7 duydu\u011fu vitamin, mineral ve besin desteklerini en y\u00fcksek kalite standartlar\u0131nda sizlere ula\u015ft\u0131r\u0131yoruz. \u00dcr\u00fcnlerimiz, \u00e7ocuklardan yeti\u015fkinlere kadar her ya\u015f grubunun gereksinimlerine uygun olarak form\u00fcle edilmi\u015ftir.","email":"info@argivit.com"}]}},"_links":{"self":[{"href":"https:\/\/www.argivit.com\/ar\/wp-json\/wp\/v2\/product\/32243","targetHints":{"allow":["GET"]}}],"collection":[{"href":"https:\/\/www.argivit.com\/ar\/wp-json\/wp\/v2\/product"}],"about":[{"href":"https:\/\/www.argivit.com\/ar\/wp-json\/wp\/v2\/types\/product"}],"wp:featuredmedia":[{"embeddable":true,"href":"https:\/\/www.argivit.com\/ar\/wp-json\/wp\/v2\/media\/32244"}],"wp:attachment":[{"href":"https:\/\/www.argivit.com\/ar\/wp-json\/wp\/v2\/media?parent=32243"}],"wp:term":[{"taxonomy":"product_cat","embeddable":true,"href":"https:\/\/www.argivit.com\/ar\/wp-json\/wp\/v2\/product_cat?post=32243"},{"taxonomy":"product_tag","embeddable":true,"href":"https:\/\/www.argivit.com\/ar\/wp-json\/wp\/v2\/product_tag?post=32243"}],"curies":[{"name":"wp","href":"https:\/\/api.w.org\/{rel}","templated":true}]}}