{"id":32255,"date":"2025-10-06T17:41:01","date_gmt":"2025-10-06T14:41:01","guid":{"rendered":"https:\/\/www.argivit.com\/urun\/argivit-immun-c-tablet\/"},"modified":"2025-10-06T17:41:01","modified_gmt":"2025-10-06T14:41:01","slug":"argivit-immun-c-tablet","status":"publish","type":"product","link":"https:\/\/www.argivit.com\/ar\/urun\/argivit-immun-c-tablet\/","title":{"rendered":"Argivit Immun C Tablet"},"content":{"rendered":"<h2>Argivit Immun C Tablet Nedir?<\/h2>\n<p>Argivit Immun C Tablet, Laktoferrin, Kuersetin, Kara M\u00fcrver, C Vitamini, \u00c7inko ve Selenyum&#8217;dan olu\u015fan i\u00e7eri\u011fi, kolay yutulabilir tablet formunda sunar. \u0130\u00e7erdi\u011fi C Vitamini, \u00c7inko ve Selenyum ile ba\u011f\u0131\u015f\u0131kl\u0131k sisteminizin normal fonksiyonuna katk\u0131da bulunur.<\/p>\n<p>\u0130\u00e7eri\u011findeki;<\/p>\n<p><strong>C Vitamini, \u00c7inko ve Selenyum,\u00a0<\/strong><\/p>\n<ul>\n<li>Ba\u011f\u0131\u015f\u0131kl\u0131k sisteminin normal fonksiyonunu destekler.<\/li>\n<li>H\u00fccrelerin oksidatif stresten korunmas\u0131na yard\u0131mc\u0131 olur.<\/li>\n<\/ul>\n<p><strong>C Vitamini,\u00a0<\/strong><\/p>\n<ul>\n<li>Yorgunluk ve bitkinli\u011fin azalmas\u0131na ve normal enerji olu\u015fum metabolizmas\u0131na yard\u0131mc\u0131 olur.<\/li>\n<li>Sinir sisteminin normal i\u015fleyi\u015fine katk\u0131da bulunur.<\/li>\n<li>Demir emiliminin artt\u0131r\u0131lmas\u0131nda rol oynar.<\/li>\n<\/ul>\n<p><strong>\u00c7inko, \u00a0<\/strong><\/p>\n<ul>\n<li>Normal g\u00f6rme yetisinin ve normal kemiklerin korunmas\u0131na yard\u0131mc\u0131 olur.<\/li>\n<li>Normal makro besin \u00f6\u011feleri metabolizmas\u0131nda rol oynar.<\/li>\n<li>Ya\u011f asitlerinin normal metabolizmas\u0131n\u0131 destekler.<\/li>\n<li>Normal karbonhidrat, normal DNA ve normal protein sentezine yard\u0131mc\u0131 olur.<\/li>\n<li>A vitamininin normal metabolizmas\u0131na katk\u0131da bulunur.<\/li>\n<\/ul>\n<p><em>*T\u00fcrk G\u0131da Kodeksi G\u0131da ve Takviye Edici G\u0131dalarda Sa\u011fl\u0131k Beyan\u0131 Kullan\u0131m\u0131 Hakk\u0131nda Y\u00f6netmelik<\/em><\/p>\n<h2>Nas\u0131l Kullan\u0131l\u0131r?<\/h2>\n<p><b>Tavsiye Edilen G\u00fcnl\u00fck Kullan\u0131m Miktar\u0131<\/b><\/p>\n<p>11 ya\u015f ve \u00fczeri yeti\u015fkinler i\u00e7in g\u00fcnde 1 tablet t\u00fcketilmesi tavsiye edilmektedir.<\/p>\n<p><strong>Muhafaza Ko\u015fullar\u0131<\/strong><\/p>\n<ul>\n<li>25\u00b0C\u2019nin alt\u0131ndaki oda s\u0131cakl\u0131\u011f\u0131nda, nemden ve g\u00fcne\u015f \u0131\u015f\u0131\u011f\u0131ndan koruyarak saklay\u0131n\u0131z.<\/li>\n<li>A\u00e7\u0131ld\u0131ktan sonra alt\u0131 ay i\u00e7erisinde t\u00fcketilmesi \u00f6nerilmektedir.<\/li>\n<\/ul>\n<h2>Uyar\u0131lar<\/h2>\n<ul>\n<li><strong>\u0130la\u00e7 de\u011fildir.<\/strong><\/li>\n<li>Hastal\u0131klar\u0131n \u00f6nlenmesi veya tedavi edilmesi amac\u0131yla kullan\u0131lmaz.<\/li>\n<li>Takviye edici g\u0131dalar normal beslenmenin yerine ge\u00e7emez.<\/li>\n<li>Tavsiye edilen g\u00fcnl\u00fck kullan\u0131m miktar\u0131n\u0131 a\u015fmay\u0131n.<\/li>\n<li>\u00c7ocuklar\u0131n ula\u015famayaca\u011f\u0131 yerde saklay\u0131n.<\/li>\n<li>Hamilelik ve emzirme d\u00f6nemi ile hastal\u0131k veya ila\u00e7 kullan\u0131lmas\u0131 durumlar\u0131nda doktorunuza dan\u0131\u015f\u0131n.<\/li>\n<\/ul>\n<p><b>Dengeli ve \u00e7e\u015fitli beslenme sa\u011fl\u0131kl\u0131 ya\u015fam i\u00e7in \u00f6nemlidir.<\/b><\/p>\n","protected":false},"excerpt":{"rendered":"<p>Kara M\u00fcrver Ekstresi, C Vitamini, \u00c7inko, Kuersetin, Laktoferrin ve \u00dcz\u00fcm \u00c7ekirde\u011fi \u0130\u00e7eren S\u0131v\u0131 Takviye Edici G\u0131da<\/p>\n<p><strong>Onay Numaras\u0131: <\/strong>016028-02.01.2023<\/p>\n[guven_bar]\n","protected":false},"featured_media":32256,"template":"","meta":[],"product_cat":[166,170,168],"product_tag":[],"class_list":{"0":"post-32255","1":"product","2":"type-product","3":"status-publish","4":"has-post-thumbnail","6":"product_brand-argivit","7":"product_cat-bagisikliga-destek","8":"product_cat-ust-solunuma-destek","9":"product_cat-vitamin-ve-mineraller","11":"first","12":"instock","13":"shipping-taxable","14":"product-type-external"},"yoast_head":"<!-- This site is optimized with the Yoast SEO Premium plugin v27.0 (Yoast SEO v27.0) - https:\/\/yoast.com\/product\/yoast-seo-premium-wordpress\/ -->\n<title>Argivit Immun C Tablet | Argivit<\/title>\n<meta name=\"robots\" content=\"index, follow, max-snippet:-1, max-image-preview:large, max-video-preview:-1\" \/>\n<link rel=\"canonical\" href=\"https:\/\/www.argivit.com\/ar\/urun\/argivit-immun-c-tablet\/\" \/>\n<meta property=\"og:locale\" content=\"ar_AR\" \/>\n<meta property=\"og:type\" content=\"article\" \/>\n<meta property=\"og:title\" content=\"Argivit Immun C Tablet\" \/>\n<meta property=\"og:description\" content=\"Kara M\u00fcrver Ekstresi, C Vitamini, \u00c7inko, Kuersetin, Laktoferrin ve \u00dcz\u00fcm \u00c7ekirde\u011fi \u0130\u00e7eren S\u0131v\u0131 Takviye Edici G\u0131da  Onay Numaras\u0131: 016028-02.01.2023\" \/>\n<meta property=\"og:url\" content=\"https:\/\/www.argivit.com\/ar\/urun\/argivit-immun-c-tablet\/\" \/>\n<meta property=\"og:site_name\" content=\"Argivit\" \/>\n<meta property=\"article:publisher\" content=\"https:\/\/www.facebook.com\/argivit\" \/>\n<meta property=\"og:image\" content=\"https:\/\/www.argivit.com\/wp-content\/uploads\/argivit-logo.webp\" \/>\n\t<meta property=\"og:image:width\" content=\"1200\" \/>\n\t<meta property=\"og:image:height\" content=\"675\" \/>\n\t<meta property=\"og:image:type\" content=\"image\/webp\" \/>\n<meta name=\"twitter:card\" content=\"summary_large_image\" \/>\n<meta name=\"twitter:site\" content=\"@argivit\" \/>\n<script type=\"application\/ld+json\" class=\"yoast-schema-graph\">{\"@context\":\"https:\/\/schema.org\",\"@graph\":[{\"@type\":\"WebPage\",\"@id\":\"https:\/\/www.argivit.com\/ar\/urun\/argivit-immun-c-tablet\/\",\"url\":\"https:\/\/www.argivit.com\/ar\/urun\/argivit-immun-c-tablet\/\",\"name\":\"Argivit Immun C Tablet | Argivit\",\"isPartOf\":{\"@id\":\"https:\/\/www.argivit.com\/ar\/#website\"},\"primaryImageOfPage\":{\"@id\":\"https:\/\/www.argivit.com\/ar\/urun\/argivit-immun-c-tablet\/#primaryimage\"},\"image\":{\"@id\":\"https:\/\/www.argivit.com\/ar\/urun\/argivit-immun-c-tablet\/#primaryimage\"},\"thumbnailUrl\":\"https:\/\/www.argivit.com\/wp-content\/uploads\/argivit-immun-c-tablet.webp\",\"datePublished\":\"2025-10-06T14:41:01+00:00\",\"breadcrumb\":{\"@id\":\"https:\/\/www.argivit.com\/ar\/urun\/argivit-immun-c-tablet\/#breadcrumb\"},\"inLanguage\":\"ar\",\"potentialAction\":[{\"@type\":\"ReadAction\",\"target\":[\"https:\/\/www.argivit.com\/ar\/urun\/argivit-immun-c-tablet\/\"]}]},{\"@type\":\"ImageObject\",\"inLanguage\":\"ar\",\"@id\":\"https:\/\/www.argivit.com\/ar\/urun\/argivit-immun-c-tablet\/#primaryimage\",\"url\":\"https:\/\/www.argivit.com\/wp-content\/uploads\/argivit-immun-c-tablet.webp\",\"contentUrl\":\"https:\/\/www.argivit.com\/wp-content\/uploads\/argivit-immun-c-tablet.webp\",\"width\":800,\"height\":900,\"caption\":\"Argivit Immun C Tablet - Kara M\u00fcrver Ekstresi, C Vitamini, \u00c7inko, Kuersetin, Laktoferrin ve \u00dcz\u00fcm \u00c7ekirde\u011fi \u0130\u00e7eren S\u0131v\u0131 Takviye Edici G\u0131da\"},{\"@type\":\"BreadcrumbList\",\"@id\":\"https:\/\/www.argivit.com\/ar\/urun\/argivit-immun-c-tablet\/#breadcrumb\",\"itemListElement\":[{\"@type\":\"ListItem\",\"position\":1,\"name\":\"Ana Sayfa\",\"item\":\"https:\/\/www.argivit.com\/ar\/\"},{\"@type\":\"ListItem\",\"position\":2,\"name\":\"\u00dcr\u00fcnler\",\"item\":\"https:\/\/www.argivit.com\/urunler\/\"},{\"@type\":\"ListItem\",\"position\":3,\"name\":\"Argivit Immun C Tablet\"}]},{\"@type\":\"WebSite\",\"@id\":\"https:\/\/www.argivit.com\/ar\/#website\",\"url\":\"https:\/\/www.argivit.com\/ar\/\",\"name\":\"Argivit\",\"description\":\"Hep \u0130leri Git\",\"publisher\":{\"@id\":\"https:\/\/www.argivit.com\/ar\/#organization\"},\"potentialAction\":[{\"@type\":\"SearchAction\",\"target\":{\"@type\":\"EntryPoint\",\"urlTemplate\":\"https:\/\/www.argivit.com\/ar\/?s={search_term_string}\"},\"query-input\":{\"@type\":\"PropertyValueSpecification\",\"valueRequired\":true,\"valueName\":\"search_term_string\"}}],\"inLanguage\":\"ar\"},{\"@type\":\"Organization\",\"@id\":\"https:\/\/www.argivit.com\/ar\/#organization\",\"name\":\"Argivit\",\"url\":\"https:\/\/www.argivit.com\/ar\/\",\"logo\":{\"@type\":\"ImageObject\",\"inLanguage\":\"ar\",\"@id\":\"https:\/\/www.argivit.com\/ar\/#\/schema\/logo\/image\/\",\"url\":\"https:\/\/www.argivit.com\/wp-content\/uploads\/argivit-logo.webp\",\"contentUrl\":\"https:\/\/www.argivit.com\/wp-content\/uploads\/argivit-logo.webp\",\"width\":1200,\"height\":675,\"caption\":\"Argivit\"},\"image\":{\"@id\":\"https:\/\/www.argivit.com\/ar\/#\/schema\/logo\/image\/\"},\"sameAs\":[\"https:\/\/www.facebook.com\/argivit\",\"https:\/\/x.com\/argivit\",\"https:\/\/www.instagram.com\/argivit\",\"https:\/\/www.linkedin.com\/company\/hekimilac\"],\"description\":\"Argivit olarak, Hekim \u0130la\u00e7 g\u00fcvencesiyle sa\u011fl\u0131kl\u0131 ve dengeli bir ya\u015fam s\u00fcrd\u00fcrmek isteyen herkes i\u00e7in bilimsel temellere dayal\u0131, g\u00fcvenilir ve etkili g\u0131da takviyeleri sunuyoruz. V\u00fccudun ihtiya\u00e7 duydu\u011fu vitamin, mineral ve besin desteklerini en y\u00fcksek kalite standartlar\u0131nda sizlere ula\u015ft\u0131r\u0131yoruz. \u00dcr\u00fcnlerimiz, \u00e7ocuklardan yeti\u015fkinlere kadar her ya\u015f grubunun gereksinimlerine uygun olarak form\u00fcle edilmi\u015ftir.\",\"email\":\"info@argivit.com\"}]}<\/script>\n<!-- \/ Yoast SEO Premium plugin. -->","yoast_head_json":{"title":"Argivit Immun C Tablet | Argivit","robots":{"index":"index","follow":"follow","max-snippet":"max-snippet:-1","max-image-preview":"max-image-preview:large","max-video-preview":"max-video-preview:-1"},"canonical":"https:\/\/www.argivit.com\/ar\/urun\/argivit-immun-c-tablet\/","og_locale":"ar_AR","og_type":"article","og_title":"Argivit Immun C Tablet","og_description":"Kara M\u00fcrver Ekstresi, C Vitamini, \u00c7inko, Kuersetin, Laktoferrin ve \u00dcz\u00fcm \u00c7ekirde\u011fi \u0130\u00e7eren S\u0131v\u0131 Takviye Edici G\u0131da  Onay Numaras\u0131: 016028-02.01.2023","og_url":"https:\/\/www.argivit.com\/ar\/urun\/argivit-immun-c-tablet\/","og_site_name":"Argivit","article_publisher":"https:\/\/www.facebook.com\/argivit","og_image":[{"width":1200,"height":675,"url":"https:\/\/www.argivit.com\/wp-content\/uploads\/argivit-logo.webp","type":"image\/webp"}],"twitter_card":"summary_large_image","twitter_site":"@argivit","schema":{"@context":"https:\/\/schema.org","@graph":[{"@type":"WebPage","@id":"https:\/\/www.argivit.com\/ar\/urun\/argivit-immun-c-tablet\/","url":"https:\/\/www.argivit.com\/ar\/urun\/argivit-immun-c-tablet\/","name":"Argivit Immun C Tablet | Argivit","isPartOf":{"@id":"https:\/\/www.argivit.com\/ar\/#website"},"primaryImageOfPage":{"@id":"https:\/\/www.argivit.com\/ar\/urun\/argivit-immun-c-tablet\/#primaryimage"},"image":{"@id":"https:\/\/www.argivit.com\/ar\/urun\/argivit-immun-c-tablet\/#primaryimage"},"thumbnailUrl":"https:\/\/www.argivit.com\/wp-content\/uploads\/argivit-immun-c-tablet.webp","datePublished":"2025-10-06T14:41:01+00:00","breadcrumb":{"@id":"https:\/\/www.argivit.com\/ar\/urun\/argivit-immun-c-tablet\/#breadcrumb"},"inLanguage":"ar","potentialAction":[{"@type":"ReadAction","target":["https:\/\/www.argivit.com\/ar\/urun\/argivit-immun-c-tablet\/"]}]},{"@type":"ImageObject","inLanguage":"ar","@id":"https:\/\/www.argivit.com\/ar\/urun\/argivit-immun-c-tablet\/#primaryimage","url":"https:\/\/www.argivit.com\/wp-content\/uploads\/argivit-immun-c-tablet.webp","contentUrl":"https:\/\/www.argivit.com\/wp-content\/uploads\/argivit-immun-c-tablet.webp","width":800,"height":900,"caption":"Argivit Immun C Tablet - Kara M\u00fcrver Ekstresi, C Vitamini, \u00c7inko, Kuersetin, Laktoferrin ve \u00dcz\u00fcm \u00c7ekirde\u011fi \u0130\u00e7eren S\u0131v\u0131 Takviye Edici G\u0131da"},{"@type":"BreadcrumbList","@id":"https:\/\/www.argivit.com\/ar\/urun\/argivit-immun-c-tablet\/#breadcrumb","itemListElement":[{"@type":"ListItem","position":1,"name":"Ana Sayfa","item":"https:\/\/www.argivit.com\/ar\/"},{"@type":"ListItem","position":2,"name":"\u00dcr\u00fcnler","item":"https:\/\/www.argivit.com\/urunler\/"},{"@type":"ListItem","position":3,"name":"Argivit Immun C Tablet"}]},{"@type":"WebSite","@id":"https:\/\/www.argivit.com\/ar\/#website","url":"https:\/\/www.argivit.com\/ar\/","name":"Argivit","description":"Hep \u0130leri Git","publisher":{"@id":"https:\/\/www.argivit.com\/ar\/#organization"},"potentialAction":[{"@type":"SearchAction","target":{"@type":"EntryPoint","urlTemplate":"https:\/\/www.argivit.com\/ar\/?s={search_term_string}"},"query-input":{"@type":"PropertyValueSpecification","valueRequired":true,"valueName":"search_term_string"}}],"inLanguage":"ar"},{"@type":"Organization","@id":"https:\/\/www.argivit.com\/ar\/#organization","name":"Argivit","url":"https:\/\/www.argivit.com\/ar\/","logo":{"@type":"ImageObject","inLanguage":"ar","@id":"https:\/\/www.argivit.com\/ar\/#\/schema\/logo\/image\/","url":"https:\/\/www.argivit.com\/wp-content\/uploads\/argivit-logo.webp","contentUrl":"https:\/\/www.argivit.com\/wp-content\/uploads\/argivit-logo.webp","width":1200,"height":675,"caption":"Argivit"},"image":{"@id":"https:\/\/www.argivit.com\/ar\/#\/schema\/logo\/image\/"},"sameAs":["https:\/\/www.facebook.com\/argivit","https:\/\/x.com\/argivit","https:\/\/www.instagram.com\/argivit","https:\/\/www.linkedin.com\/company\/hekimilac"],"description":"Argivit olarak, Hekim \u0130la\u00e7 g\u00fcvencesiyle sa\u011fl\u0131kl\u0131 ve dengeli bir ya\u015fam s\u00fcrd\u00fcrmek isteyen herkes i\u00e7in bilimsel temellere dayal\u0131, g\u00fcvenilir ve etkili g\u0131da takviyeleri sunuyoruz. V\u00fccudun ihtiya\u00e7 duydu\u011fu vitamin, mineral ve besin desteklerini en y\u00fcksek kalite standartlar\u0131nda sizlere ula\u015ft\u0131r\u0131yoruz. \u00dcr\u00fcnlerimiz, \u00e7ocuklardan yeti\u015fkinlere kadar her ya\u015f grubunun gereksinimlerine uygun olarak form\u00fcle edilmi\u015ftir.","email":"info@argivit.com"}]}},"_links":{"self":[{"href":"https:\/\/www.argivit.com\/ar\/wp-json\/wp\/v2\/product\/32255","targetHints":{"allow":["GET"]}}],"collection":[{"href":"https:\/\/www.argivit.com\/ar\/wp-json\/wp\/v2\/product"}],"about":[{"href":"https:\/\/www.argivit.com\/ar\/wp-json\/wp\/v2\/types\/product"}],"wp:featuredmedia":[{"embeddable":true,"href":"https:\/\/www.argivit.com\/ar\/wp-json\/wp\/v2\/media\/32256"}],"wp:attachment":[{"href":"https:\/\/www.argivit.com\/ar\/wp-json\/wp\/v2\/media?parent=32255"}],"wp:term":[{"taxonomy":"product_cat","embeddable":true,"href":"https:\/\/www.argivit.com\/ar\/wp-json\/wp\/v2\/product_cat?post=32255"},{"taxonomy":"product_tag","embeddable":true,"href":"https:\/\/www.argivit.com\/ar\/wp-json\/wp\/v2\/product_tag?post=32255"}],"curies":[{"name":"wp","href":"https:\/\/api.w.org\/{rel}","templated":true}]}}