{"id":32277,"date":"2025-10-06T17:40:58","date_gmt":"2025-10-06T14:40:58","guid":{"rendered":"https:\/\/www.argivit.com\/urun\/argivit-b12-active-plus-sprey\/"},"modified":"2026-04-15T13:50:12","modified_gmt":"2026-04-15T10:50:12","slug":"%d8%a3%d8%b1%d8%ac%d9%8a%d9%81%d9%8a%d8%aa-%d8%a8%d9%8a-12-%d8%a3%d9%83%d8%aa%d9%8a%d9%81-%d8%a8%d9%84%d8%b3-%d8%b3%d8%a8%d8%b1%d8%a7%d9%8a","status":"publish","type":"product","link":"https:\/\/www.argivit.com\/ar\/urun\/%d8%a3%d8%b1%d8%ac%d9%8a%d9%81%d9%8a%d8%aa-%d8%a8%d9%8a-12-%d8%a3%d9%83%d8%aa%d9%8a%d9%81-%d8%a8%d9%84%d8%b3-%d8%b3%d8%a8%d8%b1%d8%a7%d9%8a\/","title":{"rendered":"\u0623\u0631\u062c\u064a\u0641\u064a\u062a \u0628\u064a 12 \u0623\u0643\u062a\u064a\u0641 \u0628\u0644\u0633 \u0633\u0628\u0631\u0627\u064a"},"content":{"rendered":"<h2>\u0645\u0627 \u0647\u0648 \u0623\u0631\u062c\u064a\u0641\u064a\u062a \u0628\u064a 12 \u0623\u0643\u062a\u064a\u0641 \u0628\u0644\u0633 \u0633\u0628\u0631\u0627\u064a\u061f<\/h2>\n<p>\u064a\u0645\u0643\u0646 \u0623\u0646 \u062a\u0624\u062f\u064a \u0648\u062a\u064a\u0631\u0629 \u0627\u0644\u062d\u064a\u0627\u0629 \u0627\u0644\u062d\u062f\u064a\u062b\u0629 \u0627\u0644\u0645\u0643\u062b\u0641\u0629 \u0625\u0644\u0649 \u0627\u0644\u062a\u0639\u0628 \u0648\u0627\u0646\u062e\u0641\u0627\u0636 \u0627\u0644\u0637\u0627\u0642\u0629. \u0644\u0647\u0630\u0627 \u0627\u0644\u0633\u0628\u0628\u060c \u062a\u0645 \u062a\u0635\u0645\u064a\u0645 \u0628\u062e\u0627\u062e \u0623\u0631\u062c\u064a\u0641\u064a\u062a \u0628\u064a \u0661\u0662 \u0623\u0643\u062a\u064a\u0641 \u0628\u0644\u0633 \u0644\u062f\u0639\u0645 \u0639\u0645\u0644\u064a\u0629 \u0627\u0644\u062a\u0645\u062b\u064a\u0644 \u0627\u0644\u063a\u0630\u0627\u0626\u064a \u0627\u0644\u0637\u0628\u064a\u0639\u064a\u0629 \u0644\u062a\u0648\u0644\u064a\u062f \u0627\u0644\u0637\u0627\u0642\u0629 \u0648\u0627\u0644\u0645\u0633\u0627\u0647\u0645\u0629 \u0641\u064a \u062a\u0642\u0644\u064a\u0644 \u0627\u0644\u062a\u0639\u0628. \u0641\u064a\u062a\u0627\u0645\u064a\u0646 \u0628\u064a \u0661\u0662 \u0627\u0644\u0645\u0648\u062c\u0648\u062f \u0641\u064a \u0645\u062d\u062a\u0648\u0627\u0647\u061b<\/p>\n<ul>\n<li>\u064a\u0633\u0627\u0639\u062f \u0641\u064a \u0627\u0644\u0648\u0638\u064a\u0641\u0629 \u0627\u0644\u0637\u0628\u064a\u0639\u064a\u0629 \u0644\u0644\u062c\u0647\u0627\u0632 \u0627\u0644\u0645\u0646\u0627\u0639\u064a.<\/li>\n<li>\u064a\u0633\u0627\u0647\u0645 \u0641\u064a \u0627\u0644\u062a\u0645\u062b\u064a\u0644 \u0627\u0644\u063a\u0630\u0627\u0626\u064a \u0627\u0644\u0637\u0628\u064a\u0639\u064a \u0644\u0625\u0646\u062a\u0627\u062c \u0627\u0644\u0637\u0627\u0642\u0629.<\/li>\n<li>\u064a\u0633\u0627\u0639\u062f \u0639\u0644\u0649 \u062a\u0642\u0644\u064a\u0644 \u0627\u0644\u062a\u0639\u0628 \u0648\u0627\u0644\u0625\u0631\u0647\u0627\u0642.<\/li>\n<li>\u064a\u0644\u0639\u0628 \u062f\u0648\u0631\u0627\u064b \u0641\u064a \u0627\u0644\u0623\u062f\u0627\u0621 \u0627\u0644\u0637\u0628\u064a\u0639\u064a \u0644\u0644\u062c\u0647\u0627\u0632 \u0627\u0644\u0639\u0635\u0628\u064a.<\/li>\n<li>\u064a\u0633\u0627\u0647\u0645 \u0641\u064a \u0639\u0645\u0644\u064a\u0629 \u0627\u0644\u062a\u0645\u062b\u064a\u0644 \u0627\u0644\u063a\u0630\u0627\u0626\u064a \u0627\u0644\u0637\u0628\u064a\u0639\u064a\u0629 \u0644\u0644\u0647\u0648\u0645\u0648\u0633\u064a\u0633\u062a\u064a\u0646.<\/li>\n<li>\u064a\u0644\u0639\u0628 \u062f\u0648\u0631\u0627\u064b \u0641\u064a \u0627\u0644\u062a\u0643\u0648\u064a\u0646 \u0627\u0644\u0637\u0628\u064a\u0639\u064a \u0644\u062e\u0644\u0627\u064a\u0627 \u0627\u0644\u062f\u0645 \u0627\u0644\u062d\u0645\u0631\u0627\u0621.<\/li>\n<li>\u064a\u0644\u0639\u0628 \u062f\u0648\u0631\u0627\u064b \u0641\u064a \u0627\u0646\u0642\u0633\u0627\u0645 \u0627\u0644\u062e\u0644\u0627\u064a\u0627.<\/li>\n<\/ul>\n<p><em>\u0644\u0627\u0626\u062d\u0629 \u062f\u0633\u062a\u0648\u0631 \u0627\u0644\u0623\u063a\u0630\u064a\u0629 \u0627\u0644\u062a\u0631\u0643\u064a \u0628\u0634\u0623\u0646 \u0627\u0633\u062a\u062e\u062f\u0627\u0645 \u0627\u0644\u0627\u062f\u0639\u0627\u0621\u0627\u062a \u0627\u0644\u0635\u062d\u064a\u0629 \u0641\u064a \u0627\u0644\u0623\u063a\u0630\u064a\u0629 \u0648\u0627\u0644\u0645\u0643\u0645\u0644\u0627\u062a \u0627\u0644\u063a\u0630\u0627\u0626\u064a\u0629 <\/em><\/p>\n<h2>\u0637\u0631\u064a\u0642\u0629 \u0627\u0644\u0627\u0633\u062a\u062e\u062f\u0627\u0645\u061f<\/h2>\n<p><b>\u0627\u0644\u0643\u0645\u064a\u0629 \u0627\u0644\u064a\u0648\u0645\u064a\u0629 \u0627\u0644\u0645\u0648\u0635\u0649 \u0628\u0647\u0627<\/b><\/p>\n<ul>\n<li>\u0644\u0644\u0623\u0637\u0641\u0627\u0644 \u0645\u0646 \u0639\u0645\u0631 \u0664 \u0625\u0644\u0649 \u0661\u0660 \u0633\u0646\u0648\u0627\u062a: \u0628\u062e\u0629 \u0648\u0627\u062d\u062f\u0629 \u0623\u0648 \u0628\u062e\u062a\u0627\u0646 \u064a\u0648\u0645\u064a\u0627\u064b.<\/li>\n<li>\u0644\u0644\u0623\u0634\u062e\u0627\u0635 \u0641\u0648\u0642 \u0633\u0646 \u0661\u0661 \u0639\u0627\u0645\u0627\u064b \u0648\u0627\u0644\u0628\u0627\u0644\u063a\u064a\u0646: \u0662-\u0664 \u0628\u062e\u0627\u062a \u064a\u0648\u0645\u064a\u0627\u064b.<\/li>\n<\/ul>\n<p>\u0644\u0627 \u062a\u062a\u062c\u0627\u0648\u0632 \u0627\u0644\u062d\u0635\u0629 \u0627\u0644\u064a\u0648\u0645\u064a\u0629 \u0627\u0644\u0645\u0648\u0635\u0649 \u0628\u0647\u0627.<\/p>\n<p><strong>\u0634\u0631\u0648\u0637 \u0627\u0644\u062d\u0641\u0638 \u0648\u0627\u0644\u062a\u062e\u0632\u064a\u0646<\/strong><\/p>\n<ul>\n<li>\u064a\u064f\u062d\u0641\u0638 \u0641\u064a \u062f\u0631\u062c\u0629 \u062d\u0631\u0627\u0631\u0629 \u0627\u0644\u063a\u0631\u0641\u0629 \u0627\u0644\u062a\u064a \u062a\u0642\u0644 \u0639\u0646 \u0662\u0665 \u062f\u0631\u062c\u0629 \u0645\u0626\u0648\u064a\u0629\u060c \u0628\u0639\u064a\u062f\u0627\u064b \u0639\u0646 \u0627\u0644\u0631\u0637\u0648\u0628\u0629 \u0648\u0623\u0634\u0639\u0629 \u0627\u0644\u0634\u0645\u0633.<\/li>\n<li>\u064a\u064f\u0646\u0635\u062d \u0628\u0627\u0633\u062a\u0647\u0644\u0627\u0643\u0647 \u062e\u0644\u0627\u0644 \u0633\u062a\u0629 \u0623\u0634\u0647\u0631 \u0645\u0646 \u0641\u062a\u062d\u0647.<\/li>\n<\/ul>\n<h2>\u062a\u062d\u0630\u064a\u0631\u0627\u062a<\/h2>\n<ul>\n<li><strong>\u0644\u064a\u0633 \u062f\u0648\u0627\u0621\u064b.<\/strong><\/li>\n<li>\u0644\u0627 \u064a\u0633\u062a\u062e\u062f\u0645 \u0644\u0644\u0648\u0642\u0627\u064a\u0629 \u0645\u0646 \u0627\u0644\u0623\u0645\u0631\u0627\u0636 \u0623\u0648 \u0639\u0644\u0627\u062c\u0647\u0627.<\/li>\n<li>\u0627\u0644\u0645\u0643\u0645\u0644\u0627\u062a \u0627\u0644\u063a\u0630\u0627\u0626\u064a\u0629 \u0644\u0627 \u064a\u0645\u0643\u0646 \u0623\u0646 \u062a\u062d\u0644 \u0645\u062d\u0644 \u0627\u0644\u062a\u063a\u0630\u064a\u0629 \u0627\u0644\u0637\u0628\u064a\u0639\u064a\u0629.<\/li>\n<li>\u0644\u0627 \u062a\u062a\u062c\u0627\u0648\u0632 \u0627\u0644\u0643\u0645\u064a\u0629 \u0627\u0644\u064a\u0648\u0645\u064a\u0629 \u0627\u0644\u0645\u0648\u0635\u0649 \u0628\u0647\u0627.<\/li>\n<li>\u064a\u062d\u0641\u0638 \u0628\u0639\u064a\u062f\u0627\u064b \u0639\u0646 \u0645\u062a\u0646\u0627\u0648\u0644 \u0627\u0644\u0623\u0637\u0641\u0627\u0644.<\/li>\n<li>\u064a\u0631\u062c\u0649 \u0627\u0633\u062a\u0634\u0627\u0631\u0629 \u0627\u0644\u0637\u0628\u064a\u0628 \u0641\u064a \u062d\u0627\u0644\u0627\u062a \u0627\u0644\u062d\u0645\u0644 \u0648\u0627\u0644\u0631\u0636\u0627\u0639\u0629 \u0623\u0648 \u0641\u064a \u062d\u0627\u0644\u0629 \u0627\u0644\u0645\u0631\u0636 \u0623\u0648 \u0627\u0633\u062a\u062e\u062f\u0627\u0645 \u0627\u0644\u0623\u062f\u0648\u064a\u0629.<\/li>\n<\/ul>\n<p><b>\u0627\u0644\u062a\u063a\u0630\u064a\u0629 \u0627\u0644\u0645\u062a\u0648\u0627\u0632\u0646\u0629 \u0648\u0627\u0644\u0645\u062a\u0646\u0648\u0639\u0629 \u0645\u0647\u0645\u0629 \u0644\u062d\u064a\u0627\u0629 \u0635\u062d\u064a\u0629.<\/b><\/p>\n","protected":false},"excerpt":{"rendered":"<p>\u0645\u0643\u0645\u0644 \u063a\u0630\u0627\u0626\u064a \u0639\u0644\u0649 \u0634\u0643\u0644 \u0628\u062e\u0627\u062e \u064a\u062d\u062a\u0648\u064a \u0639\u0644\u0649 \u0645\u064a\u062b\u064a\u0644 \u0643\u0648\u0628\u0627\u0644\u0627\u0645\u064a\u0646\u060c \u0648\u0647\u064a\u062f\u0631\u0648\u0643\u0633\u064a \u0643\u0648\u0628\u0627\u0644\u0627\u0645\u064a\u0646\u060c \u0648\u0623\u062f\u064a\u0646\u0648\u0633\u064a\u0644 \u0643\u0648\u0628\u0627\u0644\u0627\u0645\u064a\u0646.<\/p>\n<p>\u0631\u0642\u0645 \u0627\u0644\u0645\u0648\u0627\u0641\u0642\u0629: 018920-24.11.2023<\/p>\n","protected":false},"featured_media":32278,"template":"","meta":[],"product_cat":[166],"product_tag":[],"class_list":{"0":"post-32277","1":"product","2":"type-product","3":"status-publish","4":"has-post-thumbnail","6":"product_brand-argivit","7":"product_cat-bagisikliga-destek","9":"first","10":"instock","11":"shipping-taxable","12":"product-type-external"},"yoast_head":"<!-- This site is optimized with the Yoast SEO Premium plugin v27.0 (Yoast SEO v27.0) - https:\/\/yoast.com\/product\/yoast-seo-premium-wordpress\/ -->\n<title>\u0623\u0631\u062c\u064a\u0641\u064a\u062a \u0628\u064a 12 \u0623\u0643\u062a\u064a\u0641 \u0628\u0644\u0633 \u0633\u0628\u0631\u0627\u064a<\/title>\n<meta name=\"description\" content=\"\u0623\u0631\u062c\u064a\u0641\u064a\u062a \u0628\u064a 12 \u0623\u0643\u062a\u064a\u0641 \u0628\u0644\u0633 \u0633\u0628\u0631\u0627\u064a \u064a\u0633\u0627\u0639\u062f \u0641\u064a \u062a\u0642\u0644\u064a\u0644 \u0627\u0644\u062a\u0639\u0628 \u0648\u0627\u0644\u0625\u0631\u0647\u0627\u0642. \u0627\u062f\u0639\u0645 \u0637\u0627\u0642\u062a\u0643 \u0628\u0641\u0636\u0644 \u0635\u064a\u063a\u0629 \u0627\u0644\u0645\u064a\u062b\u064a\u0644 \u0643\u0648\u0628\u0627\u0644\u0627\u0645\u064a\u0646 \u0627\u0644\u0646\u0634\u0637\u0629 \u0648\u0633\u0631\u0639\u0629 \u0627\u0645\u062a\u0635\u0627\u0635\u0647\u0627.\" \/>\n<meta name=\"robots\" content=\"index, follow, max-snippet:-1, max-image-preview:large, max-video-preview:-1\" \/>\n<link rel=\"canonical\" href=\"https:\/\/www.argivit.com\/ar\/urun\/%d8%a3%d8%b1%d8%ac%d9%8a%d9%81%d9%8a%d8%aa-%d8%a8%d9%8a-12-%d8%a3%d9%83%d8%aa%d9%8a%d9%81-%d8%a8%d9%84%d8%b3-%d8%b3%d8%a8%d8%b1%d8%a7%d9%8a\/\" \/>\n<meta property=\"og:locale\" content=\"ar_AR\" \/>\n<meta property=\"og:type\" content=\"article\" \/>\n<meta property=\"og:title\" content=\"\u0623\u0631\u062c\u064a\u0641\u064a\u062a \u0628\u064a 12 \u0623\u0643\u062a\u064a\u0641 \u0628\u0644\u0633 \u0633\u0628\u0631\u0627\u064a\" \/>\n<meta property=\"og:description\" content=\"\u0623\u0631\u062c\u064a\u0641\u064a\u062a \u0628\u064a 12 \u0623\u0643\u062a\u064a\u0641 \u0628\u0644\u0633 \u0633\u0628\u0631\u0627\u064a \u064a\u0633\u0627\u0639\u062f \u0641\u064a \u062a\u0642\u0644\u064a\u0644 \u0627\u0644\u062a\u0639\u0628 \u0648\u0627\u0644\u0625\u0631\u0647\u0627\u0642. \u0627\u062f\u0639\u0645 \u0637\u0627\u0642\u062a\u0643 \u0628\u0641\u0636\u0644 \u0635\u064a\u063a\u0629 \u0627\u0644\u0645\u064a\u062b\u064a\u0644 \u0643\u0648\u0628\u0627\u0644\u0627\u0645\u064a\u0646 \u0627\u0644\u0646\u0634\u0637\u0629 \u0648\u0633\u0631\u0639\u0629 \u0627\u0645\u062a\u0635\u0627\u0635\u0647\u0627.\" \/>\n<meta property=\"og:url\" content=\"https:\/\/www.argivit.com\/ar\/urun\/%d8%a3%d8%b1%d8%ac%d9%8a%d9%81%d9%8a%d8%aa-%d8%a8%d9%8a-12-%d8%a3%d9%83%d8%aa%d9%8a%d9%81-%d8%a8%d9%84%d8%b3-%d8%b3%d8%a8%d8%b1%d8%a7%d9%8a\/\" \/>\n<meta property=\"og:site_name\" content=\"Argivit\" \/>\n<meta property=\"article:publisher\" content=\"https:\/\/www.facebook.com\/argivit\" \/>\n<meta property=\"article:modified_time\" content=\"2026-04-15T10:50:12+00:00\" \/>\n<meta property=\"og:image\" content=\"https:\/\/www.argivit.com\/wp-content\/uploads\/b12-active-plus-sprey.webp\" \/>\n\t<meta property=\"og:image:width\" content=\"800\" \/>\n\t<meta property=\"og:image:height\" content=\"900\" \/>\n\t<meta property=\"og:image:type\" content=\"image\/webp\" \/>\n<meta name=\"twitter:card\" content=\"summary_large_image\" \/>\n<meta name=\"twitter:site\" content=\"@argivit\" \/>\n<script type=\"application\/ld+json\" class=\"yoast-schema-graph\">{\"@context\":\"https:\/\/schema.org\",\"@graph\":[{\"@type\":\"WebPage\",\"@id\":\"https:\/\/www.argivit.com\/ar\/urun\/%d8%a3%d8%b1%d8%ac%d9%8a%d9%81%d9%8a%d8%aa-%d8%a8%d9%8a-12-%d8%a3%d9%83%d8%aa%d9%8a%d9%81-%d8%a8%d9%84%d8%b3-%d8%b3%d8%a8%d8%b1%d8%a7%d9%8a\/\",\"url\":\"https:\/\/www.argivit.com\/ar\/urun\/%d8%a3%d8%b1%d8%ac%d9%8a%d9%81%d9%8a%d8%aa-%d8%a8%d9%8a-12-%d8%a3%d9%83%d8%aa%d9%8a%d9%81-%d8%a8%d9%84%d8%b3-%d8%b3%d8%a8%d8%b1%d8%a7%d9%8a\/\",\"name\":\"\u0623\u0631\u062c\u064a\u0641\u064a\u062a \u0628\u064a 12 \u0623\u0643\u062a\u064a\u0641 \u0628\u0644\u0633 \u0633\u0628\u0631\u0627\u064a\",\"isPartOf\":{\"@id\":\"https:\/\/www.argivit.com\/ar\/#website\"},\"primaryImageOfPage\":{\"@id\":\"https:\/\/www.argivit.com\/ar\/urun\/%d8%a3%d8%b1%d8%ac%d9%8a%d9%81%d9%8a%d8%aa-%d8%a8%d9%8a-12-%d8%a3%d9%83%d8%aa%d9%8a%d9%81-%d8%a8%d9%84%d8%b3-%d8%b3%d8%a8%d8%b1%d8%a7%d9%8a\/#primaryimage\"},\"image\":{\"@id\":\"https:\/\/www.argivit.com\/ar\/urun\/%d8%a3%d8%b1%d8%ac%d9%8a%d9%81%d9%8a%d8%aa-%d8%a8%d9%8a-12-%d8%a3%d9%83%d8%aa%d9%8a%d9%81-%d8%a8%d9%84%d8%b3-%d8%b3%d8%a8%d8%b1%d8%a7%d9%8a\/#primaryimage\"},\"thumbnailUrl\":\"https:\/\/www.argivit.com\/wp-content\/uploads\/b12-active-plus-sprey.webp\",\"datePublished\":\"2025-10-06T14:40:58+00:00\",\"dateModified\":\"2026-04-15T10:50:12+00:00\",\"description\":\"\u0623\u0631\u062c\u064a\u0641\u064a\u062a \u0628\u064a 12 \u0623\u0643\u062a\u064a\u0641 \u0628\u0644\u0633 \u0633\u0628\u0631\u0627\u064a \u064a\u0633\u0627\u0639\u062f \u0641\u064a \u062a\u0642\u0644\u064a\u0644 \u0627\u0644\u062a\u0639\u0628 \u0648\u0627\u0644\u0625\u0631\u0647\u0627\u0642. \u0627\u062f\u0639\u0645 \u0637\u0627\u0642\u062a\u0643 \u0628\u0641\u0636\u0644 \u0635\u064a\u063a\u0629 \u0627\u0644\u0645\u064a\u062b\u064a\u0644 \u0643\u0648\u0628\u0627\u0644\u0627\u0645\u064a\u0646 \u0627\u0644\u0646\u0634\u0637\u0629 \u0648\u0633\u0631\u0639\u0629 \u0627\u0645\u062a\u0635\u0627\u0635\u0647\u0627.\",\"breadcrumb\":{\"@id\":\"https:\/\/www.argivit.com\/ar\/urun\/%d8%a3%d8%b1%d8%ac%d9%8a%d9%81%d9%8a%d8%aa-%d8%a8%d9%8a-12-%d8%a3%d9%83%d8%aa%d9%8a%d9%81-%d8%a8%d9%84%d8%b3-%d8%b3%d8%a8%d8%b1%d8%a7%d9%8a\/#breadcrumb\"},\"inLanguage\":\"ar\",\"potentialAction\":[{\"@type\":\"ReadAction\",\"target\":[\"https:\/\/www.argivit.com\/ar\/urun\/%d8%a3%d8%b1%d8%ac%d9%8a%d9%81%d9%8a%d8%aa-%d8%a8%d9%8a-12-%d8%a3%d9%83%d8%aa%d9%8a%d9%81-%d8%a8%d9%84%d8%b3-%d8%b3%d8%a8%d8%b1%d8%a7%d9%8a\/\"]}]},{\"@type\":\"ImageObject\",\"inLanguage\":\"ar\",\"@id\":\"https:\/\/www.argivit.com\/ar\/urun\/%d8%a3%d8%b1%d8%ac%d9%8a%d9%81%d9%8a%d8%aa-%d8%a8%d9%8a-12-%d8%a3%d9%83%d8%aa%d9%8a%d9%81-%d8%a8%d9%84%d8%b3-%d8%b3%d8%a8%d8%b1%d8%a7%d9%8a\/#primaryimage\",\"url\":\"https:\/\/www.argivit.com\/wp-content\/uploads\/b12-active-plus-sprey.webp\",\"contentUrl\":\"https:\/\/www.argivit.com\/wp-content\/uploads\/b12-active-plus-sprey.webp\",\"width\":800,\"height\":900,\"caption\":\"\u0623\u0631\u062c\u064a\u0641\u064a\u062a \u0628\u064a \u0661\u0662 \u0623\u0643\u062a\u064a\u0641 \u0628\u0644\u0633 \u0628\u062e\u0627\u062e - \u0645\u0643\u0645\u0644 \u063a\u0630\u0627\u0626\u064a \u064a\u062d\u062a\u0648\u064a \u0639\u0644\u0649 \u0645\u064a\u062b\u064a\u0644 \u0643\u0648\u0628\u0627\u0644\u0627\u0645\u064a\u0646\u060c \u0647\u064a\u062f\u0631\u0648\u0643\u0633\u0648\u0643\u0648\u0628\u0627\u0644\u0627\u0645\u064a\u0646 \u0648\u0623\u062f\u064a\u0646\u0648\u0633\u064a\u0644 \u0643\u0648\u0628\u0627\u0644\u0627\u0645\u064a\u0646.\"},{\"@type\":\"BreadcrumbList\",\"@id\":\"https:\/\/www.argivit.com\/ar\/urun\/%d8%a3%d8%b1%d8%ac%d9%8a%d9%81%d9%8a%d8%aa-%d8%a8%d9%8a-12-%d8%a3%d9%83%d8%aa%d9%8a%d9%81-%d8%a8%d9%84%d8%b3-%d8%b3%d8%a8%d8%b1%d8%a7%d9%8a\/#breadcrumb\",\"itemListElement\":[{\"@type\":\"ListItem\",\"position\":1,\"name\":\"Ana Sayfa\",\"item\":\"https:\/\/www.argivit.com\/ar\/\"},{\"@type\":\"ListItem\",\"position\":2,\"name\":\"\u00dcr\u00fcnler\",\"item\":\"https:\/\/www.argivit.com\/urunler\/\"},{\"@type\":\"ListItem\",\"position\":3,\"name\":\"\u0623\u0631\u062c\u064a\u0641\u064a\u062a \u0628\u064a 12 \u0623\u0643\u062a\u064a\u0641 \u0628\u0644\u0633 \u0633\u0628\u0631\u0627\u064a\"}]},{\"@type\":\"WebSite\",\"@id\":\"https:\/\/www.argivit.com\/ar\/#website\",\"url\":\"https:\/\/www.argivit.com\/ar\/\",\"name\":\"Argivit\",\"description\":\"Hep \u0130leri Git\",\"publisher\":{\"@id\":\"https:\/\/www.argivit.com\/ar\/#organization\"},\"potentialAction\":[{\"@type\":\"SearchAction\",\"target\":{\"@type\":\"EntryPoint\",\"urlTemplate\":\"https:\/\/www.argivit.com\/ar\/?s={search_term_string}\"},\"query-input\":{\"@type\":\"PropertyValueSpecification\",\"valueRequired\":true,\"valueName\":\"search_term_string\"}}],\"inLanguage\":\"ar\"},{\"@type\":\"Organization\",\"@id\":\"https:\/\/www.argivit.com\/ar\/#organization\",\"name\":\"Argivit\",\"url\":\"https:\/\/www.argivit.com\/ar\/\",\"logo\":{\"@type\":\"ImageObject\",\"inLanguage\":\"ar\",\"@id\":\"https:\/\/www.argivit.com\/ar\/#\/schema\/logo\/image\/\",\"url\":\"https:\/\/www.argivit.com\/wp-content\/uploads\/argivit-logo.webp\",\"contentUrl\":\"https:\/\/www.argivit.com\/wp-content\/uploads\/argivit-logo.webp\",\"width\":1200,\"height\":675,\"caption\":\"Argivit\"},\"image\":{\"@id\":\"https:\/\/www.argivit.com\/ar\/#\/schema\/logo\/image\/\"},\"sameAs\":[\"https:\/\/www.facebook.com\/argivit\",\"https:\/\/x.com\/argivit\",\"https:\/\/www.instagram.com\/argivit\",\"https:\/\/www.linkedin.com\/company\/hekimilac\"],\"description\":\"Argivit olarak, Hekim \u0130la\u00e7 g\u00fcvencesiyle sa\u011fl\u0131kl\u0131 ve dengeli bir ya\u015fam s\u00fcrd\u00fcrmek isteyen herkes i\u00e7in bilimsel temellere dayal\u0131, g\u00fcvenilir ve etkili g\u0131da takviyeleri sunuyoruz. V\u00fccudun ihtiya\u00e7 duydu\u011fu vitamin, mineral ve besin desteklerini en y\u00fcksek kalite standartlar\u0131nda sizlere ula\u015ft\u0131r\u0131yoruz. \u00dcr\u00fcnlerimiz, \u00e7ocuklardan yeti\u015fkinlere kadar her ya\u015f grubunun gereksinimlerine uygun olarak form\u00fcle edilmi\u015ftir.\",\"email\":\"info@argivit.com\"}]}<\/script>\n<!-- \/ Yoast SEO Premium plugin. -->","yoast_head_json":{"title":"\u0623\u0631\u062c\u064a\u0641\u064a\u062a \u0628\u064a 12 \u0623\u0643\u062a\u064a\u0641 \u0628\u0644\u0633 \u0633\u0628\u0631\u0627\u064a","description":"\u0623\u0631\u062c\u064a\u0641\u064a\u062a \u0628\u064a 12 \u0623\u0643\u062a\u064a\u0641 \u0628\u0644\u0633 \u0633\u0628\u0631\u0627\u064a \u064a\u0633\u0627\u0639\u062f \u0641\u064a \u062a\u0642\u0644\u064a\u0644 \u0627\u0644\u062a\u0639\u0628 \u0648\u0627\u0644\u0625\u0631\u0647\u0627\u0642. \u0627\u062f\u0639\u0645 \u0637\u0627\u0642\u062a\u0643 \u0628\u0641\u0636\u0644 \u0635\u064a\u063a\u0629 \u0627\u0644\u0645\u064a\u062b\u064a\u0644 \u0643\u0648\u0628\u0627\u0644\u0627\u0645\u064a\u0646 \u0627\u0644\u0646\u0634\u0637\u0629 \u0648\u0633\u0631\u0639\u0629 \u0627\u0645\u062a\u0635\u0627\u0635\u0647\u0627.","robots":{"index":"index","follow":"follow","max-snippet":"max-snippet:-1","max-image-preview":"max-image-preview:large","max-video-preview":"max-video-preview:-1"},"canonical":"https:\/\/www.argivit.com\/ar\/urun\/%d8%a3%d8%b1%d8%ac%d9%8a%d9%81%d9%8a%d8%aa-%d8%a8%d9%8a-12-%d8%a3%d9%83%d8%aa%d9%8a%d9%81-%d8%a8%d9%84%d8%b3-%d8%b3%d8%a8%d8%b1%d8%a7%d9%8a\/","og_locale":"ar_AR","og_type":"article","og_title":"\u0623\u0631\u062c\u064a\u0641\u064a\u062a \u0628\u064a 12 \u0623\u0643\u062a\u064a\u0641 \u0628\u0644\u0633 \u0633\u0628\u0631\u0627\u064a","og_description":"\u0623\u0631\u062c\u064a\u0641\u064a\u062a \u0628\u064a 12 \u0623\u0643\u062a\u064a\u0641 \u0628\u0644\u0633 \u0633\u0628\u0631\u0627\u064a \u064a\u0633\u0627\u0639\u062f \u0641\u064a \u062a\u0642\u0644\u064a\u0644 \u0627\u0644\u062a\u0639\u0628 \u0648\u0627\u0644\u0625\u0631\u0647\u0627\u0642. \u0627\u062f\u0639\u0645 \u0637\u0627\u0642\u062a\u0643 \u0628\u0641\u0636\u0644 \u0635\u064a\u063a\u0629 \u0627\u0644\u0645\u064a\u062b\u064a\u0644 \u0643\u0648\u0628\u0627\u0644\u0627\u0645\u064a\u0646 \u0627\u0644\u0646\u0634\u0637\u0629 \u0648\u0633\u0631\u0639\u0629 \u0627\u0645\u062a\u0635\u0627\u0635\u0647\u0627.","og_url":"https:\/\/www.argivit.com\/ar\/urun\/%d8%a3%d8%b1%d8%ac%d9%8a%d9%81%d9%8a%d8%aa-%d8%a8%d9%8a-12-%d8%a3%d9%83%d8%aa%d9%8a%d9%81-%d8%a8%d9%84%d8%b3-%d8%b3%d8%a8%d8%b1%d8%a7%d9%8a\/","og_site_name":"Argivit","article_publisher":"https:\/\/www.facebook.com\/argivit","article_modified_time":"2026-04-15T10:50:12+00:00","og_image":[{"width":800,"height":900,"url":"https:\/\/www.argivit.com\/wp-content\/uploads\/b12-active-plus-sprey.webp","type":"image\/webp"}],"twitter_card":"summary_large_image","twitter_site":"@argivit","schema":{"@context":"https:\/\/schema.org","@graph":[{"@type":"WebPage","@id":"https:\/\/www.argivit.com\/ar\/urun\/%d8%a3%d8%b1%d8%ac%d9%8a%d9%81%d9%8a%d8%aa-%d8%a8%d9%8a-12-%d8%a3%d9%83%d8%aa%d9%8a%d9%81-%d8%a8%d9%84%d8%b3-%d8%b3%d8%a8%d8%b1%d8%a7%d9%8a\/","url":"https:\/\/www.argivit.com\/ar\/urun\/%d8%a3%d8%b1%d8%ac%d9%8a%d9%81%d9%8a%d8%aa-%d8%a8%d9%8a-12-%d8%a3%d9%83%d8%aa%d9%8a%d9%81-%d8%a8%d9%84%d8%b3-%d8%b3%d8%a8%d8%b1%d8%a7%d9%8a\/","name":"\u0623\u0631\u062c\u064a\u0641\u064a\u062a \u0628\u064a 12 \u0623\u0643\u062a\u064a\u0641 \u0628\u0644\u0633 \u0633\u0628\u0631\u0627\u064a","isPartOf":{"@id":"https:\/\/www.argivit.com\/ar\/#website"},"primaryImageOfPage":{"@id":"https:\/\/www.argivit.com\/ar\/urun\/%d8%a3%d8%b1%d8%ac%d9%8a%d9%81%d9%8a%d8%aa-%d8%a8%d9%8a-12-%d8%a3%d9%83%d8%aa%d9%8a%d9%81-%d8%a8%d9%84%d8%b3-%d8%b3%d8%a8%d8%b1%d8%a7%d9%8a\/#primaryimage"},"image":{"@id":"https:\/\/www.argivit.com\/ar\/urun\/%d8%a3%d8%b1%d8%ac%d9%8a%d9%81%d9%8a%d8%aa-%d8%a8%d9%8a-12-%d8%a3%d9%83%d8%aa%d9%8a%d9%81-%d8%a8%d9%84%d8%b3-%d8%b3%d8%a8%d8%b1%d8%a7%d9%8a\/#primaryimage"},"thumbnailUrl":"https:\/\/www.argivit.com\/wp-content\/uploads\/b12-active-plus-sprey.webp","datePublished":"2025-10-06T14:40:58+00:00","dateModified":"2026-04-15T10:50:12+00:00","description":"\u0623\u0631\u062c\u064a\u0641\u064a\u062a \u0628\u064a 12 \u0623\u0643\u062a\u064a\u0641 \u0628\u0644\u0633 \u0633\u0628\u0631\u0627\u064a \u064a\u0633\u0627\u0639\u062f \u0641\u064a \u062a\u0642\u0644\u064a\u0644 \u0627\u0644\u062a\u0639\u0628 \u0648\u0627\u0644\u0625\u0631\u0647\u0627\u0642. \u0627\u062f\u0639\u0645 \u0637\u0627\u0642\u062a\u0643 \u0628\u0641\u0636\u0644 \u0635\u064a\u063a\u0629 \u0627\u0644\u0645\u064a\u062b\u064a\u0644 \u0643\u0648\u0628\u0627\u0644\u0627\u0645\u064a\u0646 \u0627\u0644\u0646\u0634\u0637\u0629 \u0648\u0633\u0631\u0639\u0629 \u0627\u0645\u062a\u0635\u0627\u0635\u0647\u0627.","breadcrumb":{"@id":"https:\/\/www.argivit.com\/ar\/urun\/%d8%a3%d8%b1%d8%ac%d9%8a%d9%81%d9%8a%d8%aa-%d8%a8%d9%8a-12-%d8%a3%d9%83%d8%aa%d9%8a%d9%81-%d8%a8%d9%84%d8%b3-%d8%b3%d8%a8%d8%b1%d8%a7%d9%8a\/#breadcrumb"},"inLanguage":"ar","potentialAction":[{"@type":"ReadAction","target":["https:\/\/www.argivit.com\/ar\/urun\/%d8%a3%d8%b1%d8%ac%d9%8a%d9%81%d9%8a%d8%aa-%d8%a8%d9%8a-12-%d8%a3%d9%83%d8%aa%d9%8a%d9%81-%d8%a8%d9%84%d8%b3-%d8%b3%d8%a8%d8%b1%d8%a7%d9%8a\/"]}]},{"@type":"ImageObject","inLanguage":"ar","@id":"https:\/\/www.argivit.com\/ar\/urun\/%d8%a3%d8%b1%d8%ac%d9%8a%d9%81%d9%8a%d8%aa-%d8%a8%d9%8a-12-%d8%a3%d9%83%d8%aa%d9%8a%d9%81-%d8%a8%d9%84%d8%b3-%d8%b3%d8%a8%d8%b1%d8%a7%d9%8a\/#primaryimage","url":"https:\/\/www.argivit.com\/wp-content\/uploads\/b12-active-plus-sprey.webp","contentUrl":"https:\/\/www.argivit.com\/wp-content\/uploads\/b12-active-plus-sprey.webp","width":800,"height":900,"caption":"\u0623\u0631\u062c\u064a\u0641\u064a\u062a \u0628\u064a \u0661\u0662 \u0623\u0643\u062a\u064a\u0641 \u0628\u0644\u0633 \u0628\u062e\u0627\u062e - \u0645\u0643\u0645\u0644 \u063a\u0630\u0627\u0626\u064a \u064a\u062d\u062a\u0648\u064a \u0639\u0644\u0649 \u0645\u064a\u062b\u064a\u0644 \u0643\u0648\u0628\u0627\u0644\u0627\u0645\u064a\u0646\u060c \u0647\u064a\u062f\u0631\u0648\u0643\u0633\u0648\u0643\u0648\u0628\u0627\u0644\u0627\u0645\u064a\u0646 \u0648\u0623\u062f\u064a\u0646\u0648\u0633\u064a\u0644 \u0643\u0648\u0628\u0627\u0644\u0627\u0645\u064a\u0646."},{"@type":"BreadcrumbList","@id":"https:\/\/www.argivit.com\/ar\/urun\/%d8%a3%d8%b1%d8%ac%d9%8a%d9%81%d9%8a%d8%aa-%d8%a8%d9%8a-12-%d8%a3%d9%83%d8%aa%d9%8a%d9%81-%d8%a8%d9%84%d8%b3-%d8%b3%d8%a8%d8%b1%d8%a7%d9%8a\/#breadcrumb","itemListElement":[{"@type":"ListItem","position":1,"name":"Ana Sayfa","item":"https:\/\/www.argivit.com\/ar\/"},{"@type":"ListItem","position":2,"name":"\u00dcr\u00fcnler","item":"https:\/\/www.argivit.com\/urunler\/"},{"@type":"ListItem","position":3,"name":"\u0623\u0631\u062c\u064a\u0641\u064a\u062a \u0628\u064a 12 \u0623\u0643\u062a\u064a\u0641 \u0628\u0644\u0633 \u0633\u0628\u0631\u0627\u064a"}]},{"@type":"WebSite","@id":"https:\/\/www.argivit.com\/ar\/#website","url":"https:\/\/www.argivit.com\/ar\/","name":"Argivit","description":"Hep \u0130leri Git","publisher":{"@id":"https:\/\/www.argivit.com\/ar\/#organization"},"potentialAction":[{"@type":"SearchAction","target":{"@type":"EntryPoint","urlTemplate":"https:\/\/www.argivit.com\/ar\/?s={search_term_string}"},"query-input":{"@type":"PropertyValueSpecification","valueRequired":true,"valueName":"search_term_string"}}],"inLanguage":"ar"},{"@type":"Organization","@id":"https:\/\/www.argivit.com\/ar\/#organization","name":"Argivit","url":"https:\/\/www.argivit.com\/ar\/","logo":{"@type":"ImageObject","inLanguage":"ar","@id":"https:\/\/www.argivit.com\/ar\/#\/schema\/logo\/image\/","url":"https:\/\/www.argivit.com\/wp-content\/uploads\/argivit-logo.webp","contentUrl":"https:\/\/www.argivit.com\/wp-content\/uploads\/argivit-logo.webp","width":1200,"height":675,"caption":"Argivit"},"image":{"@id":"https:\/\/www.argivit.com\/ar\/#\/schema\/logo\/image\/"},"sameAs":["https:\/\/www.facebook.com\/argivit","https:\/\/x.com\/argivit","https:\/\/www.instagram.com\/argivit","https:\/\/www.linkedin.com\/company\/hekimilac"],"description":"Argivit olarak, Hekim \u0130la\u00e7 g\u00fcvencesiyle sa\u011fl\u0131kl\u0131 ve dengeli bir ya\u015fam s\u00fcrd\u00fcrmek isteyen herkes i\u00e7in bilimsel temellere dayal\u0131, g\u00fcvenilir ve etkili g\u0131da takviyeleri sunuyoruz. V\u00fccudun ihtiya\u00e7 duydu\u011fu vitamin, mineral ve besin desteklerini en y\u00fcksek kalite standartlar\u0131nda sizlere ula\u015ft\u0131r\u0131yoruz. \u00dcr\u00fcnlerimiz, \u00e7ocuklardan yeti\u015fkinlere kadar her ya\u015f grubunun gereksinimlerine uygun olarak form\u00fcle edilmi\u015ftir.","email":"info@argivit.com"}]}},"_links":{"self":[{"href":"https:\/\/www.argivit.com\/ar\/wp-json\/wp\/v2\/product\/32277","targetHints":{"allow":["GET"]}}],"collection":[{"href":"https:\/\/www.argivit.com\/ar\/wp-json\/wp\/v2\/product"}],"about":[{"href":"https:\/\/www.argivit.com\/ar\/wp-json\/wp\/v2\/types\/product"}],"wp:featuredmedia":[{"embeddable":true,"href":"https:\/\/www.argivit.com\/ar\/wp-json\/wp\/v2\/media\/32278"}],"wp:attachment":[{"href":"https:\/\/www.argivit.com\/ar\/wp-json\/wp\/v2\/media?parent=32277"}],"wp:term":[{"taxonomy":"product_cat","embeddable":true,"href":"https:\/\/www.argivit.com\/ar\/wp-json\/wp\/v2\/product_cat?post=32277"},{"taxonomy":"product_tag","embeddable":true,"href":"https:\/\/www.argivit.com\/ar\/wp-json\/wp\/v2\/product_tag?post=32277"}],"curies":[{"name":"wp","href":"https:\/\/api.w.org\/{rel}","templated":true}]}}