{"id":32281,"date":"2025-10-06T17:41:53","date_gmt":"2025-10-06T14:41:53","guid":{"rendered":"https:\/\/www.argivit.com\/urun\/argivit-women-bright\/"},"modified":"2025-10-06T17:41:53","modified_gmt":"2025-10-06T14:41:53","slug":"argivit-women-bright","status":"publish","type":"product","link":"https:\/\/www.argivit.com\/ar\/urun\/argivit-women-bright\/","title":{"rendered":"Argivit Women Bright"},"content":{"rendered":"<h2>Argivit Women Bright Nedir?<\/h2>\n<p>Argivit Women Bright, vitamin ve mineral i\u00e7eri\u011fi ile g\u00fcnl\u00fck beslenmeye destek olmak \u00fczere form\u00fcle edilmi\u015f bir takviye edici g\u0131dad\u0131r. \u0130\u00e7eri\u011findeki vitamin ve mineraller, normal enerji olu\u015fum metabolizmas\u0131na ve ba\u011f\u0131\u015f\u0131kl\u0131k sisteminin normal fonksiyonuna katk\u0131da bulunur. Kad\u0131nlara y\u00f6nelik geli\u015ftirilen \u201cGold Complex\u201d i\u00e7eri\u011fi ile g\u00fcnl\u00fck kullan\u0131m i\u00e7in tasarlanm\u0131\u015ft\u0131r.<\/p>\n<p><strong>Biyotin, B2 Vitamini, Niyasin ve \u00c7inko,<\/strong><\/p>\n<ul>\n<li>Normal cildin korunmas\u0131na katk\u0131da bulunur.<\/li>\n<\/ul>\n<p><strong>Biyotin, B2 Vitamini, Niyasin,<\/strong><\/p>\n<ul>\n<li>Normal mukozan\u0131n korunmas\u0131nda rol oynar.<\/li>\n<\/ul>\n<p><strong>Biyotin ve \u00c7inko,<\/strong><\/p>\n<ul>\n<li>Normal sa\u00e7\u0131n korunmas\u0131na yard\u0131mc\u0131 olur.<\/li>\n<\/ul>\n<p><strong>\u00c7inko,<\/strong><\/p>\n<ul>\n<li>Normal t\u0131rnaklar\u0131n korunmas\u0131n\u0131 destekler.<\/li>\n<\/ul>\n<p><strong>B2, C Vitamini ve \u00c7inko,\u00a0<\/strong><\/p>\n<ul>\n<li>H\u00fccrelerin oksidatif stresten korunmas\u0131n\u0131 destekler.<\/li>\n<\/ul>\n<p><strong>C Vitamini,\u00a0<\/strong><\/p>\n<ul>\n<li>Kan damarlar\u0131n\u0131n, kemiklerin, k\u0131k\u0131rda\u011f\u0131n, di\u015f etlerinin ve cildin normal fonksiyonu i\u00e7in gerekli olan normal kollajen olu\u015fumunda rol oynar.<\/li>\n<\/ul>\n<p><strong>C Vitamini, Niyasin, B2, B6 ve B12 Vitaminleri,<\/strong><\/p>\n<ul>\n<li>Normal enerji olu\u015fum metabolizmas\u0131n\u0131, yorgunluk ve bitkinli\u011fin azalmas\u0131n\u0131 destekler.<\/li>\n<\/ul>\n<p><strong>C Vitamini, \u00c7inko, B6 Vitamini, D Vitamini, B12 Vitamini ve Folik Asit,\u00a0<\/strong><\/p>\n<ul>\n<li>Ba\u011f\u0131\u015f\u0131kl\u0131k sisteminin normal fonksiyonuna yard\u0131mc\u0131 olur.<\/li>\n<\/ul>\n<p><strong>D Vitamini,\u00a0<\/strong><\/p>\n<ul>\n<li>Normal kas fonksiyonunun ve normal di\u015flerin korunmas\u0131n\u0131 destekler.<\/li>\n<li>Kalsiyumun ve fosforun normal emiliminde \/kullan\u0131m\u0131nda ve normal kan kalsiyum d\u00fczeyinde rol oynar.<\/li>\n<\/ul>\n<p><strong>\u00c7inko ve D Vitamini,\u00a0<\/strong><\/p>\n<ul>\n<li>Normal kemiklerin korunmas\u0131n\u0131 destekler.<\/li>\n<\/ul>\n<p><strong>Biyotin, Niyasin, C Vitamini, B1, B2, B6 ve B12 Vitaminleri,<\/strong><\/p>\n<ul>\n<li>Sinir sisteminin normal i\u015fleyi\u015fine yard\u0131mc\u0131 olur.<\/li>\n<\/ul>\n<p><strong>\u00c7inko ve B2 Vitamini,\u00a0<\/strong><\/p>\n<ul>\n<li>Normal g\u00f6rme yetisinin korunmas\u0131na yard\u0131mc\u0131 olur.<\/li>\n<\/ul>\n<p><strong>B6 ve B12 Vitaminleri,\u00a0<\/strong><\/p>\n<ul>\n<li>Normal k\u0131rm\u0131z\u0131 kan h\u00fccresi olu\u015fumunda rol oynar.<\/li>\n<\/ul>\n<p><strong>B6 Vitamini,\u00a0<\/strong><\/p>\n<ul>\n<li>Hormonal aktivitenin d\u00fczenlenmesine, normal protein ve glikojen metabolizmas\u0131na katk\u0131da bulunur.<\/li>\n<\/ul>\n<p><strong>C Vitamini,<\/strong><\/p>\n<ul>\n<li>Demir emilimini art\u0131r\u0131r.<\/li>\n<\/ul>\n<p><strong>B1 Vitamini,<\/strong><\/p>\n<ul>\n<li>Kalbin normal fonksiyonuna katk\u0131da bulunur.<\/li>\n<\/ul>\n<p><strong>\u00c7inko ve Biyotin,<\/strong><\/p>\n<ul>\n<li>Normal makro besin \u00f6\u011feleri metabolizmas\u0131n\u0131 destekler.<\/li>\n<\/ul>\n<p><strong>\u00c7inko,<\/strong><\/p>\n<ul>\n<li>Ya\u011f asitlerinin normal metabolizmas\u0131na, normal karbonhidrat metabolizmas\u0131na, normal DNA ve normal protein sentezine ve A vitamininin normal metabolizmas\u0131na katk\u0131da bulunur.<\/li>\n<\/ul>\n<p><em>*T\u00fcrk G\u0131da Kodeksi Beslenme ve Sa\u011fl\u0131k Beyanlar\u0131 Y\u00f6netmeli\u011fi<\/em><\/p>\n<h2>Nas\u0131l Kullan\u0131l\u0131r?<\/h2>\n<p><b>Tavsiye Edilen G\u00fcnl\u00fck Kullan\u0131m Miktar\u0131<\/b><\/p>\n<p>11 ya\u015f \u00fczeri ve yeti\u015fkinler i\u00e7in yemeklerden sonra g\u00fcnde 1 tablet tavsiye edilmektedir.<\/p>\n<p><strong>Muhafaza Ko\u015fullar\u0131<\/strong><\/p>\n<ul>\n<li>25\u00b0C\u2019nin alt\u0131ndaki oda s\u0131cakl\u0131\u011f\u0131nda, nemden ve g\u00fcne\u015f \u0131\u015f\u0131\u011f\u0131ndan koruyarak saklay\u0131n\u0131z.<\/li>\n<li>A\u00e7\u0131ld\u0131ktan sonra alt\u0131 ay i\u00e7erisinde t\u00fcketilmesi \u00f6nerilmektedir.<\/li>\n<\/ul>\n<h2>Uyar\u0131lar<\/h2>\n<ul>\n<li><strong>\u0130la\u00e7 de\u011fildir.<\/strong><\/li>\n<li>Hastal\u0131klar\u0131n \u00f6nlenmesi veya tedavi edilmesi amac\u0131yla kullan\u0131lmaz.<\/li>\n<li>Takviye edici g\u0131dalar normal beslenmenin yerine ge\u00e7emez.<\/li>\n<li>Tavsiye edilen g\u00fcnl\u00fck kullan\u0131m miktar\u0131n\u0131 a\u015fmay\u0131n.<\/li>\n<li>\u00c7ocuklar\u0131n ula\u015famayaca\u011f\u0131 yerde saklay\u0131n.<\/li>\n<li>Hamilelik ve emzirme d\u00f6nemi ile hastal\u0131k veya ila\u00e7 kullan\u0131lmas\u0131 durumlar\u0131nda doktorunuza dan\u0131\u015f\u0131n.<\/li>\n<\/ul>\n<p><b>Dengeli ve \u00e7e\u015fitli beslenme sa\u011fl\u0131kl\u0131 ya\u015fam i\u00e7in \u00f6nemlidir.<\/b><\/p>\n","protected":false},"excerpt":{"rendered":"<p>Safr\u2019inside, Xtenergy, SkinAx2, Hyaluronik Asit, Biotin \u0130\u00e7eren Tablet Formunda Takviye Edici G\u0131da<\/p>\n<p><strong>Onay Numaras\u0131:<\/strong>\u00a0016607-21.02.2023<\/p>\n","protected":false},"featured_media":32282,"template":"","meta":[],"product_cat":[171],"product_tag":[],"class_list":{"0":"post-32281","1":"product","2":"type-product","3":"status-publish","4":"has-post-thumbnail","6":"product_brand-argivit","7":"product_cat-sadece-yetiskinlere-ozel","9":"first","10":"instock","11":"shipping-taxable","12":"product-type-external"},"yoast_head":"<!-- This site is optimized with the Yoast SEO Premium plugin v27.0 (Yoast SEO v27.0) - https:\/\/yoast.com\/product\/yoast-seo-premium-wordpress\/ -->\n<title>Argivit Women Bright | Argivit<\/title>\n<meta name=\"robots\" content=\"index, follow, max-snippet:-1, max-image-preview:large, max-video-preview:-1\" \/>\n<link rel=\"canonical\" href=\"https:\/\/www.argivit.com\/ar\/urun\/argivit-women-bright\/\" \/>\n<meta property=\"og:locale\" content=\"ar_AR\" \/>\n<meta property=\"og:type\" content=\"article\" \/>\n<meta property=\"og:title\" content=\"Argivit Women Bright\" \/>\n<meta property=\"og:description\" content=\"Safr\u2019inside, Xtenergy, SkinAx2, Hyaluronik Asit, Biotin \u0130\u00e7eren Tablet Formunda Takviye Edici G\u0131da  Onay Numaras\u0131:\u00a0016607-21.02.2023\" \/>\n<meta property=\"og:url\" content=\"https:\/\/www.argivit.com\/ar\/urun\/argivit-women-bright\/\" \/>\n<meta property=\"og:site_name\" content=\"Argivit\" \/>\n<meta property=\"article:publisher\" content=\"https:\/\/www.facebook.com\/argivit\" \/>\n<meta property=\"og:image\" content=\"https:\/\/www.argivit.com\/wp-content\/uploads\/argivit-logo.webp\" \/>\n\t<meta property=\"og:image:width\" content=\"1200\" \/>\n\t<meta property=\"og:image:height\" content=\"675\" \/>\n\t<meta property=\"og:image:type\" content=\"image\/webp\" \/>\n<meta name=\"twitter:card\" content=\"summary_large_image\" \/>\n<meta name=\"twitter:site\" content=\"@argivit\" \/>\n<script type=\"application\/ld+json\" class=\"yoast-schema-graph\">{\"@context\":\"https:\/\/schema.org\",\"@graph\":[{\"@type\":\"WebPage\",\"@id\":\"https:\/\/www.argivit.com\/ar\/urun\/argivit-women-bright\/\",\"url\":\"https:\/\/www.argivit.com\/ar\/urun\/argivit-women-bright\/\",\"name\":\"Argivit Women Bright | Argivit\",\"isPartOf\":{\"@id\":\"https:\/\/www.argivit.com\/ar\/#website\"},\"primaryImageOfPage\":{\"@id\":\"https:\/\/www.argivit.com\/ar\/urun\/argivit-women-bright\/#primaryimage\"},\"image\":{\"@id\":\"https:\/\/www.argivit.com\/ar\/urun\/argivit-women-bright\/#primaryimage\"},\"thumbnailUrl\":\"https:\/\/www.argivit.com\/wp-content\/uploads\/argivit-women-bright.webp\",\"datePublished\":\"2025-10-06T14:41:53+00:00\",\"breadcrumb\":{\"@id\":\"https:\/\/www.argivit.com\/ar\/urun\/argivit-women-bright\/#breadcrumb\"},\"inLanguage\":\"ar\",\"potentialAction\":[{\"@type\":\"ReadAction\",\"target\":[\"https:\/\/www.argivit.com\/ar\/urun\/argivit-women-bright\/\"]}]},{\"@type\":\"ImageObject\",\"inLanguage\":\"ar\",\"@id\":\"https:\/\/www.argivit.com\/ar\/urun\/argivit-women-bright\/#primaryimage\",\"url\":\"https:\/\/www.argivit.com\/wp-content\/uploads\/argivit-women-bright.webp\",\"contentUrl\":\"https:\/\/www.argivit.com\/wp-content\/uploads\/argivit-women-bright.webp\",\"width\":800,\"height\":900,\"caption\":\"Argivit Women Bright - Kad\u0131nlar i\u00e7in Cilt ve Sa\u00e7 Vitamini\"},{\"@type\":\"BreadcrumbList\",\"@id\":\"https:\/\/www.argivit.com\/ar\/urun\/argivit-women-bright\/#breadcrumb\",\"itemListElement\":[{\"@type\":\"ListItem\",\"position\":1,\"name\":\"Ana Sayfa\",\"item\":\"https:\/\/www.argivit.com\/ar\/\"},{\"@type\":\"ListItem\",\"position\":2,\"name\":\"\u00dcr\u00fcnler\",\"item\":\"https:\/\/www.argivit.com\/urunler\/\"},{\"@type\":\"ListItem\",\"position\":3,\"name\":\"Argivit Women Bright\"}]},{\"@type\":\"WebSite\",\"@id\":\"https:\/\/www.argivit.com\/ar\/#website\",\"url\":\"https:\/\/www.argivit.com\/ar\/\",\"name\":\"Argivit\",\"description\":\"Hep \u0130leri Git\",\"publisher\":{\"@id\":\"https:\/\/www.argivit.com\/ar\/#organization\"},\"potentialAction\":[{\"@type\":\"SearchAction\",\"target\":{\"@type\":\"EntryPoint\",\"urlTemplate\":\"https:\/\/www.argivit.com\/ar\/?s={search_term_string}\"},\"query-input\":{\"@type\":\"PropertyValueSpecification\",\"valueRequired\":true,\"valueName\":\"search_term_string\"}}],\"inLanguage\":\"ar\"},{\"@type\":\"Organization\",\"@id\":\"https:\/\/www.argivit.com\/ar\/#organization\",\"name\":\"Argivit\",\"url\":\"https:\/\/www.argivit.com\/ar\/\",\"logo\":{\"@type\":\"ImageObject\",\"inLanguage\":\"ar\",\"@id\":\"https:\/\/www.argivit.com\/ar\/#\/schema\/logo\/image\/\",\"url\":\"https:\/\/www.argivit.com\/wp-content\/uploads\/argivit-logo.webp\",\"contentUrl\":\"https:\/\/www.argivit.com\/wp-content\/uploads\/argivit-logo.webp\",\"width\":1200,\"height\":675,\"caption\":\"Argivit\"},\"image\":{\"@id\":\"https:\/\/www.argivit.com\/ar\/#\/schema\/logo\/image\/\"},\"sameAs\":[\"https:\/\/www.facebook.com\/argivit\",\"https:\/\/x.com\/argivit\",\"https:\/\/www.instagram.com\/argivit\",\"https:\/\/www.linkedin.com\/company\/hekimilac\"],\"description\":\"Argivit olarak, Hekim \u0130la\u00e7 g\u00fcvencesiyle sa\u011fl\u0131kl\u0131 ve dengeli bir ya\u015fam s\u00fcrd\u00fcrmek isteyen herkes i\u00e7in bilimsel temellere dayal\u0131, g\u00fcvenilir ve etkili g\u0131da takviyeleri sunuyoruz. V\u00fccudun ihtiya\u00e7 duydu\u011fu vitamin, mineral ve besin desteklerini en y\u00fcksek kalite standartlar\u0131nda sizlere ula\u015ft\u0131r\u0131yoruz. \u00dcr\u00fcnlerimiz, \u00e7ocuklardan yeti\u015fkinlere kadar her ya\u015f grubunun gereksinimlerine uygun olarak form\u00fcle edilmi\u015ftir.\",\"email\":\"info@argivit.com\"}]}<\/script>\n<!-- \/ Yoast SEO Premium plugin. -->","yoast_head_json":{"title":"Argivit Women Bright | Argivit","robots":{"index":"index","follow":"follow","max-snippet":"max-snippet:-1","max-image-preview":"max-image-preview:large","max-video-preview":"max-video-preview:-1"},"canonical":"https:\/\/www.argivit.com\/ar\/urun\/argivit-women-bright\/","og_locale":"ar_AR","og_type":"article","og_title":"Argivit Women Bright","og_description":"Safr\u2019inside, Xtenergy, SkinAx2, Hyaluronik Asit, Biotin \u0130\u00e7eren Tablet Formunda Takviye Edici G\u0131da  Onay Numaras\u0131:\u00a0016607-21.02.2023","og_url":"https:\/\/www.argivit.com\/ar\/urun\/argivit-women-bright\/","og_site_name":"Argivit","article_publisher":"https:\/\/www.facebook.com\/argivit","og_image":[{"width":1200,"height":675,"url":"https:\/\/www.argivit.com\/wp-content\/uploads\/argivit-logo.webp","type":"image\/webp"}],"twitter_card":"summary_large_image","twitter_site":"@argivit","schema":{"@context":"https:\/\/schema.org","@graph":[{"@type":"WebPage","@id":"https:\/\/www.argivit.com\/ar\/urun\/argivit-women-bright\/","url":"https:\/\/www.argivit.com\/ar\/urun\/argivit-women-bright\/","name":"Argivit Women Bright | Argivit","isPartOf":{"@id":"https:\/\/www.argivit.com\/ar\/#website"},"primaryImageOfPage":{"@id":"https:\/\/www.argivit.com\/ar\/urun\/argivit-women-bright\/#primaryimage"},"image":{"@id":"https:\/\/www.argivit.com\/ar\/urun\/argivit-women-bright\/#primaryimage"},"thumbnailUrl":"https:\/\/www.argivit.com\/wp-content\/uploads\/argivit-women-bright.webp","datePublished":"2025-10-06T14:41:53+00:00","breadcrumb":{"@id":"https:\/\/www.argivit.com\/ar\/urun\/argivit-women-bright\/#breadcrumb"},"inLanguage":"ar","potentialAction":[{"@type":"ReadAction","target":["https:\/\/www.argivit.com\/ar\/urun\/argivit-women-bright\/"]}]},{"@type":"ImageObject","inLanguage":"ar","@id":"https:\/\/www.argivit.com\/ar\/urun\/argivit-women-bright\/#primaryimage","url":"https:\/\/www.argivit.com\/wp-content\/uploads\/argivit-women-bright.webp","contentUrl":"https:\/\/www.argivit.com\/wp-content\/uploads\/argivit-women-bright.webp","width":800,"height":900,"caption":"Argivit Women Bright - Kad\u0131nlar i\u00e7in Cilt ve Sa\u00e7 Vitamini"},{"@type":"BreadcrumbList","@id":"https:\/\/www.argivit.com\/ar\/urun\/argivit-women-bright\/#breadcrumb","itemListElement":[{"@type":"ListItem","position":1,"name":"Ana Sayfa","item":"https:\/\/www.argivit.com\/ar\/"},{"@type":"ListItem","position":2,"name":"\u00dcr\u00fcnler","item":"https:\/\/www.argivit.com\/urunler\/"},{"@type":"ListItem","position":3,"name":"Argivit Women Bright"}]},{"@type":"WebSite","@id":"https:\/\/www.argivit.com\/ar\/#website","url":"https:\/\/www.argivit.com\/ar\/","name":"Argivit","description":"Hep \u0130leri Git","publisher":{"@id":"https:\/\/www.argivit.com\/ar\/#organization"},"potentialAction":[{"@type":"SearchAction","target":{"@type":"EntryPoint","urlTemplate":"https:\/\/www.argivit.com\/ar\/?s={search_term_string}"},"query-input":{"@type":"PropertyValueSpecification","valueRequired":true,"valueName":"search_term_string"}}],"inLanguage":"ar"},{"@type":"Organization","@id":"https:\/\/www.argivit.com\/ar\/#organization","name":"Argivit","url":"https:\/\/www.argivit.com\/ar\/","logo":{"@type":"ImageObject","inLanguage":"ar","@id":"https:\/\/www.argivit.com\/ar\/#\/schema\/logo\/image\/","url":"https:\/\/www.argivit.com\/wp-content\/uploads\/argivit-logo.webp","contentUrl":"https:\/\/www.argivit.com\/wp-content\/uploads\/argivit-logo.webp","width":1200,"height":675,"caption":"Argivit"},"image":{"@id":"https:\/\/www.argivit.com\/ar\/#\/schema\/logo\/image\/"},"sameAs":["https:\/\/www.facebook.com\/argivit","https:\/\/x.com\/argivit","https:\/\/www.instagram.com\/argivit","https:\/\/www.linkedin.com\/company\/hekimilac"],"description":"Argivit olarak, Hekim \u0130la\u00e7 g\u00fcvencesiyle sa\u011fl\u0131kl\u0131 ve dengeli bir ya\u015fam s\u00fcrd\u00fcrmek isteyen herkes i\u00e7in bilimsel temellere dayal\u0131, g\u00fcvenilir ve etkili g\u0131da takviyeleri sunuyoruz. V\u00fccudun ihtiya\u00e7 duydu\u011fu vitamin, mineral ve besin desteklerini en y\u00fcksek kalite standartlar\u0131nda sizlere ula\u015ft\u0131r\u0131yoruz. \u00dcr\u00fcnlerimiz, \u00e7ocuklardan yeti\u015fkinlere kadar her ya\u015f grubunun gereksinimlerine uygun olarak form\u00fcle edilmi\u015ftir.","email":"info@argivit.com"}]}},"_links":{"self":[{"href":"https:\/\/www.argivit.com\/ar\/wp-json\/wp\/v2\/product\/32281","targetHints":{"allow":["GET"]}}],"collection":[{"href":"https:\/\/www.argivit.com\/ar\/wp-json\/wp\/v2\/product"}],"about":[{"href":"https:\/\/www.argivit.com\/ar\/wp-json\/wp\/v2\/types\/product"}],"wp:featuredmedia":[{"embeddable":true,"href":"https:\/\/www.argivit.com\/ar\/wp-json\/wp\/v2\/media\/32282"}],"wp:attachment":[{"href":"https:\/\/www.argivit.com\/ar\/wp-json\/wp\/v2\/media?parent=32281"}],"wp:term":[{"taxonomy":"product_cat","embeddable":true,"href":"https:\/\/www.argivit.com\/ar\/wp-json\/wp\/v2\/product_cat?post=32281"},{"taxonomy":"product_tag","embeddable":true,"href":"https:\/\/www.argivit.com\/ar\/wp-json\/wp\/v2\/product_tag?post=32281"}],"curies":[{"name":"wp","href":"https:\/\/api.w.org\/{rel}","templated":true}]}}