{"id":32351,"date":"2025-10-06T17:41:02","date_gmt":"2025-10-06T14:41:02","guid":{"rendered":"https:\/\/www.argivit.com\/urun\/argivit-ostose-3-plus\/"},"modified":"2025-10-06T17:41:02","modified_gmt":"2025-10-06T14:41:02","slug":"argivit-ostose-3-plus","status":"publish","type":"product","link":"https:\/\/www.argivit.com\/ar\/urun\/argivit-ostose-3-plus\/","title":{"rendered":"Argivit Ostose 3 Plus"},"content":{"rendered":"<h2>Argivit Ostose 3 Plus Nedir?<\/h2>\n<p>\u00c7ocuklar\u0131n\u0131z\u0131n ve ailenizin kemik sa\u011fl\u0131\u011f\u0131 i\u00e7in geli\u015fmi\u015f bir destek mi ar\u0131yorsunuz? Argivit Ostose 3 Plus, normal kemiklerin korunmas\u0131 i\u00e7in hayati \u00f6nem ta\u015f\u0131yan D3 ve K2 vitaminlerini, temel bir besin olan Omega-3 ile birle\u015ftiren yeni nesil bir form\u00fcld\u00fcr. Pratik damla formu, t\u00fcm ailenin bu g\u00fc\u00e7l\u00fc \u00fc\u00e7l\u00fc deste\u011fi kolayca almas\u0131n\u0131 sa\u011flar.<\/p>\n<h2>Nas\u0131l Kullan\u0131l\u0131r?<\/h2>\n<p><strong>Tavsiye Edilen G\u00fcnl\u00fck Al\u0131m Dozu<\/strong><\/p>\n<p>Takviye edici g\u0131da olarak 4-10 ya\u015f grubu \u00e7ocuklar i\u00e7in g\u00fcnde 2 damla, 11 ya\u015f ve \u00fczeri yeti\u015fkinler i\u00e7in g\u00fcnde 5 damla t\u00fcketilmesi tavsiye edilir.<\/p>\n<p><strong>Muhafaza Ko\u015fullar\u0131<\/strong><\/p>\n<ol>\n<li>25\u00b0C\u2019nin alt\u0131ndaki oda s\u0131cakl\u0131\u011f\u0131nda, nemden ve g\u00fcne\u015f \u0131\u015f\u0131\u011f\u0131ndan koruyarak saklay\u0131n\u0131z.<\/li>\n<li>A\u00e7\u0131ld\u0131ktan sonra alt\u0131 ay i\u00e7erisinde t\u00fcketilmesi \u00f6nerilmektedir.<\/li>\n<\/ol>\n<h2>Uyar\u0131lar<\/h2>\n<ul>\n<li><strong>\u0130la\u00e7 de\u011fildir.<\/strong><\/li>\n<li>Hastal\u0131klar\u0131n \u00f6nlenmesi veya tedavi edilmesi amac\u0131yla kullan\u0131lmaz.<\/li>\n<li>Takviye edici g\u0131dalar normal beslenmenin yerine ge\u00e7emez.<\/li>\n<li>Tavsiye edilen g\u00fcnl\u00fck kullan\u0131m miktar\u0131n\u0131 a\u015fmay\u0131n.<\/li>\n<li>\u00c7ocuklar\u0131n ula\u015famayaca\u011f\u0131 yerde saklay\u0131n.<\/li>\n<li>Hamilelik ve emzirme d\u00f6nemi ile hastal\u0131k veya ila\u00e7 kullan\u0131lmas\u0131 durumlar\u0131nda doktorunuza dan\u0131\u015f\u0131n.<\/li>\n<\/ul>\n<p><b>Dengeli ve \u00e7e\u015fitli beslenme sa\u011fl\u0131kl\u0131 ya\u015fam i\u00e7in \u00f6nemlidir.<\/b><\/p>\n","protected":false},"excerpt":{"rendered":"<p>Omega 3, Vitamin D3 ve Vitamin K2 \u0130\u00e7eren Takviye Edici G\u0131da<\/p>\n","protected":false},"featured_media":32352,"template":"","meta":[],"product_cat":[169],"product_tag":[],"class_list":{"0":"post-32351","1":"product","2":"type-product","3":"status-publish","4":"has-post-thumbnail","6":"product_brand-argivit","7":"product_cat-omega-3-ve-balik-yaglari","9":"first","10":"instock","11":"shipping-taxable","12":"product-type-external"},"yoast_head":"<!-- This site is optimized with the Yoast SEO Premium plugin v27.0 (Yoast SEO v27.0) - https:\/\/yoast.com\/product\/yoast-seo-premium-wordpress\/ -->\n<title>Argivit Ostose 3 Plus | Argivit<\/title>\n<meta name=\"robots\" content=\"index, follow, max-snippet:-1, max-image-preview:large, max-video-preview:-1\" \/>\n<link rel=\"canonical\" href=\"https:\/\/www.argivit.com\/ar\/urun\/argivit-ostose-3-plus\/\" \/>\n<meta property=\"og:locale\" content=\"ar_AR\" \/>\n<meta property=\"og:type\" content=\"article\" \/>\n<meta property=\"og:title\" content=\"Argivit Ostose 3 Plus\" \/>\n<meta property=\"og:description\" content=\"Omega 3, Vitamin D3 ve Vitamin K2 \u0130\u00e7eren Takviye Edici G\u0131da\" \/>\n<meta property=\"og:url\" content=\"https:\/\/www.argivit.com\/ar\/urun\/argivit-ostose-3-plus\/\" \/>\n<meta property=\"og:site_name\" content=\"Argivit\" \/>\n<meta property=\"article:publisher\" content=\"https:\/\/www.facebook.com\/argivit\" \/>\n<meta property=\"og:image\" content=\"https:\/\/www.argivit.com\/wp-content\/uploads\/argivit-logo.webp\" \/>\n\t<meta property=\"og:image:width\" content=\"1200\" \/>\n\t<meta property=\"og:image:height\" content=\"675\" \/>\n\t<meta property=\"og:image:type\" content=\"image\/webp\" \/>\n<meta name=\"twitter:card\" content=\"summary_large_image\" \/>\n<meta name=\"twitter:site\" content=\"@argivit\" \/>\n<script type=\"application\/ld+json\" class=\"yoast-schema-graph\">{\"@context\":\"https:\/\/schema.org\",\"@graph\":[{\"@type\":\"WebPage\",\"@id\":\"https:\/\/www.argivit.com\/ar\/urun\/argivit-ostose-3-plus\/\",\"url\":\"https:\/\/www.argivit.com\/ar\/urun\/argivit-ostose-3-plus\/\",\"name\":\"Argivit Ostose 3 Plus | Argivit\",\"isPartOf\":{\"@id\":\"https:\/\/www.argivit.com\/ar\/#website\"},\"primaryImageOfPage\":{\"@id\":\"https:\/\/www.argivit.com\/ar\/urun\/argivit-ostose-3-plus\/#primaryimage\"},\"image\":{\"@id\":\"https:\/\/www.argivit.com\/ar\/urun\/argivit-ostose-3-plus\/#primaryimage\"},\"thumbnailUrl\":\"https:\/\/www.argivit.com\/wp-content\/uploads\/argivit-ostose3-plus.webp\",\"datePublished\":\"2025-10-06T14:41:02+00:00\",\"breadcrumb\":{\"@id\":\"https:\/\/www.argivit.com\/ar\/urun\/argivit-ostose-3-plus\/#breadcrumb\"},\"inLanguage\":\"ar\",\"potentialAction\":[{\"@type\":\"ReadAction\",\"target\":[\"https:\/\/www.argivit.com\/ar\/urun\/argivit-ostose-3-plus\/\"]}]},{\"@type\":\"ImageObject\",\"inLanguage\":\"ar\",\"@id\":\"https:\/\/www.argivit.com\/ar\/urun\/argivit-ostose-3-plus\/#primaryimage\",\"url\":\"https:\/\/www.argivit.com\/wp-content\/uploads\/argivit-ostose3-plus.webp\",\"contentUrl\":\"https:\/\/www.argivit.com\/wp-content\/uploads\/argivit-ostose3-plus.webp\",\"width\":800,\"height\":900,\"caption\":\"Argivit Ostose 3 Plus - Omega 3, Vitamin D3 ve Vitamin K2 \u0130\u00e7eren Takviye Edici G\u0131da\"},{\"@type\":\"BreadcrumbList\",\"@id\":\"https:\/\/www.argivit.com\/ar\/urun\/argivit-ostose-3-plus\/#breadcrumb\",\"itemListElement\":[{\"@type\":\"ListItem\",\"position\":1,\"name\":\"Ana Sayfa\",\"item\":\"https:\/\/www.argivit.com\/ar\/\"},{\"@type\":\"ListItem\",\"position\":2,\"name\":\"\u00dcr\u00fcnler\",\"item\":\"https:\/\/www.argivit.com\/urunler\/\"},{\"@type\":\"ListItem\",\"position\":3,\"name\":\"Argivit Ostose 3 Plus\"}]},{\"@type\":\"WebSite\",\"@id\":\"https:\/\/www.argivit.com\/ar\/#website\",\"url\":\"https:\/\/www.argivit.com\/ar\/\",\"name\":\"Argivit\",\"description\":\"Hep \u0130leri Git\",\"publisher\":{\"@id\":\"https:\/\/www.argivit.com\/ar\/#organization\"},\"potentialAction\":[{\"@type\":\"SearchAction\",\"target\":{\"@type\":\"EntryPoint\",\"urlTemplate\":\"https:\/\/www.argivit.com\/ar\/?s={search_term_string}\"},\"query-input\":{\"@type\":\"PropertyValueSpecification\",\"valueRequired\":true,\"valueName\":\"search_term_string\"}}],\"inLanguage\":\"ar\"},{\"@type\":\"Organization\",\"@id\":\"https:\/\/www.argivit.com\/ar\/#organization\",\"name\":\"Argivit\",\"url\":\"https:\/\/www.argivit.com\/ar\/\",\"logo\":{\"@type\":\"ImageObject\",\"inLanguage\":\"ar\",\"@id\":\"https:\/\/www.argivit.com\/ar\/#\/schema\/logo\/image\/\",\"url\":\"https:\/\/www.argivit.com\/wp-content\/uploads\/argivit-logo.webp\",\"contentUrl\":\"https:\/\/www.argivit.com\/wp-content\/uploads\/argivit-logo.webp\",\"width\":1200,\"height\":675,\"caption\":\"Argivit\"},\"image\":{\"@id\":\"https:\/\/www.argivit.com\/ar\/#\/schema\/logo\/image\/\"},\"sameAs\":[\"https:\/\/www.facebook.com\/argivit\",\"https:\/\/x.com\/argivit\",\"https:\/\/www.instagram.com\/argivit\",\"https:\/\/www.linkedin.com\/company\/hekimilac\"],\"description\":\"Argivit olarak, Hekim \u0130la\u00e7 g\u00fcvencesiyle sa\u011fl\u0131kl\u0131 ve dengeli bir ya\u015fam s\u00fcrd\u00fcrmek isteyen herkes i\u00e7in bilimsel temellere dayal\u0131, g\u00fcvenilir ve etkili g\u0131da takviyeleri sunuyoruz. V\u00fccudun ihtiya\u00e7 duydu\u011fu vitamin, mineral ve besin desteklerini en y\u00fcksek kalite standartlar\u0131nda sizlere ula\u015ft\u0131r\u0131yoruz. \u00dcr\u00fcnlerimiz, \u00e7ocuklardan yeti\u015fkinlere kadar her ya\u015f grubunun gereksinimlerine uygun olarak form\u00fcle edilmi\u015ftir.\",\"email\":\"info@argivit.com\"}]}<\/script>\n<!-- \/ Yoast SEO Premium plugin. -->","yoast_head_json":{"title":"Argivit Ostose 3 Plus | Argivit","robots":{"index":"index","follow":"follow","max-snippet":"max-snippet:-1","max-image-preview":"max-image-preview:large","max-video-preview":"max-video-preview:-1"},"canonical":"https:\/\/www.argivit.com\/ar\/urun\/argivit-ostose-3-plus\/","og_locale":"ar_AR","og_type":"article","og_title":"Argivit Ostose 3 Plus","og_description":"Omega 3, Vitamin D3 ve Vitamin K2 \u0130\u00e7eren Takviye Edici G\u0131da","og_url":"https:\/\/www.argivit.com\/ar\/urun\/argivit-ostose-3-plus\/","og_site_name":"Argivit","article_publisher":"https:\/\/www.facebook.com\/argivit","og_image":[{"width":1200,"height":675,"url":"https:\/\/www.argivit.com\/wp-content\/uploads\/argivit-logo.webp","type":"image\/webp"}],"twitter_card":"summary_large_image","twitter_site":"@argivit","schema":{"@context":"https:\/\/schema.org","@graph":[{"@type":"WebPage","@id":"https:\/\/www.argivit.com\/ar\/urun\/argivit-ostose-3-plus\/","url":"https:\/\/www.argivit.com\/ar\/urun\/argivit-ostose-3-plus\/","name":"Argivit Ostose 3 Plus | Argivit","isPartOf":{"@id":"https:\/\/www.argivit.com\/ar\/#website"},"primaryImageOfPage":{"@id":"https:\/\/www.argivit.com\/ar\/urun\/argivit-ostose-3-plus\/#primaryimage"},"image":{"@id":"https:\/\/www.argivit.com\/ar\/urun\/argivit-ostose-3-plus\/#primaryimage"},"thumbnailUrl":"https:\/\/www.argivit.com\/wp-content\/uploads\/argivit-ostose3-plus.webp","datePublished":"2025-10-06T14:41:02+00:00","breadcrumb":{"@id":"https:\/\/www.argivit.com\/ar\/urun\/argivit-ostose-3-plus\/#breadcrumb"},"inLanguage":"ar","potentialAction":[{"@type":"ReadAction","target":["https:\/\/www.argivit.com\/ar\/urun\/argivit-ostose-3-plus\/"]}]},{"@type":"ImageObject","inLanguage":"ar","@id":"https:\/\/www.argivit.com\/ar\/urun\/argivit-ostose-3-plus\/#primaryimage","url":"https:\/\/www.argivit.com\/wp-content\/uploads\/argivit-ostose3-plus.webp","contentUrl":"https:\/\/www.argivit.com\/wp-content\/uploads\/argivit-ostose3-plus.webp","width":800,"height":900,"caption":"Argivit Ostose 3 Plus - Omega 3, Vitamin D3 ve Vitamin K2 \u0130\u00e7eren Takviye Edici G\u0131da"},{"@type":"BreadcrumbList","@id":"https:\/\/www.argivit.com\/ar\/urun\/argivit-ostose-3-plus\/#breadcrumb","itemListElement":[{"@type":"ListItem","position":1,"name":"Ana Sayfa","item":"https:\/\/www.argivit.com\/ar\/"},{"@type":"ListItem","position":2,"name":"\u00dcr\u00fcnler","item":"https:\/\/www.argivit.com\/urunler\/"},{"@type":"ListItem","position":3,"name":"Argivit Ostose 3 Plus"}]},{"@type":"WebSite","@id":"https:\/\/www.argivit.com\/ar\/#website","url":"https:\/\/www.argivit.com\/ar\/","name":"Argivit","description":"Hep \u0130leri Git","publisher":{"@id":"https:\/\/www.argivit.com\/ar\/#organization"},"potentialAction":[{"@type":"SearchAction","target":{"@type":"EntryPoint","urlTemplate":"https:\/\/www.argivit.com\/ar\/?s={search_term_string}"},"query-input":{"@type":"PropertyValueSpecification","valueRequired":true,"valueName":"search_term_string"}}],"inLanguage":"ar"},{"@type":"Organization","@id":"https:\/\/www.argivit.com\/ar\/#organization","name":"Argivit","url":"https:\/\/www.argivit.com\/ar\/","logo":{"@type":"ImageObject","inLanguage":"ar","@id":"https:\/\/www.argivit.com\/ar\/#\/schema\/logo\/image\/","url":"https:\/\/www.argivit.com\/wp-content\/uploads\/argivit-logo.webp","contentUrl":"https:\/\/www.argivit.com\/wp-content\/uploads\/argivit-logo.webp","width":1200,"height":675,"caption":"Argivit"},"image":{"@id":"https:\/\/www.argivit.com\/ar\/#\/schema\/logo\/image\/"},"sameAs":["https:\/\/www.facebook.com\/argivit","https:\/\/x.com\/argivit","https:\/\/www.instagram.com\/argivit","https:\/\/www.linkedin.com\/company\/hekimilac"],"description":"Argivit olarak, Hekim \u0130la\u00e7 g\u00fcvencesiyle sa\u011fl\u0131kl\u0131 ve dengeli bir ya\u015fam s\u00fcrd\u00fcrmek isteyen herkes i\u00e7in bilimsel temellere dayal\u0131, g\u00fcvenilir ve etkili g\u0131da takviyeleri sunuyoruz. V\u00fccudun ihtiya\u00e7 duydu\u011fu vitamin, mineral ve besin desteklerini en y\u00fcksek kalite standartlar\u0131nda sizlere ula\u015ft\u0131r\u0131yoruz. \u00dcr\u00fcnlerimiz, \u00e7ocuklardan yeti\u015fkinlere kadar her ya\u015f grubunun gereksinimlerine uygun olarak form\u00fcle edilmi\u015ftir.","email":"info@argivit.com"}]}},"_links":{"self":[{"href":"https:\/\/www.argivit.com\/ar\/wp-json\/wp\/v2\/product\/32351","targetHints":{"allow":["GET"]}}],"collection":[{"href":"https:\/\/www.argivit.com\/ar\/wp-json\/wp\/v2\/product"}],"about":[{"href":"https:\/\/www.argivit.com\/ar\/wp-json\/wp\/v2\/types\/product"}],"wp:featuredmedia":[{"embeddable":true,"href":"https:\/\/www.argivit.com\/ar\/wp-json\/wp\/v2\/media\/32352"}],"wp:attachment":[{"href":"https:\/\/www.argivit.com\/ar\/wp-json\/wp\/v2\/media?parent=32351"}],"wp:term":[{"taxonomy":"product_cat","embeddable":true,"href":"https:\/\/www.argivit.com\/ar\/wp-json\/wp\/v2\/product_cat?post=32351"},{"taxonomy":"product_tag","embeddable":true,"href":"https:\/\/www.argivit.com\/ar\/wp-json\/wp\/v2\/product_tag?post=32351"}],"curies":[{"name":"wp","href":"https:\/\/api.w.org\/{rel}","templated":true}]}}