{"id":30886,"date":"2023-05-06T03:36:22","date_gmt":"2023-05-06T00:36:22","guid":{"rendered":"http:\/\/argivit.hekimilac.com\/gizlilik-politikasi\/"},"modified":"2025-11-06T17:54:43","modified_gmt":"2025-11-06T14:54:43","slug":"privacy-policy","status":"publish","type":"page","link":"https:\/\/www.argivit.com\/en\/privacy-policy\/","title":{"rendered":"Privacy Policy"},"content":{"rendered":"\t\t<div data-elementor-type=\"wp-page\" data-elementor-id=\"30886\" class=\"elementor elementor-30886 elementor-25865\" data-elementor-post-type=\"page\">\n\t\t\t\t\t\t<div class=\"elementor-section elementor-top-section elementor-element elementor-element-009f741 elementor-section-boxed elementor-section-height-default elementor-section-height-default\" data-id=\"009f741\" data-element_type=\"section\" data-e-type=\"section\">\n\t\t\t\t\t\t<div class=\"elementor-container elementor-column-gap-default\">\n\t\t\t\t\t<div class=\"elementor-column elementor-col-100 elementor-top-column elementor-element elementor-element-bd082bf\" data-id=\"bd082bf\" data-element_type=\"column\" data-e-type=\"column\">\n\t\t\t<div class=\"elementor-widget-wrap elementor-element-populated\">\n\t\t\t\t\t\t<div class=\"elementor-element elementor-element-71e147c elementor-widget elementor-widget-text-editor\" data-id=\"71e147c\" data-element_type=\"widget\" data-e-type=\"widget\" data-widget_type=\"text-editor.default\">\n\t\t\t\t\t\t\t\t\t<p>At Argivit (the &#8220;Site&#8221;), we are committed to protecting your privacy and the security of your personal data. This Privacy Policy explains what information we collect when you visit our website, <a href=\"\/en\">www.argivit.com<\/a>, why we collect it, and how we use it. <\/p><p>This policy outlines our general privacy practices. For the detailed and formal legal notice regarding the processing of your personal data under the Turkish Law on the Protection of Personal Data No. 6698 (&#8220;KVKK&#8221;), please see our <strong><a href=\"https:\/\/www.argivit.com\/en\/privacy-notice\/\">KVKK Disclosure Text<\/a><\/strong>. <\/p>\t\t\t\t\t\t\t\t<\/div>\n\t\t\t\t<div class=\"elementor-element elementor-element-570979a elementor-widget elementor-widget-heading\" data-id=\"570979a\" data-element_type=\"widget\" data-e-type=\"widget\" data-widget_type=\"heading.default\">\n\t\t\t\t\t<h2 class=\"elementor-heading-title elementor-size-default\">1. What Information Do We Collect?<\/h2>\t\t\t\t<\/div>\n\t\t\t\t<div class=\"elementor-element elementor-element-f89259c elementor-widget elementor-widget-text-editor\" data-id=\"f89259c\" data-element_type=\"widget\" data-e-type=\"widget\" data-widget_type=\"text-editor.default\">\n\t\t\t\t\t\t\t\t\t<ul><li><p><b>Information You Provide to Us:<\/b> This includes personal information such as your name, surname, and email address, which you provide when you fill out our contact form or subscribe to our newsletter.<\/p><\/li><li><p><b>Information Collected Automatically:<\/b> When you browse our Site, we automatically collect certain technical information, such as your IP address, browser type, and the duration of your visit. This data is gathered via cookies to provide you with a better user experience. <\/p><\/li><\/ul>\t\t\t\t\t\t\t\t<\/div>\n\t\t\t\t<div class=\"elementor-element elementor-element-68c4f77 elementor-widget elementor-widget-heading\" data-id=\"68c4f77\" data-element_type=\"widget\" data-e-type=\"widget\" data-widget_type=\"heading.default\">\n\t\t\t\t\t<h2 class=\"elementor-heading-title elementor-size-default\">2. How We Use Your Information?<\/h2>\t\t\t\t<\/div>\n\t\t\t\t<div class=\"elementor-element elementor-element-c109b11 elementor-widget elementor-widget-text-editor\" data-id=\"c109b11\" data-element_type=\"widget\" data-e-type=\"widget\" data-widget_type=\"text-editor.default\">\n\t\t\t\t\t\t\t\t\t<p>We use the information we collect for the following purposes:<\/p><ul><li><p>To respond to your inquiries and communicate with you.<\/p><\/li><li><p>To send you emails about our new blog posts and announcements, with your permission.<\/p><\/li><li><p>To improve our services and the user experience by analyzing how you use our Site.<\/p><\/li><li><p>To ensure the security of our Site and to fulfill our legal obligations.<\/p><\/li><\/ul>\t\t\t\t\t\t\t\t<\/div>\n\t\t\t\t<div class=\"elementor-element elementor-element-dd827f1 elementor-widget elementor-widget-heading\" data-id=\"dd827f1\" data-element_type=\"widget\" data-e-type=\"widget\" data-widget_type=\"heading.default\">\n\t\t\t\t\t<h2 class=\"elementor-heading-title elementor-size-default\">3. How We Share Your Information?<\/h2>\t\t\t\t<\/div>\n\t\t\t\t<div class=\"elementor-element elementor-element-53188ab elementor-widget elementor-widget-text-editor\" data-id=\"53188ab\" data-element_type=\"widget\" data-e-type=\"widget\" data-widget_type=\"text-editor.default\">\n\t\t\t\t\t\t\t\t\t<p>Your personal information is important to us; we do not sell or rent it to third parties for commercial purposes. We may share your information only with trusted service providers who assist us in operating our Site (such as hosting and email distribution services), or with authorized public authorities if required to do so by law. <\/p>\t\t\t\t\t\t\t\t<\/div>\n\t\t\t\t<div class=\"elementor-element elementor-element-f492004 elementor-widget elementor-widget-heading\" data-id=\"f492004\" data-element_type=\"widget\" data-e-type=\"widget\" data-widget_type=\"heading.default\">\n\t\t\t\t\t<h2 class=\"elementor-heading-title elementor-size-default\">4. Your Rights and Choices?<\/h2>\t\t\t\t<\/div>\n\t\t\t\t<div class=\"elementor-element elementor-element-17765a9 elementor-widget elementor-widget-text-editor\" data-id=\"17765a9\" data-element_type=\"widget\" data-e-type=\"widget\" data-widget_type=\"text-editor.default\">\n\t\t\t\t\t\t\t\t\t<p>You have full control over your personal data. You have many rights, including the right to request the correction or deletion of your data, and to object to its processing. <\/p><p>For a detailed list of all your legal rights under the KVKK and for information on how to exercise them, please refer to our <b><strong><a href=\"https:\/\/www.argivit.com\/en\/privacy-notice\/\">KVKK Disclosure Text<\/a><\/strong><\/b>.<\/p>\t\t\t\t\t\t\t\t<\/div>\n\t\t\t\t<div class=\"elementor-element elementor-element-48e6b1d elementor-widget elementor-widget-heading\" data-id=\"48e6b1d\" data-element_type=\"widget\" data-e-type=\"widget\" data-widget_type=\"heading.default\">\n\t\t\t\t\t<h2 class=\"elementor-heading-title elementor-size-default\">5. Cookies<\/h2>\t\t\t\t<\/div>\n\t\t\t\t<div class=\"elementor-element elementor-element-161b85d elementor-widget elementor-widget-text-editor\" data-id=\"161b85d\" data-element_type=\"widget\" data-e-type=\"widget\" data-widget_type=\"text-editor.default\">\n\t\t\t\t\t\t\t\t\t<p>For detailed information about the cookies we use and how you can manage them, please visit our <b><a href=\"https:\/\/www.argivit.com\/en\/cookie-policy\/\">Cookie Policy<\/a><\/b>.<\/p>\t\t\t\t\t\t\t\t<\/div>\n\t\t\t\t<div class=\"elementor-element elementor-element-60aa9fc elementor-widget elementor-widget-heading\" data-id=\"60aa9fc\" data-element_type=\"widget\" data-e-type=\"widget\" data-widget_type=\"heading.default\">\n\t\t\t\t\t<h2 class=\"elementor-heading-title elementor-size-default\">6. Contact<\/h2>\t\t\t\t<\/div>\n\t\t\t\t<div class=\"elementor-element elementor-element-d49fe56 elementor-widget elementor-widget-text-editor\" data-id=\"d49fe56\" data-element_type=\"widget\" data-e-type=\"widget\" data-widget_type=\"text-editor.default\">\n\t\t\t\t\t\t\t\t\t<p>If you have any questions about this Privacy Policy or your personal data, please contact us at <b><a href=\"mailto:info@argivit.com\">info@argivit.com<\/a><\/b>.<\/p>\t\t\t\t\t\t\t\t<\/div>\n\t\t\t\t\t<\/div>\n\t\t<\/div>\n\t\t\t\t\t<\/div>\n\t\t<\/div>\n\t\t\t\t<\/div>\n\t\t","protected":false},"excerpt":{"rendered":"<p>At Argivit (the &#8220;Site&#8221;), we are committed to protecting your privacy and the security of your personal data. This Privacy Policy explains what information we collect when you visit our website, www.argivit.com, why we collect it, and how we use it. This policy outlines our general privacy practices. For the detailed and formal legal notice [&hellip;]<\/p>\n","protected":false},"author":1,"featured_media":0,"parent":0,"menu_order":0,"comment_status":"closed","ping_status":"closed","template":"","meta":{"footnotes":""},"class_list":["post-30886","page","type-page","status-publish","hentry"],"yoast_head":"<!-- This site is optimized with the Yoast SEO Premium plugin v27.0 (Yoast SEO v27.0) - https:\/\/yoast.com\/product\/yoast-seo-premium-wordpress\/ -->\n<title>Privacy Policy | Argivit<\/title>\n<meta name=\"robots\" content=\"noindex, follow\" \/>\n<meta property=\"og:locale\" content=\"en_US\" \/>\n<meta property=\"og:type\" content=\"article\" \/>\n<meta property=\"og:title\" content=\"Privacy Policy\" \/>\n<meta property=\"og:description\" content=\"At Argivit (the &#8220;Site&#8221;), we are committed to protecting your privacy and the security of your personal data. This Privacy Policy explains what information we collect when you visit our website, www.argivit.com, why we collect it, and how we use it. This policy outlines our general privacy practices. For the detailed and formal legal notice [&hellip;]\" \/>\n<meta property=\"og:url\" content=\"https:\/\/www.argivit.com\/en\/privacy-policy\/\" \/>\n<meta property=\"og:site_name\" content=\"Argivit\" \/>\n<meta property=\"article:publisher\" content=\"https:\/\/www.facebook.com\/argivit\" \/>\n<meta property=\"article:modified_time\" content=\"2025-11-06T14:54:43+00:00\" \/>\n<meta property=\"og:image\" content=\"https:\/\/www.argivit.com\/wp-content\/uploads\/argivit-logo.webp\" \/>\n\t<meta property=\"og:image:width\" content=\"1200\" \/>\n\t<meta property=\"og:image:height\" content=\"675\" \/>\n\t<meta property=\"og:image:type\" content=\"image\/webp\" \/>\n<meta name=\"twitter:card\" content=\"summary_large_image\" \/>\n<meta name=\"twitter:site\" content=\"@argivit\" \/>\n<script type=\"application\/ld+json\" class=\"yoast-schema-graph\">{\"@context\":\"https:\/\/schema.org\",\"@graph\":[{\"@type\":\"WebPage\",\"@id\":\"https:\/\/www.argivit.com\/en\/privacy-policy\/\",\"url\":\"https:\/\/www.argivit.com\/en\/privacy-policy\/\",\"name\":\"Privacy Policy | Argivit\",\"isPartOf\":{\"@id\":\"https:\/\/www.argivit.com\/en\/#website\"},\"datePublished\":\"2023-05-06T00:36:22+00:00\",\"dateModified\":\"2025-11-06T14:54:43+00:00\",\"breadcrumb\":{\"@id\":\"https:\/\/www.argivit.com\/en\/privacy-policy\/#breadcrumb\"},\"inLanguage\":\"en-US\",\"potentialAction\":[{\"@type\":\"ReadAction\",\"target\":[\"https:\/\/www.argivit.com\/en\/privacy-policy\/\"]}]},{\"@type\":\"BreadcrumbList\",\"@id\":\"https:\/\/www.argivit.com\/en\/privacy-policy\/#breadcrumb\",\"itemListElement\":[{\"@type\":\"ListItem\",\"position\":1,\"name\":\"Home\",\"item\":\"https:\/\/www.argivit.com\/en\/\"},{\"@type\":\"ListItem\",\"position\":2,\"name\":\"Privacy Policy\"}]},{\"@type\":\"WebSite\",\"@id\":\"https:\/\/www.argivit.com\/en\/#website\",\"url\":\"https:\/\/www.argivit.com\/en\/\",\"name\":\"Argivit\",\"description\":\"Keep Moving Forward\",\"publisher\":{\"@id\":\"https:\/\/www.argivit.com\/en\/#organization\"},\"potentialAction\":[{\"@type\":\"SearchAction\",\"target\":{\"@type\":\"EntryPoint\",\"urlTemplate\":\"https:\/\/www.argivit.com\/en\/?s={search_term_string}\"},\"query-input\":{\"@type\":\"PropertyValueSpecification\",\"valueRequired\":true,\"valueName\":\"search_term_string\"}}],\"inLanguage\":\"en-US\"},{\"@type\":\"Organization\",\"@id\":\"https:\/\/www.argivit.com\/en\/#organization\",\"name\":\"Argivit\",\"url\":\"https:\/\/www.argivit.com\/en\/\",\"logo\":{\"@type\":\"ImageObject\",\"inLanguage\":\"en-US\",\"@id\":\"https:\/\/www.argivit.com\/en\/#\/schema\/logo\/image\/\",\"url\":\"https:\/\/www.argivit.com\/wp-content\/uploads\/argivit-logo.webp\",\"contentUrl\":\"https:\/\/www.argivit.com\/wp-content\/uploads\/argivit-logo.webp\",\"width\":1200,\"height\":675,\"caption\":\"Argivit\"},\"image\":{\"@id\":\"https:\/\/www.argivit.com\/en\/#\/schema\/logo\/image\/\"},\"sameAs\":[\"https:\/\/www.facebook.com\/argivit\",\"https:\/\/x.com\/argivit\",\"https:\/\/www.instagram.com\/argivit\",\"https:\/\/www.linkedin.com\/company\/hekimilac\"],\"description\":\"Argivit olarak, Hekim \u0130la\u00e7 g\u00fcvencesiyle sa\u011fl\u0131kl\u0131 ve dengeli bir ya\u015fam s\u00fcrd\u00fcrmek isteyen herkes i\u00e7in bilimsel temellere dayal\u0131, g\u00fcvenilir ve etkili g\u0131da takviyeleri sunuyoruz. V\u00fccudun ihtiya\u00e7 duydu\u011fu vitamin, mineral ve besin desteklerini en y\u00fcksek kalite standartlar\u0131nda sizlere ula\u015ft\u0131r\u0131yoruz. \u00dcr\u00fcnlerimiz, \u00e7ocuklardan yeti\u015fkinlere kadar her ya\u015f grubunun gereksinimlerine uygun olarak form\u00fcle edilmi\u015ftir.\",\"email\":\"info@argivit.com\"}]}<\/script>\n<!-- \/ Yoast SEO Premium plugin. -->","yoast_head_json":{"title":"Privacy Policy | Argivit","robots":{"index":"noindex","follow":"follow"},"og_locale":"en_US","og_type":"article","og_title":"Privacy Policy","og_description":"At Argivit (the &#8220;Site&#8221;), we are committed to protecting your privacy and the security of your personal data. This Privacy Policy explains what information we collect when you visit our website, www.argivit.com, why we collect it, and how we use it. This policy outlines our general privacy practices. For the detailed and formal legal notice [&hellip;]","og_url":"https:\/\/www.argivit.com\/en\/privacy-policy\/","og_site_name":"Argivit","article_publisher":"https:\/\/www.facebook.com\/argivit","article_modified_time":"2025-11-06T14:54:43+00:00","og_image":[{"width":1200,"height":675,"url":"https:\/\/www.argivit.com\/wp-content\/uploads\/argivit-logo.webp","type":"image\/webp"}],"twitter_card":"summary_large_image","twitter_site":"@argivit","schema":{"@context":"https:\/\/schema.org","@graph":[{"@type":"WebPage","@id":"https:\/\/www.argivit.com\/en\/privacy-policy\/","url":"https:\/\/www.argivit.com\/en\/privacy-policy\/","name":"Privacy Policy | Argivit","isPartOf":{"@id":"https:\/\/www.argivit.com\/en\/#website"},"datePublished":"2023-05-06T00:36:22+00:00","dateModified":"2025-11-06T14:54:43+00:00","breadcrumb":{"@id":"https:\/\/www.argivit.com\/en\/privacy-policy\/#breadcrumb"},"inLanguage":"en-US","potentialAction":[{"@type":"ReadAction","target":["https:\/\/www.argivit.com\/en\/privacy-policy\/"]}]},{"@type":"BreadcrumbList","@id":"https:\/\/www.argivit.com\/en\/privacy-policy\/#breadcrumb","itemListElement":[{"@type":"ListItem","position":1,"name":"Home","item":"https:\/\/www.argivit.com\/en\/"},{"@type":"ListItem","position":2,"name":"Privacy Policy"}]},{"@type":"WebSite","@id":"https:\/\/www.argivit.com\/en\/#website","url":"https:\/\/www.argivit.com\/en\/","name":"Argivit","description":"Keep Moving Forward","publisher":{"@id":"https:\/\/www.argivit.com\/en\/#organization"},"potentialAction":[{"@type":"SearchAction","target":{"@type":"EntryPoint","urlTemplate":"https:\/\/www.argivit.com\/en\/?s={search_term_string}"},"query-input":{"@type":"PropertyValueSpecification","valueRequired":true,"valueName":"search_term_string"}}],"inLanguage":"en-US"},{"@type":"Organization","@id":"https:\/\/www.argivit.com\/en\/#organization","name":"Argivit","url":"https:\/\/www.argivit.com\/en\/","logo":{"@type":"ImageObject","inLanguage":"en-US","@id":"https:\/\/www.argivit.com\/en\/#\/schema\/logo\/image\/","url":"https:\/\/www.argivit.com\/wp-content\/uploads\/argivit-logo.webp","contentUrl":"https:\/\/www.argivit.com\/wp-content\/uploads\/argivit-logo.webp","width":1200,"height":675,"caption":"Argivit"},"image":{"@id":"https:\/\/www.argivit.com\/en\/#\/schema\/logo\/image\/"},"sameAs":["https:\/\/www.facebook.com\/argivit","https:\/\/x.com\/argivit","https:\/\/www.instagram.com\/argivit","https:\/\/www.linkedin.com\/company\/hekimilac"],"description":"Argivit olarak, Hekim \u0130la\u00e7 g\u00fcvencesiyle sa\u011fl\u0131kl\u0131 ve dengeli bir ya\u015fam s\u00fcrd\u00fcrmek isteyen herkes i\u00e7in bilimsel temellere dayal\u0131, g\u00fcvenilir ve etkili g\u0131da takviyeleri sunuyoruz. V\u00fccudun ihtiya\u00e7 duydu\u011fu vitamin, mineral ve besin desteklerini en y\u00fcksek kalite standartlar\u0131nda sizlere ula\u015ft\u0131r\u0131yoruz. \u00dcr\u00fcnlerimiz, \u00e7ocuklardan yeti\u015fkinlere kadar her ya\u015f grubunun gereksinimlerine uygun olarak form\u00fcle edilmi\u015ftir.","email":"info@argivit.com"}]}},"_links":{"self":[{"href":"https:\/\/www.argivit.com\/en\/wp-json\/wp\/v2\/pages\/30886","targetHints":{"allow":["GET"]}}],"collection":[{"href":"https:\/\/www.argivit.com\/en\/wp-json\/wp\/v2\/pages"}],"about":[{"href":"https:\/\/www.argivit.com\/en\/wp-json\/wp\/v2\/types\/page"}],"author":[{"embeddable":true,"href":"https:\/\/www.argivit.com\/en\/wp-json\/wp\/v2\/users\/1"}],"replies":[{"embeddable":true,"href":"https:\/\/www.argivit.com\/en\/wp-json\/wp\/v2\/comments?post=30886"}],"version-history":[{"count":0,"href":"https:\/\/www.argivit.com\/en\/wp-json\/wp\/v2\/pages\/30886\/revisions"}],"wp:attachment":[{"href":"https:\/\/www.argivit.com\/en\/wp-json\/wp\/v2\/media?parent=30886"}],"curies":[{"name":"wp","href":"https:\/\/api.w.org\/{rel}","templated":true}]}}