{"id":31891,"date":"2025-12-02T08:43:33","date_gmt":"2025-12-02T05:43:33","guid":{"rendered":"https:\/\/www.argivit.com\/?page_id=31891"},"modified":"2026-01-05T10:57:10","modified_gmt":"2026-01-05T07:57:10","slug":"r-d","status":"publish","type":"page","link":"https:\/\/www.argivit.com\/en\/r-d\/","title":{"rendered":"R&amp;D"},"content":{"rendered":"\t\t<div data-elementor-type=\"wp-page\" data-elementor-id=\"31891\" class=\"elementor elementor-31891 elementor-31890\" data-elementor-post-type=\"page\">\n\t\t\t\t\t\t<div class=\"elementor-section elementor-top-section elementor-element elementor-element-7cd08ff elementor-section-stretched elementor-section-boxed elementor-section-height-default elementor-section-height-default\" data-id=\"7cd08ff\" data-element_type=\"section\" data-e-type=\"section\" data-settings=\"{&quot;stretch_section&quot;:&quot;section-stretched&quot;}\">\n\t\t\t\t\t\t<div class=\"elementor-container elementor-column-gap-no\">\n\t\t\t\t\t<div class=\"elementor-column elementor-col-100 elementor-top-column elementor-element elementor-element-fc87367\" data-id=\"fc87367\" data-element_type=\"column\" data-e-type=\"column\">\n\t\t\t<div class=\"elementor-widget-wrap elementor-element-populated\">\n\t\t\t\t\t\t<div class=\"elementor-section elementor-inner-section elementor-element elementor-element-c1ea1c9 elementor-section-boxed elementor-section-height-default elementor-section-height-default\" data-id=\"c1ea1c9\" data-element_type=\"section\" data-e-type=\"section\">\n\t\t\t\t\t\t<div class=\"elementor-container elementor-column-gap-no\">\n\t\t\t\t\t<div class=\"elementor-column elementor-col-100 elementor-inner-column elementor-element elementor-element-f895c6f\" data-id=\"f895c6f\" data-element_type=\"column\" data-e-type=\"column\">\n\t\t\t<div class=\"elementor-widget-wrap elementor-element-populated\">\n\t\t\t\t\t\t<div class=\"elementor-element elementor-element-cb728cb elementor-hidden-mobile elementor-widget elementor-widget-image\" data-id=\"cb728cb\" data-element_type=\"widget\" data-e-type=\"widget\" data-widget_type=\"image.default\">\n\t\t\t\t\t\t\t\t\t\t\t\t\t\t\t<img fetchpriority=\"high\" decoding=\"async\" width=\"2280\" height=\"640\" src=\"https:\/\/www.argivit.com\/wp-content\/uploads\/ar-ge-d.webp\" class=\"attachment-full size-full wp-image-31912\" alt=\"\" srcset=\"https:\/\/www.argivit.com\/wp-content\/uploads\/ar-ge-d.webp 2280w, https:\/\/www.argivit.com\/wp-content\/uploads\/ar-ge-d-300x84.webp 300w, https:\/\/www.argivit.com\/wp-content\/uploads\/ar-ge-d-1024x287.webp 1024w, https:\/\/www.argivit.com\/wp-content\/uploads\/ar-ge-d-768x216.webp 768w, https:\/\/www.argivit.com\/wp-content\/uploads\/ar-ge-d-1536x431.webp 1536w, https:\/\/www.argivit.com\/wp-content\/uploads\/ar-ge-d-2048x575.webp 2048w, https:\/\/www.argivit.com\/wp-content\/uploads\/ar-ge-d-800x225.webp 800w\" sizes=\"(max-width: 2280px) 100vw, 2280px\" \/>\t\t\t\t\t\t\t\t\t\t\t\t\t\t\t<\/div>\n\t\t\t\t<div class=\"elementor-element elementor-element-56b004f elementor-hidden-desktop elementor-hidden-tablet elementor-widget elementor-widget-image\" data-id=\"56b004f\" data-element_type=\"widget\" data-e-type=\"widget\" data-widget_type=\"image.default\">\n\t\t\t\t\t\t\t\t\t\t\t\t\t\t\t<img decoding=\"async\" width=\"1080\" height=\"1080\" src=\"https:\/\/www.argivit.com\/wp-content\/uploads\/ar-ge-m.webp\" class=\"attachment-full size-full wp-image-31914\" alt=\"\" srcset=\"https:\/\/www.argivit.com\/wp-content\/uploads\/ar-ge-m.webp 1080w, https:\/\/www.argivit.com\/wp-content\/uploads\/ar-ge-m-300x300.webp 300w, https:\/\/www.argivit.com\/wp-content\/uploads\/ar-ge-m-1024x1024.webp 1024w, https:\/\/www.argivit.com\/wp-content\/uploads\/ar-ge-m-150x150.webp 150w, https:\/\/www.argivit.com\/wp-content\/uploads\/ar-ge-m-768x768.webp 768w, https:\/\/www.argivit.com\/wp-content\/uploads\/ar-ge-m-400x400.webp 400w, https:\/\/www.argivit.com\/wp-content\/uploads\/ar-ge-m-800x800.webp 800w, https:\/\/www.argivit.com\/wp-content\/uploads\/ar-ge-m-100x100.webp 100w\" sizes=\"(max-width: 1080px) 100vw, 1080px\" \/>\t\t\t\t\t\t\t\t\t\t\t\t\t\t\t<\/div>\n\t\t\t\t\t<\/div>\n\t\t<\/div>\n\t\t\t\t\t<\/div>\n\t\t<\/div>\n\t\t\t\t\t<\/div>\n\t\t<\/div>\n\t\t\t\t\t<\/div>\n\t\t<\/div>\n\t\t\t\t<div class=\"elementor-section elementor-top-section elementor-element elementor-element-5f547c4 elementor-section-stretched elementor-section-boxed elementor-section-height-default elementor-section-height-default\" data-id=\"5f547c4\" data-element_type=\"section\" data-e-type=\"section\" data-settings=\"{&quot;stretch_section&quot;:&quot;section-stretched&quot;}\">\n\t\t\t\t\t\t<div class=\"elementor-container elementor-column-gap-no\">\n\t\t\t\t\t<div class=\"elementor-column elementor-col-100 elementor-top-column elementor-element elementor-element-21855f5\" data-id=\"21855f5\" data-element_type=\"column\" data-e-type=\"column\">\n\t\t\t<div class=\"elementor-widget-wrap elementor-element-populated\">\n\t\t\t\t\t\t<div class=\"elementor-element elementor-element-85a7ddd elementor-widget elementor-widget-heading\" data-id=\"85a7ddd\" data-element_type=\"widget\" data-e-type=\"widget\" data-widget_type=\"heading.default\">\n\t\t\t\t\t<h2 class=\"elementor-heading-title elementor-size-default\">R&amp;D &amp; Scientific Approach<\/h2>\t\t\t\t<\/div>\n\t\t\t\t<div class=\"elementor-element elementor-element-7e357eb elementor-widget elementor-widget-text-editor\" data-id=\"7e357eb\" data-element_type=\"widget\" data-e-type=\"widget\" data-widget_type=\"text-editor.default\">\n\t\t\t\t\t\t\t\t\t<p>Argivit is a food supplement brand stemming from the expertise and experience of <a href=\"https:\/\/www.hekimilac.com\/en\" target=\"_blank\" rel=\"noopener\">Hekim Pharmaceuticals<\/a>. Our products are meticulously developed and manufactured under high quality standards, based on scientific fundamentals, and aim to support the daily nutritional needs of every age group. Our product development approach is shaped by science-based decision processes and a high sense of responsibility toward human health.<\/p><p>In the Hekim Pharmaceuticals R&amp;D laboratories, all raw materials and components undergo comprehensive analyses in line with current scientific literature, clinical data, and international standards. Each formula is developed through a systematic process where ingredients with proven efficacy are carefully selected, meticulously optimized, and fully evaluated for health safety. <\/p><p>Our expert team closely monitors the latest health innovations in nutritional science, raw materials, and related fields through continuous competitive market research. The members of our R&amp;D team, who are genuine experts in food supplement formulation, adopt a proactive approach to recommend formulas tailored to your needs. Practically, this process includes the following:  <\/p><p><strong>The work we carry out before a new product is launched includes;<\/strong><\/p><ul><li>Raw material research, evaluation, and analyses,<\/li><li>Formulation development and optimization,<\/li><li>Physico-chemical characterization of active ingredients,<\/li><li>Ensuring the compliance of content, activities, and formulations with legal regulations in export markets,<\/li><li>Traceability at every stage of the production process<\/li><li>Transition to industrial production in cooperation with manufacturing teams<\/li><li>Compliance checks against current legislation and certification requirements,<\/li><li>Interpretation of test and study results (stability, efficacy, tolerability, microbiology, etc.)<\/li><\/ul><p>At Argivit, we believe that the true value of a product is determined by scientific accuracy, transparency, and a commitment to quality. Therefore, before making any product claim, we prioritize the scientific evaluation and verification of the efficacy of all our formulations. Inform us of your technical requirements and constraints, and we will prepare a personalized proposal for your brand.  <\/p>\t\t\t\t\t\t\t\t<\/div>\n\t\t\t\t\t<\/div>\n\t\t<\/div>\n\t\t\t\t\t<\/div>\n\t\t<\/div>\n\t\t\t\t<\/div>\n\t\t","protected":false},"excerpt":{"rendered":"<p>R&amp;D &amp; Scientific Approach Argivit is a food supplement brand stemming from the expertise and experience of Hekim Pharmaceuticals. Our products are meticulously developed and manufactured under high quality standards, based on scientific fundamentals, and aim to support the daily nutritional needs of every age group. Our product development approach is shaped by science-based decision [&hellip;]<\/p>\n","protected":false},"author":1,"featured_media":31919,"parent":0,"menu_order":0,"comment_status":"closed","ping_status":"open","template":"","meta":{"footnotes":""},"class_list":["post-31891","page","type-page","status-publish","has-post-thumbnail","hentry"],"yoast_head":"<!-- This site is optimized with the Yoast SEO Premium plugin v27.0 (Yoast SEO v27.0) - https:\/\/yoast.com\/product\/yoast-seo-premium-wordpress\/ -->\n<title>R&amp;D | Argivit<\/title>\n<meta name=\"description\" content=\"R&amp;D and Innovation. From raw material analysis to the final product, our expert team ensures Argivit\u2019s quality and scientific accuracy.\" \/>\n<meta name=\"robots\" content=\"index, follow, max-snippet:-1, max-image-preview:large, max-video-preview:-1\" \/>\n<link rel=\"canonical\" href=\"https:\/\/www.argivit.com\/en\/r-d\/\" \/>\n<meta property=\"og:locale\" content=\"en_US\" \/>\n<meta property=\"og:type\" content=\"article\" \/>\n<meta property=\"og:title\" content=\"R&amp;D | Argivit\" \/>\n<meta property=\"og:description\" content=\"R&amp;D and Innovation. From raw material analysis to the final product, our expert team ensures Argivit\u2019s quality and scientific accuracy.\" \/>\n<meta property=\"og:url\" content=\"https:\/\/www.argivit.com\/en\/r-d\/\" \/>\n<meta property=\"og:site_name\" content=\"Argivit\" \/>\n<meta property=\"article:publisher\" content=\"https:\/\/www.facebook.com\/argivit\" \/>\n<meta property=\"article:modified_time\" content=\"2026-01-05T07:57:10+00:00\" \/>\n<meta property=\"og:image\" content=\"https:\/\/www.argivit.com\/wp-content\/uploads\/ar-ge-sg.webp\" \/>\n\t<meta property=\"og:image:width\" content=\"1280\" \/>\n\t<meta property=\"og:image:height\" content=\"620\" \/>\n\t<meta property=\"og:image:type\" content=\"image\/webp\" \/>\n<meta name=\"twitter:card\" content=\"summary_large_image\" \/>\n<meta name=\"twitter:title\" content=\"R&amp;D | Argivit\" \/>\n<meta name=\"twitter:description\" content=\"R&amp;D and Innovation. From raw material analysis to the final product, our expert team ensures Argivit\u2019s quality and scientific accuracy.\" \/>\n<meta name=\"twitter:site\" content=\"@argivit\" \/>\n<script type=\"application\/ld+json\" class=\"yoast-schema-graph\">{\"@context\":\"https:\/\/schema.org\",\"@graph\":[{\"@type\":[\"WebPage\",\"AboutPage\"],\"@id\":\"https:\/\/www.argivit.com\/en\/r-d\/\",\"url\":\"https:\/\/www.argivit.com\/en\/r-d\/\",\"name\":\"R&amp;D | Argivit\",\"isPartOf\":{\"@id\":\"https:\/\/www.argivit.com\/en\/#website\"},\"primaryImageOfPage\":{\"@id\":\"https:\/\/www.argivit.com\/en\/r-d\/#primaryimage\"},\"image\":{\"@id\":\"https:\/\/www.argivit.com\/en\/r-d\/#primaryimage\"},\"thumbnailUrl\":\"https:\/\/www.argivit.com\/wp-content\/uploads\/ar-ge-sg.webp\",\"datePublished\":\"2025-12-02T05:43:33+00:00\",\"dateModified\":\"2026-01-05T07:57:10+00:00\",\"description\":\"R&D and Innovation. From raw material analysis to the final product, our expert team ensures Argivit\u2019s quality and scientific accuracy.\",\"breadcrumb\":{\"@id\":\"https:\/\/www.argivit.com\/en\/r-d\/#breadcrumb\"},\"inLanguage\":\"en-US\",\"potentialAction\":[{\"@type\":\"ReadAction\",\"target\":[\"https:\/\/www.argivit.com\/en\/r-d\/\"]}]},{\"@type\":\"ImageObject\",\"inLanguage\":\"en-US\",\"@id\":\"https:\/\/www.argivit.com\/en\/r-d\/#primaryimage\",\"url\":\"https:\/\/www.argivit.com\/wp-content\/uploads\/ar-ge-sg.webp\",\"contentUrl\":\"https:\/\/www.argivit.com\/wp-content\/uploads\/ar-ge-sg.webp\",\"width\":1280,\"height\":620,\"caption\":\"Argivit R&D initiatives led by an expert team, under Hekim \u0130la\u00e7\u2019s quality assurance\"},{\"@type\":\"BreadcrumbList\",\"@id\":\"https:\/\/www.argivit.com\/en\/r-d\/#breadcrumb\",\"itemListElement\":[{\"@type\":\"ListItem\",\"position\":1,\"name\":\"Home\",\"item\":\"https:\/\/www.argivit.com\/en\/\"},{\"@type\":\"ListItem\",\"position\":2,\"name\":\"R&amp;D\"}]},{\"@type\":\"WebSite\",\"@id\":\"https:\/\/www.argivit.com\/en\/#website\",\"url\":\"https:\/\/www.argivit.com\/en\/\",\"name\":\"Argivit\",\"description\":\"Keep Moving Forward\",\"publisher\":{\"@id\":\"https:\/\/www.argivit.com\/en\/#organization\"},\"potentialAction\":[{\"@type\":\"SearchAction\",\"target\":{\"@type\":\"EntryPoint\",\"urlTemplate\":\"https:\/\/www.argivit.com\/en\/?s={search_term_string}\"},\"query-input\":{\"@type\":\"PropertyValueSpecification\",\"valueRequired\":true,\"valueName\":\"search_term_string\"}}],\"inLanguage\":\"en-US\"},{\"@type\":\"Organization\",\"@id\":\"https:\/\/www.argivit.com\/en\/#organization\",\"name\":\"Argivit\",\"url\":\"https:\/\/www.argivit.com\/en\/\",\"logo\":{\"@type\":\"ImageObject\",\"inLanguage\":\"en-US\",\"@id\":\"https:\/\/www.argivit.com\/en\/#\/schema\/logo\/image\/\",\"url\":\"https:\/\/www.argivit.com\/wp-content\/uploads\/argivit-logo.webp\",\"contentUrl\":\"https:\/\/www.argivit.com\/wp-content\/uploads\/argivit-logo.webp\",\"width\":1200,\"height\":675,\"caption\":\"Argivit\"},\"image\":{\"@id\":\"https:\/\/www.argivit.com\/en\/#\/schema\/logo\/image\/\"},\"sameAs\":[\"https:\/\/www.facebook.com\/argivit\",\"https:\/\/x.com\/argivit\",\"https:\/\/www.instagram.com\/argivit\",\"https:\/\/www.linkedin.com\/company\/hekimilac\"],\"description\":\"Argivit olarak, Hekim \u0130la\u00e7 g\u00fcvencesiyle sa\u011fl\u0131kl\u0131 ve dengeli bir ya\u015fam s\u00fcrd\u00fcrmek isteyen herkes i\u00e7in bilimsel temellere dayal\u0131, g\u00fcvenilir ve etkili g\u0131da takviyeleri sunuyoruz. V\u00fccudun ihtiya\u00e7 duydu\u011fu vitamin, mineral ve besin desteklerini en y\u00fcksek kalite standartlar\u0131nda sizlere ula\u015ft\u0131r\u0131yoruz. \u00dcr\u00fcnlerimiz, \u00e7ocuklardan yeti\u015fkinlere kadar her ya\u015f grubunun gereksinimlerine uygun olarak form\u00fcle edilmi\u015ftir.\",\"email\":\"info@argivit.com\"}]}<\/script>\n<!-- \/ Yoast SEO Premium plugin. -->","yoast_head_json":{"title":"R&amp;D | Argivit","description":"R&D and Innovation. From raw material analysis to the final product, our expert team ensures Argivit\u2019s quality and scientific accuracy.","robots":{"index":"index","follow":"follow","max-snippet":"max-snippet:-1","max-image-preview":"max-image-preview:large","max-video-preview":"max-video-preview:-1"},"canonical":"https:\/\/www.argivit.com\/en\/r-d\/","og_locale":"en_US","og_type":"article","og_title":"R&amp;D | Argivit","og_description":"R&D and Innovation. From raw material analysis to the final product, our expert team ensures Argivit\u2019s quality and scientific accuracy.","og_url":"https:\/\/www.argivit.com\/en\/r-d\/","og_site_name":"Argivit","article_publisher":"https:\/\/www.facebook.com\/argivit","article_modified_time":"2026-01-05T07:57:10+00:00","og_image":[{"width":1280,"height":620,"url":"https:\/\/www.argivit.com\/wp-content\/uploads\/ar-ge-sg.webp","type":"image\/webp"}],"twitter_card":"summary_large_image","twitter_title":"R&amp;D | Argivit","twitter_description":"R&D and Innovation. From raw material analysis to the final product, our expert team ensures Argivit\u2019s quality and scientific accuracy.","twitter_site":"@argivit","schema":{"@context":"https:\/\/schema.org","@graph":[{"@type":["WebPage","AboutPage"],"@id":"https:\/\/www.argivit.com\/en\/r-d\/","url":"https:\/\/www.argivit.com\/en\/r-d\/","name":"R&amp;D | Argivit","isPartOf":{"@id":"https:\/\/www.argivit.com\/en\/#website"},"primaryImageOfPage":{"@id":"https:\/\/www.argivit.com\/en\/r-d\/#primaryimage"},"image":{"@id":"https:\/\/www.argivit.com\/en\/r-d\/#primaryimage"},"thumbnailUrl":"https:\/\/www.argivit.com\/wp-content\/uploads\/ar-ge-sg.webp","datePublished":"2025-12-02T05:43:33+00:00","dateModified":"2026-01-05T07:57:10+00:00","description":"R&D and Innovation. From raw material analysis to the final product, our expert team ensures Argivit\u2019s quality and scientific accuracy.","breadcrumb":{"@id":"https:\/\/www.argivit.com\/en\/r-d\/#breadcrumb"},"inLanguage":"en-US","potentialAction":[{"@type":"ReadAction","target":["https:\/\/www.argivit.com\/en\/r-d\/"]}]},{"@type":"ImageObject","inLanguage":"en-US","@id":"https:\/\/www.argivit.com\/en\/r-d\/#primaryimage","url":"https:\/\/www.argivit.com\/wp-content\/uploads\/ar-ge-sg.webp","contentUrl":"https:\/\/www.argivit.com\/wp-content\/uploads\/ar-ge-sg.webp","width":1280,"height":620,"caption":"Argivit R&D initiatives led by an expert team, under Hekim \u0130la\u00e7\u2019s quality assurance"},{"@type":"BreadcrumbList","@id":"https:\/\/www.argivit.com\/en\/r-d\/#breadcrumb","itemListElement":[{"@type":"ListItem","position":1,"name":"Home","item":"https:\/\/www.argivit.com\/en\/"},{"@type":"ListItem","position":2,"name":"R&amp;D"}]},{"@type":"WebSite","@id":"https:\/\/www.argivit.com\/en\/#website","url":"https:\/\/www.argivit.com\/en\/","name":"Argivit","description":"Keep Moving Forward","publisher":{"@id":"https:\/\/www.argivit.com\/en\/#organization"},"potentialAction":[{"@type":"SearchAction","target":{"@type":"EntryPoint","urlTemplate":"https:\/\/www.argivit.com\/en\/?s={search_term_string}"},"query-input":{"@type":"PropertyValueSpecification","valueRequired":true,"valueName":"search_term_string"}}],"inLanguage":"en-US"},{"@type":"Organization","@id":"https:\/\/www.argivit.com\/en\/#organization","name":"Argivit","url":"https:\/\/www.argivit.com\/en\/","logo":{"@type":"ImageObject","inLanguage":"en-US","@id":"https:\/\/www.argivit.com\/en\/#\/schema\/logo\/image\/","url":"https:\/\/www.argivit.com\/wp-content\/uploads\/argivit-logo.webp","contentUrl":"https:\/\/www.argivit.com\/wp-content\/uploads\/argivit-logo.webp","width":1200,"height":675,"caption":"Argivit"},"image":{"@id":"https:\/\/www.argivit.com\/en\/#\/schema\/logo\/image\/"},"sameAs":["https:\/\/www.facebook.com\/argivit","https:\/\/x.com\/argivit","https:\/\/www.instagram.com\/argivit","https:\/\/www.linkedin.com\/company\/hekimilac"],"description":"Argivit olarak, Hekim \u0130la\u00e7 g\u00fcvencesiyle sa\u011fl\u0131kl\u0131 ve dengeli bir ya\u015fam s\u00fcrd\u00fcrmek isteyen herkes i\u00e7in bilimsel temellere dayal\u0131, g\u00fcvenilir ve etkili g\u0131da takviyeleri sunuyoruz. V\u00fccudun ihtiya\u00e7 duydu\u011fu vitamin, mineral ve besin desteklerini en y\u00fcksek kalite standartlar\u0131nda sizlere ula\u015ft\u0131r\u0131yoruz. \u00dcr\u00fcnlerimiz, \u00e7ocuklardan yeti\u015fkinlere kadar her ya\u015f grubunun gereksinimlerine uygun olarak form\u00fcle edilmi\u015ftir.","email":"info@argivit.com"}]}},"_links":{"self":[{"href":"https:\/\/www.argivit.com\/en\/wp-json\/wp\/v2\/pages\/31891","targetHints":{"allow":["GET"]}}],"collection":[{"href":"https:\/\/www.argivit.com\/en\/wp-json\/wp\/v2\/pages"}],"about":[{"href":"https:\/\/www.argivit.com\/en\/wp-json\/wp\/v2\/types\/page"}],"author":[{"embeddable":true,"href":"https:\/\/www.argivit.com\/en\/wp-json\/wp\/v2\/users\/1"}],"replies":[{"embeddable":true,"href":"https:\/\/www.argivit.com\/en\/wp-json\/wp\/v2\/comments?post=31891"}],"version-history":[{"count":0,"href":"https:\/\/www.argivit.com\/en\/wp-json\/wp\/v2\/pages\/31891\/revisions"}],"wp:featuredmedia":[{"embeddable":true,"href":"https:\/\/www.argivit.com\/en\/wp-json\/wp\/v2\/media\/31919"}],"wp:attachment":[{"href":"https:\/\/www.argivit.com\/en\/wp-json\/wp\/v2\/media?parent=31891"}],"curies":[{"name":"wp","href":"https:\/\/api.w.org\/{rel}","templated":true}]}}