{"id":31041,"date":"2025-10-06T17:40:59","date_gmt":"2025-10-06T14:40:59","guid":{"rendered":"http:\/\/argivit.hekimilac.com\/urun\/citicoline-chewable\/"},"modified":"2025-12-02T10:50:43","modified_gmt":"2025-12-02T07:50:43","slug":"argivit-citicoline-chewable","status":"publish","type":"product","link":"https:\/\/www.argivit.com\/en\/product\/argivit-citicoline-chewable\/","title":{"rendered":"Argivit Citicoline Chewable"},"content":{"rendered":"<h2>What is Argivit Citicoline Chewable?<\/h2>\n<p>Are you looking for a practical supplement that supports both your and your child&#8217;s daily needs in a busy lifestyle? Argivit Citicoline Chewable is a chewable dietary supplement containing citicoline, designed for children and adults. Its easy-to-chew form and delicious taste make your daily supplement routine enjoyable.  <\/p>\n<p><b>Recommended Daily Intake:<\/b><\/p>\n<p>As a food supplement, it is recommended for children aged 4\u201310 and adults aged 11 and over to consume 1 chewable tablet once a day.<\/p>\n<p><strong>Storage Conditions<\/strong><\/p>\n<p>Store at room temperature below 25\u00b0C, away from moisture and sunlight.<\/p>\n<h2>Warnings<\/h2>\n<ul>\n<li><strong>It is not a medicine.<\/strong><\/li>\n<li>It is not used for the prevention or treatment of diseases.<\/li>\n<li>Dietary supplements cannot replace a normal diet.<\/li>\n<li>Do not exceed the recommended daily serving size.<\/li>\n<li>Keep out of reach of children.<\/li>\n<li>Consult your doctor during pregnancy and breastfeeding, or if you are ill or taking medication.<\/li>\n<\/ul>\n<p><b>A balanced and varied diet is important for a healthy life.<\/b><\/p>\n","protected":false},"excerpt":{"rendered":"<p>Dietary Supplement Tablets Containing Citicoline<\/p>\n","protected":false},"featured_media":31491,"template":"","meta":[],"product_cat":[118],"product_tag":[],"class_list":{"0":"post-31041","1":"product","2":"type-product","3":"status-publish","4":"has-post-thumbnail","6":"product_brand-argivit","7":"product_cat-growth-and-development-in-children","9":"first","10":"instock","11":"shipping-taxable","12":"product-type-external"},"yoast_head":"<!-- This site is optimized with the Yoast SEO Premium plugin v27.0 (Yoast SEO v27.0) - https:\/\/yoast.com\/product\/yoast-seo-premium-wordpress\/ -->\n<title>Argivit Citicoline Chewable<\/title>\n<meta name=\"description\" content=\"Argivit Citicoline Chewable is a practical chewable tablet and tasty dietary supplement containing citicoline for children and adults.\" \/>\n<meta name=\"robots\" content=\"index, follow, max-snippet:-1, max-image-preview:large, max-video-preview:-1\" \/>\n<link rel=\"canonical\" href=\"https:\/\/www.argivit.com\/en\/product\/argivit-citicoline-chewable\/\" \/>\n<meta property=\"og:locale\" content=\"en_US\" \/>\n<meta property=\"og:type\" content=\"article\" \/>\n<meta property=\"og:title\" content=\"Argivit Citicoline Chewable\" \/>\n<meta property=\"og:description\" content=\"Argivit Citicoline Chewable is a practical chewable tablet and tasty dietary supplement containing citicoline for children and adults.\" \/>\n<meta property=\"og:url\" content=\"https:\/\/www.argivit.com\/en\/product\/argivit-citicoline-chewable\/\" \/>\n<meta property=\"og:site_name\" content=\"Argivit\" \/>\n<meta property=\"article:publisher\" content=\"https:\/\/www.facebook.com\/argivit\" \/>\n<meta property=\"article:modified_time\" content=\"2025-12-02T07:50:43+00:00\" \/>\n<meta property=\"og:image\" content=\"https:\/\/www.argivit.com\/wp-content\/uploads\/argivit-citicoline-chewable.webp\" \/>\n\t<meta property=\"og:image:width\" content=\"800\" \/>\n\t<meta property=\"og:image:height\" content=\"900\" \/>\n\t<meta property=\"og:image:type\" content=\"image\/webp\" \/>\n<meta name=\"twitter:card\" content=\"summary_large_image\" \/>\n<meta name=\"twitter:site\" content=\"@argivit\" \/>\n<script type=\"application\/ld+json\" class=\"yoast-schema-graph\">{\"@context\":\"https:\/\/schema.org\",\"@graph\":[{\"@type\":\"WebPage\",\"@id\":\"https:\/\/www.argivit.com\/en\/product\/argivit-citicoline-chewable\/\",\"url\":\"https:\/\/www.argivit.com\/en\/product\/argivit-citicoline-chewable\/\",\"name\":\"Argivit Citicoline Chewable\",\"isPartOf\":{\"@id\":\"https:\/\/www.argivit.com\/en\/#website\"},\"primaryImageOfPage\":{\"@id\":\"https:\/\/www.argivit.com\/en\/product\/argivit-citicoline-chewable\/#primaryimage\"},\"image\":{\"@id\":\"https:\/\/www.argivit.com\/en\/product\/argivit-citicoline-chewable\/#primaryimage\"},\"thumbnailUrl\":\"https:\/\/www.argivit.com\/wp-content\/uploads\/argivit-citicoline-chewable.webp\",\"datePublished\":\"2025-10-06T14:40:59+00:00\",\"dateModified\":\"2025-12-02T07:50:43+00:00\",\"description\":\"Argivit Citicoline Chewable is a practical chewable tablet and tasty dietary supplement containing citicoline for children and adults.\",\"breadcrumb\":{\"@id\":\"https:\/\/www.argivit.com\/en\/product\/argivit-citicoline-chewable\/#breadcrumb\"},\"inLanguage\":\"en-US\",\"potentialAction\":[{\"@type\":\"ReadAction\",\"target\":[\"https:\/\/www.argivit.com\/en\/product\/argivit-citicoline-chewable\/\"]}]},{\"@type\":\"ImageObject\",\"inLanguage\":\"en-US\",\"@id\":\"https:\/\/www.argivit.com\/en\/product\/argivit-citicoline-chewable\/#primaryimage\",\"url\":\"https:\/\/www.argivit.com\/wp-content\/uploads\/argivit-citicoline-chewable.webp\",\"contentUrl\":\"https:\/\/www.argivit.com\/wp-content\/uploads\/argivit-citicoline-chewable.webp\",\"width\":800,\"height\":900,\"caption\":\"Argivit Citicoline Chewable - Dietary Supplement Tablets Containing Citicoline\"},{\"@type\":\"BreadcrumbList\",\"@id\":\"https:\/\/www.argivit.com\/en\/product\/argivit-citicoline-chewable\/#breadcrumb\",\"itemListElement\":[{\"@type\":\"ListItem\",\"position\":1,\"name\":\"Home\",\"item\":\"https:\/\/www.argivit.com\/en\/\"},{\"@type\":\"ListItem\",\"position\":2,\"name\":\"Products\",\"item\":\"https:\/\/www.argivit.com\/en\/products\/\"},{\"@type\":\"ListItem\",\"position\":3,\"name\":\"Argivit Citicoline Chewable\"}]},{\"@type\":\"WebSite\",\"@id\":\"https:\/\/www.argivit.com\/en\/#website\",\"url\":\"https:\/\/www.argivit.com\/en\/\",\"name\":\"Argivit\",\"description\":\"Keep Moving Forward\",\"publisher\":{\"@id\":\"https:\/\/www.argivit.com\/en\/#organization\"},\"potentialAction\":[{\"@type\":\"SearchAction\",\"target\":{\"@type\":\"EntryPoint\",\"urlTemplate\":\"https:\/\/www.argivit.com\/en\/?s={search_term_string}\"},\"query-input\":{\"@type\":\"PropertyValueSpecification\",\"valueRequired\":true,\"valueName\":\"search_term_string\"}}],\"inLanguage\":\"en-US\"},{\"@type\":\"Organization\",\"@id\":\"https:\/\/www.argivit.com\/en\/#organization\",\"name\":\"Argivit\",\"url\":\"https:\/\/www.argivit.com\/en\/\",\"logo\":{\"@type\":\"ImageObject\",\"inLanguage\":\"en-US\",\"@id\":\"https:\/\/www.argivit.com\/en\/#\/schema\/logo\/image\/\",\"url\":\"https:\/\/www.argivit.com\/wp-content\/uploads\/argivit-logo.webp\",\"contentUrl\":\"https:\/\/www.argivit.com\/wp-content\/uploads\/argivit-logo.webp\",\"width\":1200,\"height\":675,\"caption\":\"Argivit\"},\"image\":{\"@id\":\"https:\/\/www.argivit.com\/en\/#\/schema\/logo\/image\/\"},\"sameAs\":[\"https:\/\/www.facebook.com\/argivit\",\"https:\/\/x.com\/argivit\",\"https:\/\/www.instagram.com\/argivit\",\"https:\/\/www.linkedin.com\/company\/hekimilac\"],\"description\":\"Argivit olarak, Hekim \u0130la\u00e7 g\u00fcvencesiyle sa\u011fl\u0131kl\u0131 ve dengeli bir ya\u015fam s\u00fcrd\u00fcrmek isteyen herkes i\u00e7in bilimsel temellere dayal\u0131, g\u00fcvenilir ve etkili g\u0131da takviyeleri sunuyoruz. V\u00fccudun ihtiya\u00e7 duydu\u011fu vitamin, mineral ve besin desteklerini en y\u00fcksek kalite standartlar\u0131nda sizlere ula\u015ft\u0131r\u0131yoruz. \u00dcr\u00fcnlerimiz, \u00e7ocuklardan yeti\u015fkinlere kadar her ya\u015f grubunun gereksinimlerine uygun olarak form\u00fcle edilmi\u015ftir.\",\"email\":\"info@argivit.com\"}]}<\/script>\n<!-- \/ Yoast SEO Premium plugin. -->","yoast_head_json":{"title":"Argivit Citicoline Chewable","description":"Argivit Citicoline Chewable is a practical chewable tablet and tasty dietary supplement containing citicoline for children and adults.","robots":{"index":"index","follow":"follow","max-snippet":"max-snippet:-1","max-image-preview":"max-image-preview:large","max-video-preview":"max-video-preview:-1"},"canonical":"https:\/\/www.argivit.com\/en\/product\/argivit-citicoline-chewable\/","og_locale":"en_US","og_type":"article","og_title":"Argivit Citicoline Chewable","og_description":"Argivit Citicoline Chewable is a practical chewable tablet and tasty dietary supplement containing citicoline for children and adults.","og_url":"https:\/\/www.argivit.com\/en\/product\/argivit-citicoline-chewable\/","og_site_name":"Argivit","article_publisher":"https:\/\/www.facebook.com\/argivit","article_modified_time":"2025-12-02T07:50:43+00:00","og_image":[{"width":800,"height":900,"url":"https:\/\/www.argivit.com\/wp-content\/uploads\/argivit-citicoline-chewable.webp","type":"image\/webp"}],"twitter_card":"summary_large_image","twitter_site":"@argivit","schema":{"@context":"https:\/\/schema.org","@graph":[{"@type":"WebPage","@id":"https:\/\/www.argivit.com\/en\/product\/argivit-citicoline-chewable\/","url":"https:\/\/www.argivit.com\/en\/product\/argivit-citicoline-chewable\/","name":"Argivit Citicoline Chewable","isPartOf":{"@id":"https:\/\/www.argivit.com\/en\/#website"},"primaryImageOfPage":{"@id":"https:\/\/www.argivit.com\/en\/product\/argivit-citicoline-chewable\/#primaryimage"},"image":{"@id":"https:\/\/www.argivit.com\/en\/product\/argivit-citicoline-chewable\/#primaryimage"},"thumbnailUrl":"https:\/\/www.argivit.com\/wp-content\/uploads\/argivit-citicoline-chewable.webp","datePublished":"2025-10-06T14:40:59+00:00","dateModified":"2025-12-02T07:50:43+00:00","description":"Argivit Citicoline Chewable is a practical chewable tablet and tasty dietary supplement containing citicoline for children and adults.","breadcrumb":{"@id":"https:\/\/www.argivit.com\/en\/product\/argivit-citicoline-chewable\/#breadcrumb"},"inLanguage":"en-US","potentialAction":[{"@type":"ReadAction","target":["https:\/\/www.argivit.com\/en\/product\/argivit-citicoline-chewable\/"]}]},{"@type":"ImageObject","inLanguage":"en-US","@id":"https:\/\/www.argivit.com\/en\/product\/argivit-citicoline-chewable\/#primaryimage","url":"https:\/\/www.argivit.com\/wp-content\/uploads\/argivit-citicoline-chewable.webp","contentUrl":"https:\/\/www.argivit.com\/wp-content\/uploads\/argivit-citicoline-chewable.webp","width":800,"height":900,"caption":"Argivit Citicoline Chewable - Dietary Supplement Tablets Containing Citicoline"},{"@type":"BreadcrumbList","@id":"https:\/\/www.argivit.com\/en\/product\/argivit-citicoline-chewable\/#breadcrumb","itemListElement":[{"@type":"ListItem","position":1,"name":"Home","item":"https:\/\/www.argivit.com\/en\/"},{"@type":"ListItem","position":2,"name":"Products","item":"https:\/\/www.argivit.com\/en\/products\/"},{"@type":"ListItem","position":3,"name":"Argivit Citicoline Chewable"}]},{"@type":"WebSite","@id":"https:\/\/www.argivit.com\/en\/#website","url":"https:\/\/www.argivit.com\/en\/","name":"Argivit","description":"Keep Moving Forward","publisher":{"@id":"https:\/\/www.argivit.com\/en\/#organization"},"potentialAction":[{"@type":"SearchAction","target":{"@type":"EntryPoint","urlTemplate":"https:\/\/www.argivit.com\/en\/?s={search_term_string}"},"query-input":{"@type":"PropertyValueSpecification","valueRequired":true,"valueName":"search_term_string"}}],"inLanguage":"en-US"},{"@type":"Organization","@id":"https:\/\/www.argivit.com\/en\/#organization","name":"Argivit","url":"https:\/\/www.argivit.com\/en\/","logo":{"@type":"ImageObject","inLanguage":"en-US","@id":"https:\/\/www.argivit.com\/en\/#\/schema\/logo\/image\/","url":"https:\/\/www.argivit.com\/wp-content\/uploads\/argivit-logo.webp","contentUrl":"https:\/\/www.argivit.com\/wp-content\/uploads\/argivit-logo.webp","width":1200,"height":675,"caption":"Argivit"},"image":{"@id":"https:\/\/www.argivit.com\/en\/#\/schema\/logo\/image\/"},"sameAs":["https:\/\/www.facebook.com\/argivit","https:\/\/x.com\/argivit","https:\/\/www.instagram.com\/argivit","https:\/\/www.linkedin.com\/company\/hekimilac"],"description":"Argivit olarak, Hekim \u0130la\u00e7 g\u00fcvencesiyle sa\u011fl\u0131kl\u0131 ve dengeli bir ya\u015fam s\u00fcrd\u00fcrmek isteyen herkes i\u00e7in bilimsel temellere dayal\u0131, g\u00fcvenilir ve etkili g\u0131da takviyeleri sunuyoruz. V\u00fccudun ihtiya\u00e7 duydu\u011fu vitamin, mineral ve besin desteklerini en y\u00fcksek kalite standartlar\u0131nda sizlere ula\u015ft\u0131r\u0131yoruz. \u00dcr\u00fcnlerimiz, \u00e7ocuklardan yeti\u015fkinlere kadar her ya\u015f grubunun gereksinimlerine uygun olarak form\u00fcle edilmi\u015ftir.","email":"info@argivit.com"}]}},"_links":{"self":[{"href":"https:\/\/www.argivit.com\/en\/wp-json\/wp\/v2\/product\/31041","targetHints":{"allow":["GET"]}}],"collection":[{"href":"https:\/\/www.argivit.com\/en\/wp-json\/wp\/v2\/product"}],"about":[{"href":"https:\/\/www.argivit.com\/en\/wp-json\/wp\/v2\/types\/product"}],"wp:featuredmedia":[{"embeddable":true,"href":"https:\/\/www.argivit.com\/en\/wp-json\/wp\/v2\/media\/31491"}],"wp:attachment":[{"href":"https:\/\/www.argivit.com\/en\/wp-json\/wp\/v2\/media?parent=31041"}],"wp:term":[{"taxonomy":"product_cat","embeddable":true,"href":"https:\/\/www.argivit.com\/en\/wp-json\/wp\/v2\/product_cat?post=31041"},{"taxonomy":"product_tag","embeddable":true,"href":"https:\/\/www.argivit.com\/en\/wp-json\/wp\/v2\/product_tag?post=31041"}],"curies":[{"name":"wp","href":"https:\/\/api.w.org\/{rel}","templated":true}]}}