{"id":31049,"date":"2025-10-06T17:41:00","date_gmt":"2025-10-06T14:41:00","guid":{"rendered":"http:\/\/argivit.hekimilac.com\/urun\/ginkgo-kids-adult\/"},"modified":"2025-12-02T10:49:27","modified_gmt":"2025-12-02T07:49:27","slug":"argivit-ginkgo-kids-adult","status":"publish","type":"product","link":"https:\/\/www.argivit.com\/en\/product\/argivit-ginkgo-kids-adult\/","title":{"rendered":"Argivit Ginkgo Kids &amp; Adult"},"content":{"rendered":"<h2>What is Argivit Ginkgo Kids &amp; Adult?<\/h2>\n<p>Argivit Ginkgo Kids &amp; Adult offers practical use for adults with its Ginkgo Biloba extract and phosphatidylcholine content.<\/p>\n<h2>How to Use<\/h2>\n<p><strong>Recommended Daily Intake<\/strong><\/p>\n<ul>\n<li>It is recommended to use 3 drops per day for children aged 4\u201310, and 10 drops per day for adults aged 11 and over.<\/li>\n<li>Shake well before use.<\/li>\n<li>Do not exceed the recommended daily serving.<\/li>\n<\/ul>\n<p><strong>Storage Conditions<\/strong><\/p>\n<ul>\n<li>Store at room temperature below 25\u00b0C, away from moisture and sunlight.<\/li>\n<li>It is recommended to consume within six months after opening.<\/li>\n<\/ul>\n<h2>Warnings<\/h2>\n<ul>\n<li><strong>It is not a medicine.<\/strong><\/li>\n<li>It is not used for the prevention or treatment of diseases.<\/li>\n<li>Dietary supplements cannot replace a normal diet.<\/li>\n<li>Do not exceed the recommended daily serving size.<\/li>\n<li>Keep out of reach of children.<\/li>\n<li>Consult your doctor during pregnancy and breastfeeding, or if you are ill or taking medication.<\/li>\n<\/ul>\n<p><b>A balanced and varied diet is important for a healthy life.<\/b><\/p>\n","protected":false},"excerpt":{"rendered":"<p>Dietary Supplement Containing Ginkgo Biloba<\/p>\n<p><strong>Approval Number:<\/strong> 019539-27.12.2023<\/p>\n","protected":false},"featured_media":31497,"template":"","meta":[],"product_cat":[118],"product_tag":[],"class_list":{"0":"post-31049","1":"product","2":"type-product","3":"status-publish","4":"has-post-thumbnail","6":"product_brand-argivit","7":"product_cat-growth-and-development-in-children","9":"first","10":"instock","11":"shipping-taxable","12":"product-type-external"},"yoast_head":"<!-- This site is optimized with the Yoast SEO Premium plugin v27.0 (Yoast SEO v27.0) - https:\/\/yoast.com\/product\/yoast-seo-premium-wordpress\/ -->\n<title>Argivit Ginkgo Kids &amp; Adult<\/title>\n<meta name=\"description\" content=\"Argivit Ginkgo Kids &amp; Adult offers practical use for adults with its Ginkgo Biloba extract and phosphatidylcholine content.\" \/>\n<meta name=\"robots\" content=\"index, follow, max-snippet:-1, max-image-preview:large, max-video-preview:-1\" \/>\n<link rel=\"canonical\" href=\"https:\/\/www.argivit.com\/en\/product\/argivit-ginkgo-kids-adult\/\" \/>\n<meta property=\"og:locale\" content=\"en_US\" \/>\n<meta property=\"og:type\" content=\"article\" \/>\n<meta property=\"og:title\" content=\"Argivit Ginkgo Kids &amp; Adult\" \/>\n<meta property=\"og:description\" content=\"Argivit Ginkgo Kids &amp; Adult offers practical use for adults with its Ginkgo Biloba extract and phosphatidylcholine content.\" \/>\n<meta property=\"og:url\" content=\"https:\/\/www.argivit.com\/en\/product\/argivit-ginkgo-kids-adult\/\" \/>\n<meta property=\"og:site_name\" content=\"Argivit\" \/>\n<meta property=\"article:publisher\" content=\"https:\/\/www.facebook.com\/argivit\" \/>\n<meta property=\"article:modified_time\" content=\"2025-12-02T07:49:27+00:00\" \/>\n<meta property=\"og:image\" content=\"https:\/\/www.argivit.com\/wp-content\/uploads\/argivit-ginkgo-kids-adult.webp\" \/>\n\t<meta property=\"og:image:width\" content=\"800\" \/>\n\t<meta property=\"og:image:height\" content=\"900\" \/>\n\t<meta property=\"og:image:type\" content=\"image\/webp\" \/>\n<meta name=\"twitter:card\" content=\"summary_large_image\" \/>\n<meta name=\"twitter:site\" content=\"@argivit\" \/>\n<script type=\"application\/ld+json\" class=\"yoast-schema-graph\">{\"@context\":\"https:\/\/schema.org\",\"@graph\":[{\"@type\":\"WebPage\",\"@id\":\"https:\/\/www.argivit.com\/en\/product\/argivit-ginkgo-kids-adult\/\",\"url\":\"https:\/\/www.argivit.com\/en\/product\/argivit-ginkgo-kids-adult\/\",\"name\":\"Argivit Ginkgo Kids &amp; Adult\",\"isPartOf\":{\"@id\":\"https:\/\/www.argivit.com\/en\/#website\"},\"primaryImageOfPage\":{\"@id\":\"https:\/\/www.argivit.com\/en\/product\/argivit-ginkgo-kids-adult\/#primaryimage\"},\"image\":{\"@id\":\"https:\/\/www.argivit.com\/en\/product\/argivit-ginkgo-kids-adult\/#primaryimage\"},\"thumbnailUrl\":\"https:\/\/www.argivit.com\/wp-content\/uploads\/argivit-ginkgo-kids-adult.webp\",\"datePublished\":\"2025-10-06T14:41:00+00:00\",\"dateModified\":\"2025-12-02T07:49:27+00:00\",\"description\":\"Argivit Ginkgo Kids & Adult offers practical use for adults with its Ginkgo Biloba extract and phosphatidylcholine content.\",\"breadcrumb\":{\"@id\":\"https:\/\/www.argivit.com\/en\/product\/argivit-ginkgo-kids-adult\/#breadcrumb\"},\"inLanguage\":\"en-US\",\"potentialAction\":[{\"@type\":\"ReadAction\",\"target\":[\"https:\/\/www.argivit.com\/en\/product\/argivit-ginkgo-kids-adult\/\"]}]},{\"@type\":\"ImageObject\",\"inLanguage\":\"en-US\",\"@id\":\"https:\/\/www.argivit.com\/en\/product\/argivit-ginkgo-kids-adult\/#primaryimage\",\"url\":\"https:\/\/www.argivit.com\/wp-content\/uploads\/argivit-ginkgo-kids-adult.webp\",\"contentUrl\":\"https:\/\/www.argivit.com\/wp-content\/uploads\/argivit-ginkgo-kids-adult.webp\",\"width\":800,\"height\":900,\"caption\":\"Argivit Ginkgo Kids & Adult - Dietary Supplement Containing Ginkgo Biloba\"},{\"@type\":\"BreadcrumbList\",\"@id\":\"https:\/\/www.argivit.com\/en\/product\/argivit-ginkgo-kids-adult\/#breadcrumb\",\"itemListElement\":[{\"@type\":\"ListItem\",\"position\":1,\"name\":\"Home\",\"item\":\"https:\/\/www.argivit.com\/en\/\"},{\"@type\":\"ListItem\",\"position\":2,\"name\":\"Products\",\"item\":\"https:\/\/www.argivit.com\/en\/products\/\"},{\"@type\":\"ListItem\",\"position\":3,\"name\":\"Argivit Ginkgo Kids &amp; Adult\"}]},{\"@type\":\"WebSite\",\"@id\":\"https:\/\/www.argivit.com\/en\/#website\",\"url\":\"https:\/\/www.argivit.com\/en\/\",\"name\":\"Argivit\",\"description\":\"Keep Moving Forward\",\"publisher\":{\"@id\":\"https:\/\/www.argivit.com\/en\/#organization\"},\"potentialAction\":[{\"@type\":\"SearchAction\",\"target\":{\"@type\":\"EntryPoint\",\"urlTemplate\":\"https:\/\/www.argivit.com\/en\/?s={search_term_string}\"},\"query-input\":{\"@type\":\"PropertyValueSpecification\",\"valueRequired\":true,\"valueName\":\"search_term_string\"}}],\"inLanguage\":\"en-US\"},{\"@type\":\"Organization\",\"@id\":\"https:\/\/www.argivit.com\/en\/#organization\",\"name\":\"Argivit\",\"url\":\"https:\/\/www.argivit.com\/en\/\",\"logo\":{\"@type\":\"ImageObject\",\"inLanguage\":\"en-US\",\"@id\":\"https:\/\/www.argivit.com\/en\/#\/schema\/logo\/image\/\",\"url\":\"https:\/\/www.argivit.com\/wp-content\/uploads\/argivit-logo.webp\",\"contentUrl\":\"https:\/\/www.argivit.com\/wp-content\/uploads\/argivit-logo.webp\",\"width\":1200,\"height\":675,\"caption\":\"Argivit\"},\"image\":{\"@id\":\"https:\/\/www.argivit.com\/en\/#\/schema\/logo\/image\/\"},\"sameAs\":[\"https:\/\/www.facebook.com\/argivit\",\"https:\/\/x.com\/argivit\",\"https:\/\/www.instagram.com\/argivit\",\"https:\/\/www.linkedin.com\/company\/hekimilac\"],\"description\":\"Argivit olarak, Hekim \u0130la\u00e7 g\u00fcvencesiyle sa\u011fl\u0131kl\u0131 ve dengeli bir ya\u015fam s\u00fcrd\u00fcrmek isteyen herkes i\u00e7in bilimsel temellere dayal\u0131, g\u00fcvenilir ve etkili g\u0131da takviyeleri sunuyoruz. V\u00fccudun ihtiya\u00e7 duydu\u011fu vitamin, mineral ve besin desteklerini en y\u00fcksek kalite standartlar\u0131nda sizlere ula\u015ft\u0131r\u0131yoruz. \u00dcr\u00fcnlerimiz, \u00e7ocuklardan yeti\u015fkinlere kadar her ya\u015f grubunun gereksinimlerine uygun olarak form\u00fcle edilmi\u015ftir.\",\"email\":\"info@argivit.com\"}]}<\/script>\n<!-- \/ Yoast SEO Premium plugin. -->","yoast_head_json":{"title":"Argivit Ginkgo Kids &amp; Adult","description":"Argivit Ginkgo Kids & Adult offers practical use for adults with its Ginkgo Biloba extract and phosphatidylcholine content.","robots":{"index":"index","follow":"follow","max-snippet":"max-snippet:-1","max-image-preview":"max-image-preview:large","max-video-preview":"max-video-preview:-1"},"canonical":"https:\/\/www.argivit.com\/en\/product\/argivit-ginkgo-kids-adult\/","og_locale":"en_US","og_type":"article","og_title":"Argivit Ginkgo Kids &amp; Adult","og_description":"Argivit Ginkgo Kids & Adult offers practical use for adults with its Ginkgo Biloba extract and phosphatidylcholine content.","og_url":"https:\/\/www.argivit.com\/en\/product\/argivit-ginkgo-kids-adult\/","og_site_name":"Argivit","article_publisher":"https:\/\/www.facebook.com\/argivit","article_modified_time":"2025-12-02T07:49:27+00:00","og_image":[{"width":800,"height":900,"url":"https:\/\/www.argivit.com\/wp-content\/uploads\/argivit-ginkgo-kids-adult.webp","type":"image\/webp"}],"twitter_card":"summary_large_image","twitter_site":"@argivit","schema":{"@context":"https:\/\/schema.org","@graph":[{"@type":"WebPage","@id":"https:\/\/www.argivit.com\/en\/product\/argivit-ginkgo-kids-adult\/","url":"https:\/\/www.argivit.com\/en\/product\/argivit-ginkgo-kids-adult\/","name":"Argivit Ginkgo Kids &amp; Adult","isPartOf":{"@id":"https:\/\/www.argivit.com\/en\/#website"},"primaryImageOfPage":{"@id":"https:\/\/www.argivit.com\/en\/product\/argivit-ginkgo-kids-adult\/#primaryimage"},"image":{"@id":"https:\/\/www.argivit.com\/en\/product\/argivit-ginkgo-kids-adult\/#primaryimage"},"thumbnailUrl":"https:\/\/www.argivit.com\/wp-content\/uploads\/argivit-ginkgo-kids-adult.webp","datePublished":"2025-10-06T14:41:00+00:00","dateModified":"2025-12-02T07:49:27+00:00","description":"Argivit Ginkgo Kids & Adult offers practical use for adults with its Ginkgo Biloba extract and phosphatidylcholine content.","breadcrumb":{"@id":"https:\/\/www.argivit.com\/en\/product\/argivit-ginkgo-kids-adult\/#breadcrumb"},"inLanguage":"en-US","potentialAction":[{"@type":"ReadAction","target":["https:\/\/www.argivit.com\/en\/product\/argivit-ginkgo-kids-adult\/"]}]},{"@type":"ImageObject","inLanguage":"en-US","@id":"https:\/\/www.argivit.com\/en\/product\/argivit-ginkgo-kids-adult\/#primaryimage","url":"https:\/\/www.argivit.com\/wp-content\/uploads\/argivit-ginkgo-kids-adult.webp","contentUrl":"https:\/\/www.argivit.com\/wp-content\/uploads\/argivit-ginkgo-kids-adult.webp","width":800,"height":900,"caption":"Argivit Ginkgo Kids & Adult - Dietary Supplement Containing Ginkgo Biloba"},{"@type":"BreadcrumbList","@id":"https:\/\/www.argivit.com\/en\/product\/argivit-ginkgo-kids-adult\/#breadcrumb","itemListElement":[{"@type":"ListItem","position":1,"name":"Home","item":"https:\/\/www.argivit.com\/en\/"},{"@type":"ListItem","position":2,"name":"Products","item":"https:\/\/www.argivit.com\/en\/products\/"},{"@type":"ListItem","position":3,"name":"Argivit Ginkgo Kids &amp; Adult"}]},{"@type":"WebSite","@id":"https:\/\/www.argivit.com\/en\/#website","url":"https:\/\/www.argivit.com\/en\/","name":"Argivit","description":"Keep Moving Forward","publisher":{"@id":"https:\/\/www.argivit.com\/en\/#organization"},"potentialAction":[{"@type":"SearchAction","target":{"@type":"EntryPoint","urlTemplate":"https:\/\/www.argivit.com\/en\/?s={search_term_string}"},"query-input":{"@type":"PropertyValueSpecification","valueRequired":true,"valueName":"search_term_string"}}],"inLanguage":"en-US"},{"@type":"Organization","@id":"https:\/\/www.argivit.com\/en\/#organization","name":"Argivit","url":"https:\/\/www.argivit.com\/en\/","logo":{"@type":"ImageObject","inLanguage":"en-US","@id":"https:\/\/www.argivit.com\/en\/#\/schema\/logo\/image\/","url":"https:\/\/www.argivit.com\/wp-content\/uploads\/argivit-logo.webp","contentUrl":"https:\/\/www.argivit.com\/wp-content\/uploads\/argivit-logo.webp","width":1200,"height":675,"caption":"Argivit"},"image":{"@id":"https:\/\/www.argivit.com\/en\/#\/schema\/logo\/image\/"},"sameAs":["https:\/\/www.facebook.com\/argivit","https:\/\/x.com\/argivit","https:\/\/www.instagram.com\/argivit","https:\/\/www.linkedin.com\/company\/hekimilac"],"description":"Argivit olarak, Hekim \u0130la\u00e7 g\u00fcvencesiyle sa\u011fl\u0131kl\u0131 ve dengeli bir ya\u015fam s\u00fcrd\u00fcrmek isteyen herkes i\u00e7in bilimsel temellere dayal\u0131, g\u00fcvenilir ve etkili g\u0131da takviyeleri sunuyoruz. V\u00fccudun ihtiya\u00e7 duydu\u011fu vitamin, mineral ve besin desteklerini en y\u00fcksek kalite standartlar\u0131nda sizlere ula\u015ft\u0131r\u0131yoruz. \u00dcr\u00fcnlerimiz, \u00e7ocuklardan yeti\u015fkinlere kadar her ya\u015f grubunun gereksinimlerine uygun olarak form\u00fcle edilmi\u015ftir.","email":"info@argivit.com"}]}},"_links":{"self":[{"href":"https:\/\/www.argivit.com\/en\/wp-json\/wp\/v2\/product\/31049","targetHints":{"allow":["GET"]}}],"collection":[{"href":"https:\/\/www.argivit.com\/en\/wp-json\/wp\/v2\/product"}],"about":[{"href":"https:\/\/www.argivit.com\/en\/wp-json\/wp\/v2\/types\/product"}],"wp:featuredmedia":[{"embeddable":true,"href":"https:\/\/www.argivit.com\/en\/wp-json\/wp\/v2\/media\/31497"}],"wp:attachment":[{"href":"https:\/\/www.argivit.com\/en\/wp-json\/wp\/v2\/media?parent=31049"}],"wp:term":[{"taxonomy":"product_cat","embeddable":true,"href":"https:\/\/www.argivit.com\/en\/wp-json\/wp\/v2\/product_cat?post=31049"},{"taxonomy":"product_tag","embeddable":true,"href":"https:\/\/www.argivit.com\/en\/wp-json\/wp\/v2\/product_tag?post=31049"}],"curies":[{"name":"wp","href":"https:\/\/api.w.org\/{rel}","templated":true}]}}