{"id":31054,"date":"2025-10-06T17:41:01","date_gmt":"2025-10-06T14:41:01","guid":{"rendered":"http:\/\/argivit.hekimilac.com\/urun\/magnizinmore\/"},"modified":"2025-12-02T10:48:37","modified_gmt":"2025-12-02T07:48:37","slug":"argivit-magnizinmore","status":"publish","type":"product","link":"https:\/\/www.argivit.com\/en\/product\/argivit-magnizinmore\/","title":{"rendered":"Argivit Magnizinmore"},"content":{"rendered":"<h2>What is Argivit Magnizinmore?<\/h2>\n<p>Are you looking for an all-in-one solution to boost your daily energy, protect your muscle and bone health, and support your immune system? Argivit Magnizinmore is a comprehensive food supplement that combines the essential minerals Magnesium and Zinc with over 20 fundamental vitamins and minerals like B vitamins, Vitamin D, and Vitamin C. It aims to support your general health with a practical, single-tablet use per day. Its content includes:   <\/p>\n<p><span style=\"color: #000000;\"><strong>Magnesium, Vitamin B1, Vitamin B6, Vitamin B12, Pantothenic Acid, and Manganese,<\/strong><br \/>\n<\/span><\/p>\n<ul>\n<li><span style=\"color: #000000;\">Contributes to normal energy-yielding metabolism.<br \/>\n<\/span><\/li>\n<\/ul>\n<p><span style=\"color: #000000;\"><strong>Magnesium, Vitamin B6, Vitamin B12, and Pantothenic Acid,<\/strong><br \/>\n<\/span><\/p>\n<ul>\n<li><span style=\"color: #000000;\">Contributes to the reduction of tiredness and fatigue.<br \/>\n<\/span><\/li>\n<\/ul>\n<p><span style=\"color: #000000;\">Magnesium, Vitamin B1, Vitamin B6, and Vitamin B12,<br \/>\n<\/span><\/p>\n<ul>\n<li><span style=\"color: #000000;\">Contributes to the normal functioning of the nervous system.<br \/>\n<\/span><\/li>\n<\/ul>\n<p><span style=\"color: #000000;\"><strong>Magnesium, Vitamin D, Zinc, and Manganese,<\/strong><br \/>\n<\/span><\/p>\n<ul>\n<li><span style=\"color: #000000;\">Contributes to the maintenance of normal bones.<br \/>\n<\/span><\/li>\n<\/ul>\n<p><span style=\"color: #000000;\"><strong>Magnesium, Vitamin B12, Vitamin D, and Zinc,<\/strong><br \/>\n<\/span><\/p>\n<ul>\n<li><span style=\"color: #000000;\">Has a role in the process of cell division.<br \/>\n<\/span><\/li>\n<\/ul>\n<p><span style=\"color: #000000;\"><strong>Magnesium and Vitamin D,<\/strong><br \/>\n<\/span><\/p>\n<ul>\n<li><span style=\"color: #000000;\">Contribute to normal muscle function.<\/span><\/li>\n<li><span style=\"color: #000000;\">Are needed for the maintenance of normal teeth.<br \/>\n<\/span><\/li>\n<\/ul>\n<p><span style=\"color: #000000;\"><strong>Vitamin D, Vitamin B6, Vitamin B12, and Zinc,<\/strong><br \/>\n<\/span><\/p>\n<ul>\n<li><span style=\"color: #000000;\">Contributes to the normal function of the immune system.<br \/>\n<\/span><\/li>\n<\/ul>\n<p><span style=\"color: #000000;\"><strong>Vitamin D,<br \/>\n<\/strong><\/span><\/p>\n<ul>\n<li><span style=\"color: #000000;\">Plays a role in the normal absorption\/utilization of calcium and phosphorus and in maintaining normal blood calcium levels.<\/span><\/li>\n<li><span style=\"color: #000000;\">Has a role in the process of cell division and specialization.<br \/>\n<\/span><\/li>\n<\/ul>\n<p><span style=\"color: #000000;\"><strong>Zinc,<br \/>\n<\/strong><\/span><\/p>\n<ul>\n<li><span style=\"color: #000000;\">Contributes to the maintenance of normal vision.<br \/>\n<\/span><\/li>\n<\/ul>\n<p><span style=\"color: #000000;\"><strong>Vitamin C,<br \/>\n<\/strong><\/span><\/p>\n<ul>\n<li><span style=\"color: #000000;\">Plays a role in normal collagen formation, which is essential for the normal function of blood vessels, bones, cartilage, gums, and skin.<\/span><\/li>\n<li><span style=\"color: #000000;\">Increases iron absorption.<\/span><\/li>\n<li><span style=\"color: #000000;\">Contributes to the regeneration of the reduced form of Vitamin E.<br \/>\n<\/span><\/li>\n<\/ul>\n<p><span style=\"color: #000000;\"><strong>Manganese,<br \/>\n<\/strong><\/span><\/p>\n<ul>\n<li><span style=\"color: #000000;\">Contributes to the normal formation of connective tissue.<br \/>\n<\/span><\/li>\n<\/ul>\n<p><span style=\"color: #000000;\"><strong>Vitamins B6 and B12,<\/strong><br \/>\n<\/span><\/p>\n<ul>\n<li><span style=\"color: #000000;\">Play a role in normal red blood cell formation.<br \/>\n<\/span><\/li>\n<\/ul>\n<p><span style=\"color: #000000;\"><strong>Zinc,<br \/>\n<\/strong><\/span><\/p>\n<ul>\n<li><span style=\"color: #000000;\">Contribute to the maintenance of normal skin.<\/span><\/li>\n<li><span style=\"color: #000000;\">Contribute to the maintenance of normal hair.<\/span><\/li>\n<li><span style=\"color: #000000;\">Contributes to the maintenance of normal nails.<\/span><\/li>\n<li><span style=\"color: #000000;\">Plays a role in the normal metabolism of macronutrients.<\/span><\/li>\n<li><span style=\"color: #000000;\">Helps with normal fatty acid metabolism.<\/span><\/li>\n<li><span style=\"color: #000000;\">Contributes to normal carbohydrate metabolism, normal DNA and normal protein synthesis, and the normal metabolism of Vitamin A.<\/span><\/li>\n<li><span style=\"color: #000000;\">Plays a role in normal acid-base metabolism.<br \/>\n<\/span><\/li>\n<\/ul>\n<p><span style=\"color: #000000;\"><strong>Vitamin B6,<br \/>\n<\/strong><\/span><\/p>\n<ul>\n<li><span style=\"color: #000000;\">Contributes to the regulation of hormonal activity and to normal protein and glycogen metabolism.<\/span><\/li>\n<li><span style=\"color: #000000;\">Contributes to normal cysteine synthesis.<br \/>\n<\/span><\/li>\n<\/ul>\n<p><span style=\"color: #000000;\"><strong>Manganese and Zinc,<br \/>\n<\/strong><\/span><\/p>\n<ul>\n<li><span style=\"color: #000000;\">Helps protect cells from oxidative stress.<br \/>\n<\/span><\/li>\n<\/ul>\n<p><span style=\"color: #000000;\"><strong>Magnesium,<br \/>\n<\/strong><\/span><\/p>\n<ul>\n<li><span style=\"color: #000000;\">Contributes to electrolyte balance.<br \/>\n<\/span><\/li>\n<\/ul>\n<p><span style=\"color: #000000;\"><strong>Vitamin B1,<br \/>\n<\/strong><\/span><\/p>\n<ul>\n<li><span style=\"color: #000000;\">Contributes to the normal function of the heart.<br \/>\n<\/span><\/li>\n<\/ul>\n<p><span style=\"color: #000000;\">Vitamins B6 and B12,<br \/>\n<\/span><\/p>\n<ul>\n<li><span style=\"color: #000000;\">Contributes to normal homocysteine metabolism.<br \/>\n<\/span><\/li>\n<\/ul>\n<p><span style=\"color: #000000;\">Pantothenic Acid,<br \/>\n<\/span><\/p>\n<ul>\n<li><span style=\"color: #000000;\">Plays a role in the normal synthesis and metabolism of steroid hormones, Vitamin D, and some neurotransmitters.<\/span><\/li>\n<\/ul>\n<h2>How to Use<\/h2>\n<p><b>Recommended Daily Intake<\/b><\/p>\n<p>It is recommended for adults aged 11 and over to consume 1 tablet per day after meals.<\/p>\n<p><strong>Storage Conditions<\/strong><\/p>\n<p>Store at room temperature below 25\u00b0C, away from moisture and sunlight.<\/p>\n<h2>Warnings<\/h2>\n<ul>\n<li><strong>It is not a medicine.<\/strong><\/li>\n<li>It is not used for the prevention or treatment of diseases.<\/li>\n<li>Dietary supplements cannot replace a normal diet.<\/li>\n<li>Do not exceed the recommended daily serving size.<\/li>\n<li>Keep out of reach of children.<\/li>\n<li>Consult your doctor during pregnancy and breastfeeding, or if you are ill or taking medication.<\/li>\n<\/ul>\n<p><b>A balanced and varied diet is important for a healthy life.<\/b><\/p>\n","protected":false},"excerpt":{"rendered":"<p>Dietary Supplement Containing Magnesium, Zinc, and Vitamin D<\/p>\n","protected":false},"featured_media":31518,"template":"","meta":[],"product_cat":[121],"product_tag":[],"class_list":{"0":"post-31054","1":"product","2":"type-product","3":"status-publish","4":"has-post-thumbnail","6":"product_brand-argivit","7":"product_cat-exclusively-for-adults","9":"first","10":"instock","11":"shipping-taxable","12":"product-type-external"},"yoast_head":"<!-- This site is optimized with the Yoast SEO Premium plugin v27.0 (Yoast SEO v27.0) - https:\/\/yoast.com\/product\/yoast-seo-premium-wordpress\/ -->\n<title>Argivit Magnizinmore<\/title>\n<meta name=\"description\" content=\"Support your energy, muscle, and immune functions. Argivit Magnizinmore is a multivitamin supplement combining the power of Magnesium and Zinc.\" \/>\n<meta name=\"robots\" content=\"index, follow, max-snippet:-1, max-image-preview:large, max-video-preview:-1\" \/>\n<link rel=\"canonical\" href=\"https:\/\/www.argivit.com\/en\/product\/argivit-magnizinmore\/\" \/>\n<meta property=\"og:locale\" content=\"en_US\" \/>\n<meta property=\"og:type\" content=\"article\" \/>\n<meta property=\"og:title\" content=\"Argivit Magnizinmore\" \/>\n<meta property=\"og:description\" content=\"Support your energy, muscle, and immune functions. Argivit Magnizinmore is a multivitamin supplement combining the power of Magnesium and Zinc.\" \/>\n<meta property=\"og:url\" content=\"https:\/\/www.argivit.com\/en\/product\/argivit-magnizinmore\/\" \/>\n<meta property=\"og:site_name\" content=\"Argivit\" \/>\n<meta property=\"article:publisher\" content=\"https:\/\/www.facebook.com\/argivit\" \/>\n<meta property=\"article:modified_time\" content=\"2025-12-02T07:48:37+00:00\" \/>\n<meta property=\"og:image\" content=\"https:\/\/www.argivit.com\/wp-content\/uploads\/argivit-magnizinmore.webp\" \/>\n\t<meta property=\"og:image:width\" content=\"800\" \/>\n\t<meta property=\"og:image:height\" content=\"900\" \/>\n\t<meta property=\"og:image:type\" content=\"image\/webp\" \/>\n<meta name=\"twitter:card\" content=\"summary_large_image\" \/>\n<meta name=\"twitter:site\" content=\"@argivit\" \/>\n<script type=\"application\/ld+json\" class=\"yoast-schema-graph\">{\"@context\":\"https:\/\/schema.org\",\"@graph\":[{\"@type\":\"WebPage\",\"@id\":\"https:\/\/www.argivit.com\/en\/product\/argivit-magnizinmore\/\",\"url\":\"https:\/\/www.argivit.com\/en\/product\/argivit-magnizinmore\/\",\"name\":\"Argivit Magnizinmore\",\"isPartOf\":{\"@id\":\"https:\/\/www.argivit.com\/en\/#website\"},\"primaryImageOfPage\":{\"@id\":\"https:\/\/www.argivit.com\/en\/product\/argivit-magnizinmore\/#primaryimage\"},\"image\":{\"@id\":\"https:\/\/www.argivit.com\/en\/product\/argivit-magnizinmore\/#primaryimage\"},\"thumbnailUrl\":\"https:\/\/www.argivit.com\/wp-content\/uploads\/argivit-magnizinmore.webp\",\"datePublished\":\"2025-10-06T14:41:01+00:00\",\"dateModified\":\"2025-12-02T07:48:37+00:00\",\"description\":\"Support your energy, muscle, and immune functions. Argivit Magnizinmore is a multivitamin supplement combining the power of Magnesium and Zinc.\",\"breadcrumb\":{\"@id\":\"https:\/\/www.argivit.com\/en\/product\/argivit-magnizinmore\/#breadcrumb\"},\"inLanguage\":\"en-US\",\"potentialAction\":[{\"@type\":\"ReadAction\",\"target\":[\"https:\/\/www.argivit.com\/en\/product\/argivit-magnizinmore\/\"]}]},{\"@type\":\"ImageObject\",\"inLanguage\":\"en-US\",\"@id\":\"https:\/\/www.argivit.com\/en\/product\/argivit-magnizinmore\/#primaryimage\",\"url\":\"https:\/\/www.argivit.com\/wp-content\/uploads\/argivit-magnizinmore.webp\",\"contentUrl\":\"https:\/\/www.argivit.com\/wp-content\/uploads\/argivit-magnizinmore.webp\",\"width\":800,\"height\":900,\"caption\":\"Argivit Magnizinmore - Dietary Supplement Containing Magnesium, Zinc, and Vitamin D\"},{\"@type\":\"BreadcrumbList\",\"@id\":\"https:\/\/www.argivit.com\/en\/product\/argivit-magnizinmore\/#breadcrumb\",\"itemListElement\":[{\"@type\":\"ListItem\",\"position\":1,\"name\":\"Home\",\"item\":\"https:\/\/www.argivit.com\/en\/\"},{\"@type\":\"ListItem\",\"position\":2,\"name\":\"Products\",\"item\":\"https:\/\/www.argivit.com\/en\/products\/\"},{\"@type\":\"ListItem\",\"position\":3,\"name\":\"Argivit Magnizinmore\"}]},{\"@type\":\"WebSite\",\"@id\":\"https:\/\/www.argivit.com\/en\/#website\",\"url\":\"https:\/\/www.argivit.com\/en\/\",\"name\":\"Argivit\",\"description\":\"Keep Moving Forward\",\"publisher\":{\"@id\":\"https:\/\/www.argivit.com\/en\/#organization\"},\"potentialAction\":[{\"@type\":\"SearchAction\",\"target\":{\"@type\":\"EntryPoint\",\"urlTemplate\":\"https:\/\/www.argivit.com\/en\/?s={search_term_string}\"},\"query-input\":{\"@type\":\"PropertyValueSpecification\",\"valueRequired\":true,\"valueName\":\"search_term_string\"}}],\"inLanguage\":\"en-US\"},{\"@type\":\"Organization\",\"@id\":\"https:\/\/www.argivit.com\/en\/#organization\",\"name\":\"Argivit\",\"url\":\"https:\/\/www.argivit.com\/en\/\",\"logo\":{\"@type\":\"ImageObject\",\"inLanguage\":\"en-US\",\"@id\":\"https:\/\/www.argivit.com\/en\/#\/schema\/logo\/image\/\",\"url\":\"https:\/\/www.argivit.com\/wp-content\/uploads\/argivit-logo.webp\",\"contentUrl\":\"https:\/\/www.argivit.com\/wp-content\/uploads\/argivit-logo.webp\",\"width\":1200,\"height\":675,\"caption\":\"Argivit\"},\"image\":{\"@id\":\"https:\/\/www.argivit.com\/en\/#\/schema\/logo\/image\/\"},\"sameAs\":[\"https:\/\/www.facebook.com\/argivit\",\"https:\/\/x.com\/argivit\",\"https:\/\/www.instagram.com\/argivit\",\"https:\/\/www.linkedin.com\/company\/hekimilac\"],\"description\":\"Argivit olarak, Hekim \u0130la\u00e7 g\u00fcvencesiyle sa\u011fl\u0131kl\u0131 ve dengeli bir ya\u015fam s\u00fcrd\u00fcrmek isteyen herkes i\u00e7in bilimsel temellere dayal\u0131, g\u00fcvenilir ve etkili g\u0131da takviyeleri sunuyoruz. V\u00fccudun ihtiya\u00e7 duydu\u011fu vitamin, mineral ve besin desteklerini en y\u00fcksek kalite standartlar\u0131nda sizlere ula\u015ft\u0131r\u0131yoruz. \u00dcr\u00fcnlerimiz, \u00e7ocuklardan yeti\u015fkinlere kadar her ya\u015f grubunun gereksinimlerine uygun olarak form\u00fcle edilmi\u015ftir.\",\"email\":\"info@argivit.com\"}]}<\/script>\n<!-- \/ Yoast SEO Premium plugin. -->","yoast_head_json":{"title":"Argivit Magnizinmore","description":"Support your energy, muscle, and immune functions. Argivit Magnizinmore is a multivitamin supplement combining the power of Magnesium and Zinc.","robots":{"index":"index","follow":"follow","max-snippet":"max-snippet:-1","max-image-preview":"max-image-preview:large","max-video-preview":"max-video-preview:-1"},"canonical":"https:\/\/www.argivit.com\/en\/product\/argivit-magnizinmore\/","og_locale":"en_US","og_type":"article","og_title":"Argivit Magnizinmore","og_description":"Support your energy, muscle, and immune functions. Argivit Magnizinmore is a multivitamin supplement combining the power of Magnesium and Zinc.","og_url":"https:\/\/www.argivit.com\/en\/product\/argivit-magnizinmore\/","og_site_name":"Argivit","article_publisher":"https:\/\/www.facebook.com\/argivit","article_modified_time":"2025-12-02T07:48:37+00:00","og_image":[{"width":800,"height":900,"url":"https:\/\/www.argivit.com\/wp-content\/uploads\/argivit-magnizinmore.webp","type":"image\/webp"}],"twitter_card":"summary_large_image","twitter_site":"@argivit","schema":{"@context":"https:\/\/schema.org","@graph":[{"@type":"WebPage","@id":"https:\/\/www.argivit.com\/en\/product\/argivit-magnizinmore\/","url":"https:\/\/www.argivit.com\/en\/product\/argivit-magnizinmore\/","name":"Argivit Magnizinmore","isPartOf":{"@id":"https:\/\/www.argivit.com\/en\/#website"},"primaryImageOfPage":{"@id":"https:\/\/www.argivit.com\/en\/product\/argivit-magnizinmore\/#primaryimage"},"image":{"@id":"https:\/\/www.argivit.com\/en\/product\/argivit-magnizinmore\/#primaryimage"},"thumbnailUrl":"https:\/\/www.argivit.com\/wp-content\/uploads\/argivit-magnizinmore.webp","datePublished":"2025-10-06T14:41:01+00:00","dateModified":"2025-12-02T07:48:37+00:00","description":"Support your energy, muscle, and immune functions. Argivit Magnizinmore is a multivitamin supplement combining the power of Magnesium and Zinc.","breadcrumb":{"@id":"https:\/\/www.argivit.com\/en\/product\/argivit-magnizinmore\/#breadcrumb"},"inLanguage":"en-US","potentialAction":[{"@type":"ReadAction","target":["https:\/\/www.argivit.com\/en\/product\/argivit-magnizinmore\/"]}]},{"@type":"ImageObject","inLanguage":"en-US","@id":"https:\/\/www.argivit.com\/en\/product\/argivit-magnizinmore\/#primaryimage","url":"https:\/\/www.argivit.com\/wp-content\/uploads\/argivit-magnizinmore.webp","contentUrl":"https:\/\/www.argivit.com\/wp-content\/uploads\/argivit-magnizinmore.webp","width":800,"height":900,"caption":"Argivit Magnizinmore - Dietary Supplement Containing Magnesium, Zinc, and Vitamin D"},{"@type":"BreadcrumbList","@id":"https:\/\/www.argivit.com\/en\/product\/argivit-magnizinmore\/#breadcrumb","itemListElement":[{"@type":"ListItem","position":1,"name":"Home","item":"https:\/\/www.argivit.com\/en\/"},{"@type":"ListItem","position":2,"name":"Products","item":"https:\/\/www.argivit.com\/en\/products\/"},{"@type":"ListItem","position":3,"name":"Argivit Magnizinmore"}]},{"@type":"WebSite","@id":"https:\/\/www.argivit.com\/en\/#website","url":"https:\/\/www.argivit.com\/en\/","name":"Argivit","description":"Keep Moving Forward","publisher":{"@id":"https:\/\/www.argivit.com\/en\/#organization"},"potentialAction":[{"@type":"SearchAction","target":{"@type":"EntryPoint","urlTemplate":"https:\/\/www.argivit.com\/en\/?s={search_term_string}"},"query-input":{"@type":"PropertyValueSpecification","valueRequired":true,"valueName":"search_term_string"}}],"inLanguage":"en-US"},{"@type":"Organization","@id":"https:\/\/www.argivit.com\/en\/#organization","name":"Argivit","url":"https:\/\/www.argivit.com\/en\/","logo":{"@type":"ImageObject","inLanguage":"en-US","@id":"https:\/\/www.argivit.com\/en\/#\/schema\/logo\/image\/","url":"https:\/\/www.argivit.com\/wp-content\/uploads\/argivit-logo.webp","contentUrl":"https:\/\/www.argivit.com\/wp-content\/uploads\/argivit-logo.webp","width":1200,"height":675,"caption":"Argivit"},"image":{"@id":"https:\/\/www.argivit.com\/en\/#\/schema\/logo\/image\/"},"sameAs":["https:\/\/www.facebook.com\/argivit","https:\/\/x.com\/argivit","https:\/\/www.instagram.com\/argivit","https:\/\/www.linkedin.com\/company\/hekimilac"],"description":"Argivit olarak, Hekim \u0130la\u00e7 g\u00fcvencesiyle sa\u011fl\u0131kl\u0131 ve dengeli bir ya\u015fam s\u00fcrd\u00fcrmek isteyen herkes i\u00e7in bilimsel temellere dayal\u0131, g\u00fcvenilir ve etkili g\u0131da takviyeleri sunuyoruz. V\u00fccudun ihtiya\u00e7 duydu\u011fu vitamin, mineral ve besin desteklerini en y\u00fcksek kalite standartlar\u0131nda sizlere ula\u015ft\u0131r\u0131yoruz. \u00dcr\u00fcnlerimiz, \u00e7ocuklardan yeti\u015fkinlere kadar her ya\u015f grubunun gereksinimlerine uygun olarak form\u00fcle edilmi\u015ftir.","email":"info@argivit.com"}]}},"_links":{"self":[{"href":"https:\/\/www.argivit.com\/en\/wp-json\/wp\/v2\/product\/31054","targetHints":{"allow":["GET"]}}],"collection":[{"href":"https:\/\/www.argivit.com\/en\/wp-json\/wp\/v2\/product"}],"about":[{"href":"https:\/\/www.argivit.com\/en\/wp-json\/wp\/v2\/types\/product"}],"wp:featuredmedia":[{"embeddable":true,"href":"https:\/\/www.argivit.com\/en\/wp-json\/wp\/v2\/media\/31518"}],"wp:attachment":[{"href":"https:\/\/www.argivit.com\/en\/wp-json\/wp\/v2\/media?parent=31054"}],"wp:term":[{"taxonomy":"product_cat","embeddable":true,"href":"https:\/\/www.argivit.com\/en\/wp-json\/wp\/v2\/product_cat?post=31054"},{"taxonomy":"product_tag","embeddable":true,"href":"https:\/\/www.argivit.com\/en\/wp-json\/wp\/v2\/product_tag?post=31054"}],"curies":[{"name":"wp","href":"https:\/\/api.w.org\/{rel}","templated":true}]}}