{"id":31059,"date":"2025-10-06T17:41:01","date_gmt":"2025-10-06T14:41:01","guid":{"rendered":"http:\/\/argivit.hekimilac.com\/urun\/inferrin-kapsul\/"},"modified":"2025-12-02T10:58:25","modified_gmt":"2025-12-02T07:58:25","slug":"argivit-inferrin-capsule","status":"publish","type":"product","link":"https:\/\/www.argivit.com\/en\/product\/argivit-inferrin-capsule\/","title":{"rendered":"Argivit Inferrin Capsule"},"content":{"rendered":"<h2>What is Argivit Inferrin Capsule?<\/h2>\n<p>Argivit Inferrin Capsule is a special dietary supplement containing Lactoferrin, developed specifically for adults aged 11 and over. Its convenient capsule form makes it easy to take your daily supplement.<\/p>\n<h2>How to Use<\/h2>\n<p><b>Recommended Daily Intake<\/b><\/p>\n<p>It is recommended for adults aged 11 and over to consume 1 tablet per day after meals.<\/p>\n<p><strong>Storage Conditions<\/strong><\/p>\n<p>Store at room temperature below 25\u00b0C, away from moisture and sunlight.<\/p>\n<h2>Warnings<\/h2>\n<ul>\n<li><strong>It is not a medicine.<\/strong><\/li>\n<li>It is not used for the prevention or treatment of diseases.<\/li>\n<li>Dietary supplements cannot replace a normal diet.<\/li>\n<li>Do not exceed the recommended daily serving size.<\/li>\n<li>Keep out of reach of children.<\/li>\n<li>Consult your doctor during pregnancy and breastfeeding, or if you are ill or taking medication.<\/li>\n<\/ul>\n<p><b>A balanced and varied diet is important for a healthy life.<\/b><\/p>\n","protected":false},"excerpt":{"rendered":"<p>Dietary Supplement Containing Lactoferrin<\/p>\n<p><strong>Approval Number: <\/strong>015636-20.12.2022<\/p>\n","protected":false},"featured_media":31528,"template":"","meta":[],"product_cat":[122,117],"product_tag":[],"class_list":{"0":"post-31059","1":"product","2":"type-product","3":"status-publish","4":"has-post-thumbnail","6":"product_brand-argivit","7":"product_cat-digestive-support","8":"product_cat-immune-support","10":"first","11":"instock","12":"shipping-taxable","13":"product-type-external"},"yoast_head":"<!-- This site is optimized with the Yoast SEO Premium plugin v27.0 (Yoast SEO v27.0) - https:\/\/yoast.com\/product\/yoast-seo-premium-wordpress\/ -->\n<title>Argivit Inferrin Capsule<\/title>\n<meta name=\"description\" content=\"Argivit Inferrin Capsule is a capsule formula specially formulated for adults, containing Lactoferrin and offering practical use.\" \/>\n<meta name=\"robots\" content=\"index, follow, max-snippet:-1, max-image-preview:large, max-video-preview:-1\" \/>\n<link rel=\"canonical\" href=\"https:\/\/www.argivit.com\/en\/product\/argivit-inferrin-capsule\/\" \/>\n<meta property=\"og:locale\" content=\"en_US\" \/>\n<meta property=\"og:type\" content=\"article\" \/>\n<meta property=\"og:title\" content=\"Argivit Inferrin Capsule\" \/>\n<meta property=\"og:description\" content=\"Argivit Inferrin Capsule is a capsule formula specially formulated for adults, containing Lactoferrin and offering practical use.\" \/>\n<meta property=\"og:url\" content=\"https:\/\/www.argivit.com\/en\/product\/argivit-inferrin-capsule\/\" \/>\n<meta property=\"og:site_name\" content=\"Argivit\" \/>\n<meta property=\"article:publisher\" content=\"https:\/\/www.facebook.com\/argivit\" \/>\n<meta property=\"article:modified_time\" content=\"2025-12-02T07:58:25+00:00\" \/>\n<meta property=\"og:image\" content=\"https:\/\/www.argivit.com\/wp-content\/uploads\/argivit-inferrin-kapsul.webp\" \/>\n\t<meta property=\"og:image:width\" content=\"800\" \/>\n\t<meta property=\"og:image:height\" content=\"900\" \/>\n\t<meta property=\"og:image:type\" content=\"image\/webp\" \/>\n<meta name=\"twitter:card\" content=\"summary_large_image\" \/>\n<meta name=\"twitter:site\" content=\"@argivit\" \/>\n<script type=\"application\/ld+json\" class=\"yoast-schema-graph\">{\"@context\":\"https:\/\/schema.org\",\"@graph\":[{\"@type\":\"WebPage\",\"@id\":\"https:\/\/www.argivit.com\/en\/product\/argivit-inferrin-capsule\/\",\"url\":\"https:\/\/www.argivit.com\/en\/product\/argivit-inferrin-capsule\/\",\"name\":\"Argivit Inferrin Capsule\",\"isPartOf\":{\"@id\":\"https:\/\/www.argivit.com\/en\/#website\"},\"primaryImageOfPage\":{\"@id\":\"https:\/\/www.argivit.com\/en\/product\/argivit-inferrin-capsule\/#primaryimage\"},\"image\":{\"@id\":\"https:\/\/www.argivit.com\/en\/product\/argivit-inferrin-capsule\/#primaryimage\"},\"thumbnailUrl\":\"https:\/\/www.argivit.com\/wp-content\/uploads\/argivit-inferrin-kapsul.webp\",\"datePublished\":\"2025-10-06T14:41:01+00:00\",\"dateModified\":\"2025-12-02T07:58:25+00:00\",\"description\":\"Argivit Inferrin Capsule is a capsule formula specially formulated for adults, containing Lactoferrin and offering practical use.\",\"breadcrumb\":{\"@id\":\"https:\/\/www.argivit.com\/en\/product\/argivit-inferrin-capsule\/#breadcrumb\"},\"inLanguage\":\"en-US\",\"potentialAction\":[{\"@type\":\"ReadAction\",\"target\":[\"https:\/\/www.argivit.com\/en\/product\/argivit-inferrin-capsule\/\"]}]},{\"@type\":\"ImageObject\",\"inLanguage\":\"en-US\",\"@id\":\"https:\/\/www.argivit.com\/en\/product\/argivit-inferrin-capsule\/#primaryimage\",\"url\":\"https:\/\/www.argivit.com\/wp-content\/uploads\/argivit-inferrin-kapsul.webp\",\"contentUrl\":\"https:\/\/www.argivit.com\/wp-content\/uploads\/argivit-inferrin-kapsul.webp\",\"width\":800,\"height\":900,\"caption\":\"Argivit Inferrin Capsule - Dietary Supplement Containing Lactoferrin\"},{\"@type\":\"BreadcrumbList\",\"@id\":\"https:\/\/www.argivit.com\/en\/product\/argivit-inferrin-capsule\/#breadcrumb\",\"itemListElement\":[{\"@type\":\"ListItem\",\"position\":1,\"name\":\"Home\",\"item\":\"https:\/\/www.argivit.com\/en\/\"},{\"@type\":\"ListItem\",\"position\":2,\"name\":\"Products\",\"item\":\"https:\/\/www.argivit.com\/en\/products\/\"},{\"@type\":\"ListItem\",\"position\":3,\"name\":\"Argivit Inferrin Capsule\"}]},{\"@type\":\"WebSite\",\"@id\":\"https:\/\/www.argivit.com\/en\/#website\",\"url\":\"https:\/\/www.argivit.com\/en\/\",\"name\":\"Argivit\",\"description\":\"Keep Moving Forward\",\"publisher\":{\"@id\":\"https:\/\/www.argivit.com\/en\/#organization\"},\"potentialAction\":[{\"@type\":\"SearchAction\",\"target\":{\"@type\":\"EntryPoint\",\"urlTemplate\":\"https:\/\/www.argivit.com\/en\/?s={search_term_string}\"},\"query-input\":{\"@type\":\"PropertyValueSpecification\",\"valueRequired\":true,\"valueName\":\"search_term_string\"}}],\"inLanguage\":\"en-US\"},{\"@type\":\"Organization\",\"@id\":\"https:\/\/www.argivit.com\/en\/#organization\",\"name\":\"Argivit\",\"url\":\"https:\/\/www.argivit.com\/en\/\",\"logo\":{\"@type\":\"ImageObject\",\"inLanguage\":\"en-US\",\"@id\":\"https:\/\/www.argivit.com\/en\/#\/schema\/logo\/image\/\",\"url\":\"https:\/\/www.argivit.com\/wp-content\/uploads\/argivit-logo.webp\",\"contentUrl\":\"https:\/\/www.argivit.com\/wp-content\/uploads\/argivit-logo.webp\",\"width\":1200,\"height\":675,\"caption\":\"Argivit\"},\"image\":{\"@id\":\"https:\/\/www.argivit.com\/en\/#\/schema\/logo\/image\/\"},\"sameAs\":[\"https:\/\/www.facebook.com\/argivit\",\"https:\/\/x.com\/argivit\",\"https:\/\/www.instagram.com\/argivit\",\"https:\/\/www.linkedin.com\/company\/hekimilac\"],\"description\":\"Argivit olarak, Hekim \u0130la\u00e7 g\u00fcvencesiyle sa\u011fl\u0131kl\u0131 ve dengeli bir ya\u015fam s\u00fcrd\u00fcrmek isteyen herkes i\u00e7in bilimsel temellere dayal\u0131, g\u00fcvenilir ve etkili g\u0131da takviyeleri sunuyoruz. V\u00fccudun ihtiya\u00e7 duydu\u011fu vitamin, mineral ve besin desteklerini en y\u00fcksek kalite standartlar\u0131nda sizlere ula\u015ft\u0131r\u0131yoruz. \u00dcr\u00fcnlerimiz, \u00e7ocuklardan yeti\u015fkinlere kadar her ya\u015f grubunun gereksinimlerine uygun olarak form\u00fcle edilmi\u015ftir.\",\"email\":\"info@argivit.com\"}]}<\/script>\n<!-- \/ Yoast SEO Premium plugin. -->","yoast_head_json":{"title":"Argivit Inferrin Capsule","description":"Argivit Inferrin Capsule is a capsule formula specially formulated for adults, containing Lactoferrin and offering practical use.","robots":{"index":"index","follow":"follow","max-snippet":"max-snippet:-1","max-image-preview":"max-image-preview:large","max-video-preview":"max-video-preview:-1"},"canonical":"https:\/\/www.argivit.com\/en\/product\/argivit-inferrin-capsule\/","og_locale":"en_US","og_type":"article","og_title":"Argivit Inferrin Capsule","og_description":"Argivit Inferrin Capsule is a capsule formula specially formulated for adults, containing Lactoferrin and offering practical use.","og_url":"https:\/\/www.argivit.com\/en\/product\/argivit-inferrin-capsule\/","og_site_name":"Argivit","article_publisher":"https:\/\/www.facebook.com\/argivit","article_modified_time":"2025-12-02T07:58:25+00:00","og_image":[{"width":800,"height":900,"url":"https:\/\/www.argivit.com\/wp-content\/uploads\/argivit-inferrin-kapsul.webp","type":"image\/webp"}],"twitter_card":"summary_large_image","twitter_site":"@argivit","schema":{"@context":"https:\/\/schema.org","@graph":[{"@type":"WebPage","@id":"https:\/\/www.argivit.com\/en\/product\/argivit-inferrin-capsule\/","url":"https:\/\/www.argivit.com\/en\/product\/argivit-inferrin-capsule\/","name":"Argivit Inferrin Capsule","isPartOf":{"@id":"https:\/\/www.argivit.com\/en\/#website"},"primaryImageOfPage":{"@id":"https:\/\/www.argivit.com\/en\/product\/argivit-inferrin-capsule\/#primaryimage"},"image":{"@id":"https:\/\/www.argivit.com\/en\/product\/argivit-inferrin-capsule\/#primaryimage"},"thumbnailUrl":"https:\/\/www.argivit.com\/wp-content\/uploads\/argivit-inferrin-kapsul.webp","datePublished":"2025-10-06T14:41:01+00:00","dateModified":"2025-12-02T07:58:25+00:00","description":"Argivit Inferrin Capsule is a capsule formula specially formulated for adults, containing Lactoferrin and offering practical use.","breadcrumb":{"@id":"https:\/\/www.argivit.com\/en\/product\/argivit-inferrin-capsule\/#breadcrumb"},"inLanguage":"en-US","potentialAction":[{"@type":"ReadAction","target":["https:\/\/www.argivit.com\/en\/product\/argivit-inferrin-capsule\/"]}]},{"@type":"ImageObject","inLanguage":"en-US","@id":"https:\/\/www.argivit.com\/en\/product\/argivit-inferrin-capsule\/#primaryimage","url":"https:\/\/www.argivit.com\/wp-content\/uploads\/argivit-inferrin-kapsul.webp","contentUrl":"https:\/\/www.argivit.com\/wp-content\/uploads\/argivit-inferrin-kapsul.webp","width":800,"height":900,"caption":"Argivit Inferrin Capsule - Dietary Supplement Containing Lactoferrin"},{"@type":"BreadcrumbList","@id":"https:\/\/www.argivit.com\/en\/product\/argivit-inferrin-capsule\/#breadcrumb","itemListElement":[{"@type":"ListItem","position":1,"name":"Home","item":"https:\/\/www.argivit.com\/en\/"},{"@type":"ListItem","position":2,"name":"Products","item":"https:\/\/www.argivit.com\/en\/products\/"},{"@type":"ListItem","position":3,"name":"Argivit Inferrin Capsule"}]},{"@type":"WebSite","@id":"https:\/\/www.argivit.com\/en\/#website","url":"https:\/\/www.argivit.com\/en\/","name":"Argivit","description":"Keep Moving Forward","publisher":{"@id":"https:\/\/www.argivit.com\/en\/#organization"},"potentialAction":[{"@type":"SearchAction","target":{"@type":"EntryPoint","urlTemplate":"https:\/\/www.argivit.com\/en\/?s={search_term_string}"},"query-input":{"@type":"PropertyValueSpecification","valueRequired":true,"valueName":"search_term_string"}}],"inLanguage":"en-US"},{"@type":"Organization","@id":"https:\/\/www.argivit.com\/en\/#organization","name":"Argivit","url":"https:\/\/www.argivit.com\/en\/","logo":{"@type":"ImageObject","inLanguage":"en-US","@id":"https:\/\/www.argivit.com\/en\/#\/schema\/logo\/image\/","url":"https:\/\/www.argivit.com\/wp-content\/uploads\/argivit-logo.webp","contentUrl":"https:\/\/www.argivit.com\/wp-content\/uploads\/argivit-logo.webp","width":1200,"height":675,"caption":"Argivit"},"image":{"@id":"https:\/\/www.argivit.com\/en\/#\/schema\/logo\/image\/"},"sameAs":["https:\/\/www.facebook.com\/argivit","https:\/\/x.com\/argivit","https:\/\/www.instagram.com\/argivit","https:\/\/www.linkedin.com\/company\/hekimilac"],"description":"Argivit olarak, Hekim \u0130la\u00e7 g\u00fcvencesiyle sa\u011fl\u0131kl\u0131 ve dengeli bir ya\u015fam s\u00fcrd\u00fcrmek isteyen herkes i\u00e7in bilimsel temellere dayal\u0131, g\u00fcvenilir ve etkili g\u0131da takviyeleri sunuyoruz. V\u00fccudun ihtiya\u00e7 duydu\u011fu vitamin, mineral ve besin desteklerini en y\u00fcksek kalite standartlar\u0131nda sizlere ula\u015ft\u0131r\u0131yoruz. \u00dcr\u00fcnlerimiz, \u00e7ocuklardan yeti\u015fkinlere kadar her ya\u015f grubunun gereksinimlerine uygun olarak form\u00fcle edilmi\u015ftir.","email":"info@argivit.com"}]}},"_links":{"self":[{"href":"https:\/\/www.argivit.com\/en\/wp-json\/wp\/v2\/product\/31059","targetHints":{"allow":["GET"]}}],"collection":[{"href":"https:\/\/www.argivit.com\/en\/wp-json\/wp\/v2\/product"}],"about":[{"href":"https:\/\/www.argivit.com\/en\/wp-json\/wp\/v2\/types\/product"}],"wp:featuredmedia":[{"embeddable":true,"href":"https:\/\/www.argivit.com\/en\/wp-json\/wp\/v2\/media\/31528"}],"wp:attachment":[{"href":"https:\/\/www.argivit.com\/en\/wp-json\/wp\/v2\/media?parent=31059"}],"wp:term":[{"taxonomy":"product_cat","embeddable":true,"href":"https:\/\/www.argivit.com\/en\/wp-json\/wp\/v2\/product_cat?post=31059"},{"taxonomy":"product_tag","embeddable":true,"href":"https:\/\/www.argivit.com\/en\/wp-json\/wp\/v2\/product_tag?post=31059"}],"curies":[{"name":"wp","href":"https:\/\/api.w.org\/{rel}","templated":true}]}}