{"id":31063,"date":"2025-10-06T17:41:02","date_gmt":"2025-10-06T14:41:02","guid":{"rendered":"http:\/\/argivit.hekimilac.com\/urun\/master-fish-oil-classic\/"},"modified":"2025-12-02T10:46:48","modified_gmt":"2025-12-02T07:46:48","slug":"argivit-master-fish-oil-classic","status":"publish","type":"product","link":"https:\/\/www.argivit.com\/en\/product\/argivit-master-fish-oil-classic\/","title":{"rendered":"Argivit Master Fish Oil Classic"},"content":{"rendered":"<h2>What is Argivit Master Fish Oil Classic?<\/h2>\n<p>Are you looking for a reliable and easy-to-consume Omega-3 source to support the brain, eye, and heart health of your entire family? Argivit Master Fish Oil Classic is formulated to support the health of the whole family with its content of valuable Omega-3 fatty acids, DHA and EPA. Its delicious syrup form helps everyone from children to adults meet their daily Omega-3 requirement enjoyably. Its content includes:   <\/p>\n<p><b><span style=\"color: #000000;\">DHA,<br \/>\n<\/span><\/b><\/p>\n<ul>\n<li><span style=\"color: #000000;\">It contributes to the maintenance of normal brain function. The beneficial effect is obtained with a daily intake of 250 mg of DHA. <\/span><\/li>\n<li><span style=\"color: #000000;\">Contributes to the maintenance of normal vision. The beneficial effect is obtained with a daily intake of 250 mg of DHA.<\/span><\/li>\n<li><span style=\"color: #000000;\">The intake of docosahexaenoic acid (DHA) by the mother contributes to the normal brain development of the fetus and breastfed infants.<\/span><\/li>\n<li><span style=\"color: #000000;\">The beneficial effect in pregnant or breastfeeding women is obtained when 200 mg of DHA is taken in addition to the recommended daily intake of omega-3 fatty acids for adults (e.g., 250 mg of DHA and EPA).<\/span><\/li>\n<li><span style=\"color: #000000;\">The intake of docosahexaenoic acid (DHA) by the mother supports normal eye development in the fetus and breastfed infants.<\/span><\/li>\n<li><span style=\"color: #000000;\">The beneficial effect in pregnant or breastfeeding women is obtained when 200 mg of DHA is taken in addition to the recommended daily intake of omega-3 fatty acids for adults (e.g., 250 mg of DHA and EPA).<br \/>\n<\/span><b><\/b><\/li>\n<\/ul>\n<p><span style=\"color: #000000;\"><b>EPA ve DHA,<br \/>\n<\/b><\/span><\/p>\n<ul>\n<li><span style=\"color: #000000;\">Contributes to the normal function of the heart. The beneficial effect is obtained with a daily intake of 250 mg of EPA and DHA.<br \/>\n<\/span><b><\/b><\/li>\n<\/ul>\n<p><span style=\"color: #000000;\"><b>Vitamin E,<br \/>\n<\/b><\/span><\/p>\n<ul>\n<li><span style=\"color: #000000;\">Helps protect cells from oxidative stress. A balanced and varied diet is important for a healthy life.<\/span><\/li>\n<\/ul>\n<p>&nbsp;<\/p>\n<h2>How to Use<\/h2>\n<p><strong>Recommended Daily Intake<\/strong><\/p>\n<p>As a food supplement, it is recommended for children aged 4\u201310 years to consume 2.5 ml (half a measuring spoon) per day, and for adults aged 11 and over to consume 5 ml (1 measuring spoon) per day.<\/p>\n<p><strong>Storage Conditions<\/strong><\/p>\n<p>Store at room temperature below 25\u00b0C, away from moisture and sunlight.<\/p>\n<h2>Warnings<\/h2>\n<ul>\n<li><strong>It is not a medicine.<\/strong><\/li>\n<li>It is not used for the prevention or treatment of diseases.<\/li>\n<li>Dietary supplements cannot replace a normal diet.<\/li>\n<li>Do not exceed the recommended daily serving size.<\/li>\n<li>Keep out of reach of children.<\/li>\n<li>Consult your doctor during pregnancy and breastfeeding, or if you are ill or taking medication.<\/li>\n<\/ul>\n<p><b>Allergen Information:<\/b> Contains fish products.<\/p>\n<p><b>A balanced and varied diet is important for a healthy life.<\/b><\/p>\n","protected":false},"excerpt":{"rendered":"<p>Liquid Dietary Supplement with High EPA and DHA Content<\/p>\n","protected":false},"featured_media":31534,"template":"","meta":[],"product_cat":[120],"product_tag":[],"class_list":{"0":"post-31063","1":"product","2":"type-product","3":"status-publish","4":"has-post-thumbnail","6":"product_brand-argivit","7":"product_cat-omega-3-and-fish-oils","9":"first","10":"instock","11":"shipping-taxable","12":"product-type-external"},"yoast_head":"<!-- This site is optimized with the Yoast SEO Premium plugin v27.0 (Yoast SEO v27.0) - https:\/\/yoast.com\/product\/yoast-seo-premium-wordpress\/ -->\n<title>Argivit Master Fish Oil Classic<\/title>\n<meta name=\"description\" content=\"Omega-3 support for the entire family. Argivit Master Fish Oil Classic, with its DHA and EPA content, contributes to the maintenance of normal brain and heart functions.\" \/>\n<meta name=\"robots\" content=\"index, follow, max-snippet:-1, max-image-preview:large, max-video-preview:-1\" \/>\n<link rel=\"canonical\" href=\"https:\/\/www.argivit.com\/en\/product\/argivit-master-fish-oil-classic\/\" \/>\n<meta property=\"og:locale\" content=\"en_US\" \/>\n<meta property=\"og:type\" content=\"article\" \/>\n<meta property=\"og:title\" content=\"Argivit Master Fish Oil Classic\" \/>\n<meta property=\"og:description\" content=\"Omega-3 support for the entire family. Argivit Master Fish Oil Classic, with its DHA and EPA content, contributes to the maintenance of normal brain and heart functions.\" \/>\n<meta property=\"og:url\" content=\"https:\/\/www.argivit.com\/en\/product\/argivit-master-fish-oil-classic\/\" \/>\n<meta property=\"og:site_name\" content=\"Argivit\" \/>\n<meta property=\"article:publisher\" content=\"https:\/\/www.facebook.com\/argivit\" \/>\n<meta property=\"article:modified_time\" content=\"2025-12-02T07:46:48+00:00\" \/>\n<meta property=\"og:image\" content=\"https:\/\/www.argivit.com\/wp-content\/uploads\/argivit-master-fish-oil-classic.webp\" \/>\n\t<meta property=\"og:image:width\" content=\"800\" \/>\n\t<meta property=\"og:image:height\" content=\"900\" \/>\n\t<meta property=\"og:image:type\" content=\"image\/webp\" \/>\n<meta name=\"twitter:card\" content=\"summary_large_image\" \/>\n<meta name=\"twitter:site\" content=\"@argivit\" \/>\n<script type=\"application\/ld+json\" class=\"yoast-schema-graph\">{\"@context\":\"https:\/\/schema.org\",\"@graph\":[{\"@type\":\"WebPage\",\"@id\":\"https:\/\/www.argivit.com\/en\/product\/argivit-master-fish-oil-classic\/\",\"url\":\"https:\/\/www.argivit.com\/en\/product\/argivit-master-fish-oil-classic\/\",\"name\":\"Argivit Master Fish Oil Classic\",\"isPartOf\":{\"@id\":\"https:\/\/www.argivit.com\/en\/#website\"},\"primaryImageOfPage\":{\"@id\":\"https:\/\/www.argivit.com\/en\/product\/argivit-master-fish-oil-classic\/#primaryimage\"},\"image\":{\"@id\":\"https:\/\/www.argivit.com\/en\/product\/argivit-master-fish-oil-classic\/#primaryimage\"},\"thumbnailUrl\":\"https:\/\/www.argivit.com\/wp-content\/uploads\/argivit-master-fish-oil-classic.webp\",\"datePublished\":\"2025-10-06T14:41:02+00:00\",\"dateModified\":\"2025-12-02T07:46:48+00:00\",\"description\":\"Omega-3 support for the entire family. Argivit Master Fish Oil Classic, with its DHA and EPA content, contributes to the maintenance of normal brain and heart functions.\",\"breadcrumb\":{\"@id\":\"https:\/\/www.argivit.com\/en\/product\/argivit-master-fish-oil-classic\/#breadcrumb\"},\"inLanguage\":\"en-US\",\"potentialAction\":[{\"@type\":\"ReadAction\",\"target\":[\"https:\/\/www.argivit.com\/en\/product\/argivit-master-fish-oil-classic\/\"]}]},{\"@type\":\"ImageObject\",\"inLanguage\":\"en-US\",\"@id\":\"https:\/\/www.argivit.com\/en\/product\/argivit-master-fish-oil-classic\/#primaryimage\",\"url\":\"https:\/\/www.argivit.com\/wp-content\/uploads\/argivit-master-fish-oil-classic.webp\",\"contentUrl\":\"https:\/\/www.argivit.com\/wp-content\/uploads\/argivit-master-fish-oil-classic.webp\",\"width\":800,\"height\":900,\"caption\":\"Argivit Master Fish Oil Classic - Liquid Dietary Supplement with High EPA and DHA Content\"},{\"@type\":\"BreadcrumbList\",\"@id\":\"https:\/\/www.argivit.com\/en\/product\/argivit-master-fish-oil-classic\/#breadcrumb\",\"itemListElement\":[{\"@type\":\"ListItem\",\"position\":1,\"name\":\"Home\",\"item\":\"https:\/\/www.argivit.com\/en\/\"},{\"@type\":\"ListItem\",\"position\":2,\"name\":\"Products\",\"item\":\"https:\/\/www.argivit.com\/en\/products\/\"},{\"@type\":\"ListItem\",\"position\":3,\"name\":\"Argivit Master Fish Oil Classic\"}]},{\"@type\":\"WebSite\",\"@id\":\"https:\/\/www.argivit.com\/en\/#website\",\"url\":\"https:\/\/www.argivit.com\/en\/\",\"name\":\"Argivit\",\"description\":\"Keep Moving Forward\",\"publisher\":{\"@id\":\"https:\/\/www.argivit.com\/en\/#organization\"},\"potentialAction\":[{\"@type\":\"SearchAction\",\"target\":{\"@type\":\"EntryPoint\",\"urlTemplate\":\"https:\/\/www.argivit.com\/en\/?s={search_term_string}\"},\"query-input\":{\"@type\":\"PropertyValueSpecification\",\"valueRequired\":true,\"valueName\":\"search_term_string\"}}],\"inLanguage\":\"en-US\"},{\"@type\":\"Organization\",\"@id\":\"https:\/\/www.argivit.com\/en\/#organization\",\"name\":\"Argivit\",\"url\":\"https:\/\/www.argivit.com\/en\/\",\"logo\":{\"@type\":\"ImageObject\",\"inLanguage\":\"en-US\",\"@id\":\"https:\/\/www.argivit.com\/en\/#\/schema\/logo\/image\/\",\"url\":\"https:\/\/www.argivit.com\/wp-content\/uploads\/argivit-logo.webp\",\"contentUrl\":\"https:\/\/www.argivit.com\/wp-content\/uploads\/argivit-logo.webp\",\"width\":1200,\"height\":675,\"caption\":\"Argivit\"},\"image\":{\"@id\":\"https:\/\/www.argivit.com\/en\/#\/schema\/logo\/image\/\"},\"sameAs\":[\"https:\/\/www.facebook.com\/argivit\",\"https:\/\/x.com\/argivit\",\"https:\/\/www.instagram.com\/argivit\",\"https:\/\/www.linkedin.com\/company\/hekimilac\"],\"description\":\"Argivit olarak, Hekim \u0130la\u00e7 g\u00fcvencesiyle sa\u011fl\u0131kl\u0131 ve dengeli bir ya\u015fam s\u00fcrd\u00fcrmek isteyen herkes i\u00e7in bilimsel temellere dayal\u0131, g\u00fcvenilir ve etkili g\u0131da takviyeleri sunuyoruz. V\u00fccudun ihtiya\u00e7 duydu\u011fu vitamin, mineral ve besin desteklerini en y\u00fcksek kalite standartlar\u0131nda sizlere ula\u015ft\u0131r\u0131yoruz. \u00dcr\u00fcnlerimiz, \u00e7ocuklardan yeti\u015fkinlere kadar her ya\u015f grubunun gereksinimlerine uygun olarak form\u00fcle edilmi\u015ftir.\",\"email\":\"info@argivit.com\"}]}<\/script>\n<!-- \/ Yoast SEO Premium plugin. -->","yoast_head_json":{"title":"Argivit Master Fish Oil Classic","description":"Omega-3 support for the entire family. Argivit Master Fish Oil Classic, with its DHA and EPA content, contributes to the maintenance of normal brain and heart functions.","robots":{"index":"index","follow":"follow","max-snippet":"max-snippet:-1","max-image-preview":"max-image-preview:large","max-video-preview":"max-video-preview:-1"},"canonical":"https:\/\/www.argivit.com\/en\/product\/argivit-master-fish-oil-classic\/","og_locale":"en_US","og_type":"article","og_title":"Argivit Master Fish Oil Classic","og_description":"Omega-3 support for the entire family. Argivit Master Fish Oil Classic, with its DHA and EPA content, contributes to the maintenance of normal brain and heart functions.","og_url":"https:\/\/www.argivit.com\/en\/product\/argivit-master-fish-oil-classic\/","og_site_name":"Argivit","article_publisher":"https:\/\/www.facebook.com\/argivit","article_modified_time":"2025-12-02T07:46:48+00:00","og_image":[{"width":800,"height":900,"url":"https:\/\/www.argivit.com\/wp-content\/uploads\/argivit-master-fish-oil-classic.webp","type":"image\/webp"}],"twitter_card":"summary_large_image","twitter_site":"@argivit","schema":{"@context":"https:\/\/schema.org","@graph":[{"@type":"WebPage","@id":"https:\/\/www.argivit.com\/en\/product\/argivit-master-fish-oil-classic\/","url":"https:\/\/www.argivit.com\/en\/product\/argivit-master-fish-oil-classic\/","name":"Argivit Master Fish Oil Classic","isPartOf":{"@id":"https:\/\/www.argivit.com\/en\/#website"},"primaryImageOfPage":{"@id":"https:\/\/www.argivit.com\/en\/product\/argivit-master-fish-oil-classic\/#primaryimage"},"image":{"@id":"https:\/\/www.argivit.com\/en\/product\/argivit-master-fish-oil-classic\/#primaryimage"},"thumbnailUrl":"https:\/\/www.argivit.com\/wp-content\/uploads\/argivit-master-fish-oil-classic.webp","datePublished":"2025-10-06T14:41:02+00:00","dateModified":"2025-12-02T07:46:48+00:00","description":"Omega-3 support for the entire family. Argivit Master Fish Oil Classic, with its DHA and EPA content, contributes to the maintenance of normal brain and heart functions.","breadcrumb":{"@id":"https:\/\/www.argivit.com\/en\/product\/argivit-master-fish-oil-classic\/#breadcrumb"},"inLanguage":"en-US","potentialAction":[{"@type":"ReadAction","target":["https:\/\/www.argivit.com\/en\/product\/argivit-master-fish-oil-classic\/"]}]},{"@type":"ImageObject","inLanguage":"en-US","@id":"https:\/\/www.argivit.com\/en\/product\/argivit-master-fish-oil-classic\/#primaryimage","url":"https:\/\/www.argivit.com\/wp-content\/uploads\/argivit-master-fish-oil-classic.webp","contentUrl":"https:\/\/www.argivit.com\/wp-content\/uploads\/argivit-master-fish-oil-classic.webp","width":800,"height":900,"caption":"Argivit Master Fish Oil Classic - Liquid Dietary Supplement with High EPA and DHA Content"},{"@type":"BreadcrumbList","@id":"https:\/\/www.argivit.com\/en\/product\/argivit-master-fish-oil-classic\/#breadcrumb","itemListElement":[{"@type":"ListItem","position":1,"name":"Home","item":"https:\/\/www.argivit.com\/en\/"},{"@type":"ListItem","position":2,"name":"Products","item":"https:\/\/www.argivit.com\/en\/products\/"},{"@type":"ListItem","position":3,"name":"Argivit Master Fish Oil Classic"}]},{"@type":"WebSite","@id":"https:\/\/www.argivit.com\/en\/#website","url":"https:\/\/www.argivit.com\/en\/","name":"Argivit","description":"Keep Moving Forward","publisher":{"@id":"https:\/\/www.argivit.com\/en\/#organization"},"potentialAction":[{"@type":"SearchAction","target":{"@type":"EntryPoint","urlTemplate":"https:\/\/www.argivit.com\/en\/?s={search_term_string}"},"query-input":{"@type":"PropertyValueSpecification","valueRequired":true,"valueName":"search_term_string"}}],"inLanguage":"en-US"},{"@type":"Organization","@id":"https:\/\/www.argivit.com\/en\/#organization","name":"Argivit","url":"https:\/\/www.argivit.com\/en\/","logo":{"@type":"ImageObject","inLanguage":"en-US","@id":"https:\/\/www.argivit.com\/en\/#\/schema\/logo\/image\/","url":"https:\/\/www.argivit.com\/wp-content\/uploads\/argivit-logo.webp","contentUrl":"https:\/\/www.argivit.com\/wp-content\/uploads\/argivit-logo.webp","width":1200,"height":675,"caption":"Argivit"},"image":{"@id":"https:\/\/www.argivit.com\/en\/#\/schema\/logo\/image\/"},"sameAs":["https:\/\/www.facebook.com\/argivit","https:\/\/x.com\/argivit","https:\/\/www.instagram.com\/argivit","https:\/\/www.linkedin.com\/company\/hekimilac"],"description":"Argivit olarak, Hekim \u0130la\u00e7 g\u00fcvencesiyle sa\u011fl\u0131kl\u0131 ve dengeli bir ya\u015fam s\u00fcrd\u00fcrmek isteyen herkes i\u00e7in bilimsel temellere dayal\u0131, g\u00fcvenilir ve etkili g\u0131da takviyeleri sunuyoruz. V\u00fccudun ihtiya\u00e7 duydu\u011fu vitamin, mineral ve besin desteklerini en y\u00fcksek kalite standartlar\u0131nda sizlere ula\u015ft\u0131r\u0131yoruz. \u00dcr\u00fcnlerimiz, \u00e7ocuklardan yeti\u015fkinlere kadar her ya\u015f grubunun gereksinimlerine uygun olarak form\u00fcle edilmi\u015ftir.","email":"info@argivit.com"}]}},"_links":{"self":[{"href":"https:\/\/www.argivit.com\/en\/wp-json\/wp\/v2\/product\/31063","targetHints":{"allow":["GET"]}}],"collection":[{"href":"https:\/\/www.argivit.com\/en\/wp-json\/wp\/v2\/product"}],"about":[{"href":"https:\/\/www.argivit.com\/en\/wp-json\/wp\/v2\/types\/product"}],"wp:featuredmedia":[{"embeddable":true,"href":"https:\/\/www.argivit.com\/en\/wp-json\/wp\/v2\/media\/31534"}],"wp:attachment":[{"href":"https:\/\/www.argivit.com\/en\/wp-json\/wp\/v2\/media?parent=31063"}],"wp:term":[{"taxonomy":"product_cat","embeddable":true,"href":"https:\/\/www.argivit.com\/en\/wp-json\/wp\/v2\/product_cat?post=31063"},{"taxonomy":"product_tag","embeddable":true,"href":"https:\/\/www.argivit.com\/en\/wp-json\/wp\/v2\/product_tag?post=31063"}],"curies":[{"name":"wp","href":"https:\/\/api.w.org\/{rel}","templated":true}]}}